{"id":89,"date":"2015-01-02T19:38:42","date_gmt":"2015-01-02T19:38:42","guid":{"rendered":"http:\/\/www.seele-und-sorge.de\/?page_id=89"},"modified":"2023-03-13T18:01:59","modified_gmt":"2023-03-13T17:01:59","slug":"biografie","status":"publish","type":"page","link":"https:\/\/www.seele-und-sorge.de\/?page_id=89","title":{"rendered":"Biografie"},"content":{"rendered":"<h2 class=\"p1\"><strong>Cornelia Coenen-Marx, Pastorin und Autorin, OKR a. D.<\/strong><\/h2>\n<p class=\"p1\"><strong>Geboren 1952<br \/>\n<\/strong>Studium der Ev. Theologie und Germanistik in Wuppertal, Bonn und K\u00f6ln<br \/>\n<span style=\"line-height: 1.5;\">Verheiratet mit Michael Marx<\/span><\/p>\n<h3 class=\"p2\"><strong><span style=\"color: #db882e;\">Berufliche Stationen<\/span><\/strong><\/h3>\n<p><strong>Seit 2015 Gesch\u00e4ftsf\u00fchrerin der Agentur \u201eSeele und Sorge \u2013 Impulse, Workshops, Beratung.<\/strong><\/p>\n<p><strong>2007 bis 2015<\/strong><br \/>\nLeiterin des Referats Sozial- und Gesellschaftspolitik sowie Verbindung Kirche und Diakonie im Kirchenamt der EKD<\/p>\n<p><strong>2004 bis 2007<\/strong><br \/>\nNahostreferentin und Leiterin der \u00dcberseeabteilung im Kirchenamt der EKD<\/p>\n<p><strong>1998 bis 2004<\/strong><br \/>\nTheologischer Vorstand der Kaiserswerther Diakonie und Vorsteherin der Kaiserswerther Schwesternschaft<\/p>\n<p><strong>1993 bis 1998<\/strong><br \/>\nLandeskirchenr\u00e4tin der Evangelischen Kirche im Rheinland, verantwortlich u. a. f\u00fcr Kinder- und Jugendarbeit, \u00d6ffentliche Verantwortung, \u00d6ffentlichkeitsarbeit und Publizistik<\/p>\n<p><strong>1990 bis 1993<\/strong><br \/>\nLeiterin der Abteilung Sozialwesen im Diakonischen Werk der Evangelischen Kirche im Rheinland<\/p>\n<p><strong>1977 bis 1990<\/strong><br \/>\nVikariat und Pfarramt in M\u00f6nchengladbach<\/p>\n<p><strong>1971 \u2013 1977<\/strong><br \/>\nStudium der Ev. Theologie und Germanistik in Wuppertal, Bonn und K\u00f6ln<\/p>\n<h3 class=\"p1\"><span style=\"color: #db882e;\"><strong>Publizistische Schwerpunkte (siehe dazu auch Publikationsliste)<\/strong><br \/>\n<\/span><\/h3>\n<p>Seit 1988 Verk\u00fcndigungssendungen im WDR, SR und DLF<\/p>\n<p>Seit 1990 Mitarbeit bei den Publikationsreihen \u201eGottesdienstpraxis\u201c und \u201ePredigtstudien\u201c<\/p>\n<p>Artikel in praktisch-theologischen und sozialwissenschaftlichen Sammelb\u00e4nden, Lexika und Fachzeitschriften<\/p>\n<h3 class=\"p1\"><strong><span style=\"color: #db882e;\">Eigene B\u00fccher \/ Herausgeberschaften:<\/span><\/strong><\/h3>\n<p>\u201eDie Neuentdeckung der Gemeinschaft- Chancen und Herausforderungen in Kirche, Quartier und Pflege\u201c, G\u00f6ttingen, 2021<\/p>\n<p><strong>\u201e<\/strong>Die Seele des Sozialen\u201c, G\u00f6ttingen, 2. Auflage 2014<\/p>\n<p>\u201eAufbr\u00fcche in Umbr\u00fcchen, Christsein und Kirche in der Transformation\u201c, G\u00f6ttingen 2016<\/p>\n<p>Mit Beate Hofmann: \u201eSymphonie, Drama, Powerplay. Haupt- und Ehrenamt in der Kirche\u201c, Stuttgart 2017<\/p>\n<p>\u201eNoch einmal ist alles offen \u2013 Das Geschenk des \u00c4lterwerdens\u201c, M\u00fcnchen 2017<\/p>\n<h3 class=\"p1\"><strong><span style=\"color: #db882e;\">Funktionen und Gremien<\/span><\/strong><\/h3>\n<p><span style=\"color: #db882e;\"><strong> 1. Diakonie, Freie Wohlfahrtspflege, Sozialethik<\/strong><\/span><\/p>\n<p><strong>2009 bis 2019<\/strong><br \/>\nKuratorium Pfeiffersche Stiftungen Magdeburg,<br \/>\nStellv. Vorsitzende Verwaltungsrat Diakonieverein Zehlendorf, <a href=\"https:\/\/www.diakonieverein.de\/\" target=\"_blank\" rel=\"noopener noreferrer\">www.diakonieverein.de<\/a><\/p>\n<p><strong>2002 bis 2004<\/strong><br \/>\nKoordinierungsausschuss Bundesnetzwerk B\u00fcrgerschaftliches Engagement<\/p>\n<p>Gesch\u00e4ftsf\u00fchrerin der Kammer f\u00fcr Soziale Ordnung der EKD<\/p>\n<p>Gesch\u00e4ftsf\u00fchrerin des Arbeitsplatzsiegels \u201eArbeit plus<\/p>\n<p>Gesch\u00e4ftsf\u00fchrerin des Synodalausschusses Kirche \u2013 Gesellschaft \u2013 Staat der EKD und des Ausschusses Kirche \u2013 Gesellschaft \u2013 Staat der EKD-Synode<\/p>\n<p>Beratendes Mitglied des Vorstands des Sozialwissenschaftlichen Instituts (SI) der EKD, des Pr\u00e4sidiums der Evangelischen Arbeitsgemeinschaft Familie (EAF) und des Verbandes Kirche \u2013Wirtschaft \u2013 Arbeitswelt<\/p>\n<p>Mitarbeit in der Hauptjury des Innovatio-Sozialpreises<\/p>\n<p><strong>2001 bis 2004<br \/>\n<\/strong>Mitglied des Diakonischen Rates der EKD<\/p>\n<p><strong>1999 bis 2003<\/strong><br \/>\nStellv. Vorsitzende der EKD-Kammer f\u00fcr Soziale Ordnung<\/p>\n<p><strong>1998 bis 2007<\/strong><br \/>\nMitglied des Theologischen Ausschusses der Diakonischen Konferenz<\/p>\n<p><strong>1990 bis 1993<\/strong><br \/>\nMitglied in den Kuratorien der Stiftung Hephata, der Graf-Recke-Stiftung, D\u00fcsseldorf, der Stiftung Tannenhof, Remscheid<\/p>\n<p>Mitglied der Mitgliederversammlung der Landesarbeitsgemeinschaft (LAG) Freie Wohlfahrtspflege NRW und Ausschussvorsitzende bzw. Mitglied verschiedener Fachaussch\u00fcsse der LAG<\/p>\n<p>Vorsitzende der Landesarbeitsgemeinschaft (LAG) Suchtvorbeugung NRW<\/p>\n<p><span style=\"color: #db882e;\"><strong>2. \u00d6kumene und Internationales<br \/>\n<\/strong><\/span><\/p>\n<p><strong>2004 bis 2007<\/strong><br \/>\nMitglied des Theologischen Ausschusses des Evangelischen Missionswerks (EMW)<\/p>\n<p>Mitglied der Arbeitsgemeinschaft \u00d6kumenische Diakonie<\/p>\n<p><strong>1998 bis 2007<\/strong><br \/>\nVorstand des Jerusalemvereins im Berliner Missionswerk<\/p>\n<p><strong>1987 bis 1988<\/strong><br \/>\nTeilnahme an internationalen Tagungen des \u00d6kumenischen Rates der Kirchen (\u00d6RK) zu \u201eFaith and Order\u201c<\/p>\n<p class=\"p1\"><strong><span style=\"color: #db882e;\"> 3. Publizistik, Medien, \u00d6ffentlichkeitsarbeit und Deutscher Evangelischer Kirchentag<br \/>\n<\/span><\/strong><\/p>\n<p><strong>derzeit: <\/strong>Kuratorium Predigtpreis<\/p>\n<p><strong>Seit 1985<br \/>\n<\/strong>Engagement f\u00fcr den Deutschen Evangelischen Kirchentag (Beteiligung am Markt der M\u00f6glichkeiten, Moderationen, Vortr\u00e4ge und Podien)<strong>\u00a0<\/strong><\/p>\n<p><strong>1999 bis 2005<br \/>\n<\/strong>Gr\u00fcndungsmitherausgeberin von \u201eChrismon\u201c<\/p>\n<p><strong>1993 bis 1998<br \/>\n<\/strong>Vorstandsmitglied des Gemeinschaftswerks der Evangelischen Publizistik (gep), des Evangelischen Pressedienstes (epd) und der \u201eEvangelischen Kommentare\u201c (heute \u201eZeitzeichen\u201c)<strong>\u00a0<\/strong><\/p>\n<p>Mitglied im WDR-Rundfunkrat<\/p>\n<hr \/>\n<p class=\"p1\"><strong><span style=\"color: #db882e;\">Kurzvita zum download<\/span><br \/>\n<\/strong><\/p>\n<p class=\"p1\"><a href=\"http:\/\/www.seele-und-sorge.de\/wp-content\/uploads\/2015\/01\/Kurzvita_Cornelia_Coenen-Marx-1.pdf\" target=\"_blank\" rel=\"noopener noreferrer\">Kurzvita_Cornelia_Coenen-Marx<\/a><\/p>\n<p class=\"p1\"><strong><span style=\"color: #db882e;\">Langvita zum download<\/span><\/strong><\/p>\n<p class=\"p1\"><a href=\"https:\/\/www.seele-und-sorge.de\/wp-content\/uploads\/2023\/03\/Biografie_Cornelia_Coenen-Marx_2023.pdf\" target=\"_blank\" rel=\"noopener noreferrer\">Vita_Cornelia_Coenen-Marx<\/a><\/p>\n<p class=\"p1\"><strong><span style=\"color: #db882e;\">Biografie:\u00a0Berufliche Stationen, Erfahrungen, Themen zum download<\/span><\/strong><\/p>\n<p class=\"p1\"><a href=\"http:\/\/www.seele-und-sorge.de\/wp-content\/uploads\/2015\/01\/Biografie_Cornelia_Coenen-Marx_2018_02.pdf\" target=\"_blank\" rel=\"noopener noreferrer\">Biografie_Cornelia_Coenen-Marx_2018<\/a><\/p>\n","protected":false},"excerpt":{"rendered":"<p>Cornelia Coenen-Marx, Pastorin und Autorin, OKR a. D. Geboren 1952 Studium der Ev. Theologie und Germanistik in Wuppertal, Bonn und&#8230; <a href=\"https:\/\/www.seele-und-sorge.de\/?page_id=89\">read more<\/a><\/p>\n","protected":false},"author":1,"featured_media":0,"parent":38,"menu_order":1,"comment_status":"closed","ping_status":"closed","template":"","meta":{"footnotes":""},"class_list":["post-89","page","type-page","status-publish","hentry"],"_links":{"self":[{"href":"https:\/\/www.seele-und-sorge.de\/index.php?rest_route=\/wp\/v2\/pages\/89"}],"collection":[{"href":"https:\/\/www.seele-und-sorge.de\/index.php?rest_route=\/wp\/v2\/pages"}],"about":[{"href":"https:\/\/www.seele-und-sorge.de\/index.php?rest_route=\/wp\/v2\/types\/page"}],"author":[{"embeddable":true,"href":"https:\/\/www.seele-und-sorge.de\/index.php?rest_route=\/wp\/v2\/users\/1"}],"replies":[{"embeddable":true,"href":"https:\/\/www.seele-und-sorge.de\/index.php?rest_route=%2Fwp%2Fv2%2Fcomments&post=89"}],"version-history":[{"count":47,"href":"https:\/\/www.seele-und-sorge.de\/index.php?rest_route=\/wp\/v2\/pages\/89\/revisions"}],"predecessor-version":[{"id":7199,"href":"https:\/\/www.seele-und-sorge.de\/index.php?rest_route=\/wp\/v2\/pages\/89\/revisions\/7199"}],"up":[{"embeddable":true,"href":"https:\/\/www.seele-und-sorge.de\/index.php?rest_route=\/wp\/v2\/pages\/38"}],"wp:attachment":[{"href":"https:\/\/www.seele-und-sorge.de\/index.php?rest_route=%2Fwp%2Fv2%2Fmedia&parent=89"}],"curies":[{"name":"wp","href":"https:\/\/api.w.org\/{rel}","templated":true}]}}