{"id":793,"date":"2015-05-12T20:25:04","date_gmt":"2015-05-12T20:25:04","guid":{"rendered":"http:\/\/www.seele-und-sorge.de\/?page_id=793"},"modified":"2016-02-04T19:51:12","modified_gmt":"2016-02-04T19:51:12","slug":"sterbehilfe-debatte-die-aengste-der-deutschen","status":"publish","type":"page","link":"https:\/\/www.seele-und-sorge.de\/?page_id=793","title":{"rendered":"Sterbehilfe-Debatte: Die \u00c4ngste der Deutschen"},"content":{"rendered":"<p class=\"p1\">Die Legalisierung von \u00e4rztlich assistiertem Suizid setzt Menschen unter Druck, ihr Leben vorzeitig zu beenden. Diese Bef\u00fcrchtung teilen laut einer am Dienstag in Hannover vorgestellten Studie des Sozialwissenschaftlichen Instituts (SI) der Evangelischen Kirche in Deutschland (EKD) sowohl Gegner als auch Bef\u00fcrworter der Beihilfe zur Selbstt\u00f6tung. Demnach erwartet eine deutliche Mehrheit der Deutschen (60,8 Prozent), dass die Zahl der Menschen, die ihr Leben vorzeitig beenden wollen, um nicht zur Belastung f\u00fcr die Familie zu werden, durch eine Legalisierung \u00e4rztlicher Suizidbeihilfe steigen wird. \u201eDiejenigen, die voraussagen, eine m\u00f6gliche Legalisierung k\u00f6nne einen Dammbruch zur Folge haben, werden durch diese Werte gest\u00fctzt\u201c, so Gerhard Wegner, Leiter des SI. Umso dringlicher sei es, die tats\u00e4chlichen Gr\u00fcnde f\u00fcr die in Umfragen immer wieder deutliche Mehrheit der Bef\u00fcrworter von Sterbehilfe zu erforschen. \u201eZwar spielt der Wunsch nach Selbstbestimmung bei den Bef\u00fcrwortern der Sterbehilfe offensichtlich eine gewichtige Rolle\u201c, so Wegner, \u201eim Hintergrund steht aber eine Vielzahl an unterschiedlichen \u00c4ngsten.\u201c<\/p>\n<p class=\"p1\">Bei Fragen nach den \u00c4ngsten im Blick auf das eigene Sterben zeigte sich, dass \u00c4ngste vor einem langen Sterbeprozess (61,8 Prozent) vor starken Schmerzen oder schwerer Atemnot (60,1 Prozent)\u00a0 am weitesten verbreitet sind. Hierzu z\u00e4hlt auch die Sorge, den eigenen Angeh\u00f6rigen zur Last zu fallen (53,8 Prozent). Die \u00c4ngste vor dem eigenen Sterben sinken mit zunehmendem Alter: F\u00fcr die Gruppe der mindestens 80-J\u00e4hrigen spielen die \u00c4ngste die geringste Rolle.<\/p>\n<p class=\"p1\">Der EKD-Ratsvorsitzende Heinrich Bedford-Strohm warb angesichts der Ergebnisse der Studie daf\u00fcr, \u00fcber die M\u00f6glichkeiten aufzukl\u00e4ren, ein Sterben in W\u00fcrde zu gestalten, ohne Leben vorzeitig zu beenden. \u201eWer auf neue gesetzliche\u00a0 Optionen zur aktiven Beendigung des Lebens setzt, schw\u00e4cht unsere vom Schutz des Lebens gepr\u00e4gte Sozialkultur. Das Engagement der christlichen Kirchen f\u00fcr die Hospiz- und Palliativversorgung in Deutschland dokumentiert eindr\u00fccklich, dass es bessere Alternativen gibt.\u201c<\/p>\n<p class=\"p1\">Diakonie-Pr\u00e4sident Ulrich Lilie setzt sich f\u00fcr eine verl\u00e4ssliche Betreuung von alten pflegebed\u00fcrftigen Menschen am Lebensende ein: \u201eInsbesondere in station\u00e4ren Einrichtungen der Altenhilfe muss mehr Geld investiert werden. Eine palliative Versorgung muss \u00fcberall dort gew\u00e4hrleistet sein, wo Menschen sterben, und nicht nur in spezialisierten Einrichtungen. Nur so k\u00f6nnen wir den Menschen die Sicherheit geben, keinen langen qualvollen Tod sterben zu m\u00fcssen.&#8220;<\/p>\n<p class=\"p1\">Anlass der Studie, die EKD und Diakonie in Auftrag gegeben hatten,\u00a0 waren verschiedene Befragungen der vergangenen Monate, die zeigten, dass die Mehrheit der Bundesb\u00fcrger sich\u00a0 f\u00fcr eine Beihilfe zur Selbstt\u00f6tung ausspreche. Um den Hintergrund dieser Antworten zu verstehen, wurde nach Erwartungen, Erfahrungen und Einstellungen der Menschen zum Thema Tod und Sterben gefragt, die bisher nicht erforscht wurden. Emnid befragte dazu telefonisch 2.052 Menschen ab 18 Jahren.<\/p>\n<p class=\"p1\">Deutschlandweit gibt es rund 300 Palliativstationen in Krankenh\u00e4usern. Etwa 50 Prozent sind in christlicher Tr\u00e4gerschaft. Damit verf\u00fcgen nach Angaben der Deutschen Gesellschaft f\u00fcr Palliativmedizin nur rund 15 Prozent der bundesweit etwa 2 000 Krankenh\u00e4user \u00fcber eine Palliativstation. Station\u00e4re Hospize gibt es derzeit in Deutschland rund 210. Davon sind rund zwei Drittel in christlicher Tr\u00e4gerschaft.<\/p>\n<p class=\"p2\"><span class=\"s1\">Die SI-Studie ist unter <a href=\"http:\/\/www.ekd.de\/download\/150512_Ergebnisse_Umfrage_zum_Sterben.pdf\" target=\"_blank\"><span class=\"s2\">www.ekd.de\/download\/150512_Ergebnisse_Umfrage_zum_Sterben.pdf<\/span><\/a> im Internet abrufbar.<\/span><\/p>\n<p class=\"p1\">Hannover, 12. Mai 2015<\/p>\n<p class=\"p1\">Pressestelle der EKD<span class=\"s3\"><br \/>\n<\/span><strong>Carsten Splitt<\/strong><\/p>\n","protected":false},"excerpt":{"rendered":"<p>Die Legalisierung von \u00e4rztlich assistiertem Suizid setzt Menschen unter Druck, ihr Leben vorzeitig zu beenden. Diese Bef\u00fcrchtung teilen laut einer&#8230; <a href=\"https:\/\/www.seele-und-sorge.de\/?page_id=793\">read more<\/a><\/p>\n","protected":false},"author":1,"featured_media":0,"parent":502,"menu_order":95,"comment_status":"closed","ping_status":"closed","template":"","meta":{"footnotes":""},"class_list":["post-793","page","type-page","status-publish","hentry"],"_links":{"self":[{"href":"https:\/\/www.seele-und-sorge.de\/index.php?rest_route=\/wp\/v2\/pages\/793"}],"collection":[{"href":"https:\/\/www.seele-und-sorge.de\/index.php?rest_route=\/wp\/v2\/pages"}],"about":[{"href":"https:\/\/www.seele-und-sorge.de\/index.php?rest_route=\/wp\/v2\/types\/page"}],"author":[{"embeddable":true,"href":"https:\/\/www.seele-und-sorge.de\/index.php?rest_route=\/wp\/v2\/users\/1"}],"replies":[{"embeddable":true,"href":"https:\/\/www.seele-und-sorge.de\/index.php?rest_route=%2Fwp%2Fv2%2Fcomments&post=793"}],"version-history":[{"count":2,"href":"https:\/\/www.seele-und-sorge.de\/index.php?rest_route=\/wp\/v2\/pages\/793\/revisions"}],"predecessor-version":[{"id":795,"href":"https:\/\/www.seele-und-sorge.de\/index.php?rest_route=\/wp\/v2\/pages\/793\/revisions\/795"}],"up":[{"embeddable":true,"href":"https:\/\/www.seele-und-sorge.de\/index.php?rest_route=\/wp\/v2\/pages\/502"}],"wp:attachment":[{"href":"https:\/\/www.seele-und-sorge.de\/index.php?rest_route=%2Fwp%2Fv2%2Fmedia&parent=793"}],"curies":[{"name":"wp","href":"https:\/\/api.w.org\/{rel}","templated":true}]}}