{"id":741,"date":"2015-03-19T16:13:25","date_gmt":"2015-03-19T16:13:25","guid":{"rendered":"http:\/\/www.seele-und-sorge.de\/?page_id=741"},"modified":"2015-03-19T16:13:25","modified_gmt":"2015-03-19T16:13:25","slug":"eine-diakonische-liturgie","status":"publish","type":"page","link":"https:\/\/www.seele-und-sorge.de\/?page_id=741","title":{"rendered":"Eine diakonische Liturgie"},"content":{"rendered":"<p><a href=\"http:\/\/www.seele-und-sorge.de\/wp-content\/uploads\/2015\/03\/MutterHausKirche_1.jpg\"><img loading=\"lazy\" decoding=\"async\" class=\"alignnone size-full wp-image-742\" src=\"http:\/\/www.seele-und-sorge.de\/wp-content\/uploads\/2015\/03\/MutterHausKirche_1.jpg\" alt=\"MutterHausKirche_1\" width=\"227\" height=\"170\" \/><\/a><\/p>\n<p>Zu ganzheitlicher Spiritualit\u00e4t geh\u00f6rt es heute, auf den eigenen Atem zu achten, Schwellen wahrzunehmen und Rituale zu gestalten. Und auch Musik befreit und hilft, die innere Balance wiederzugewinnen. Die Schwesternschaften werden bis heute an wesentlichen Stationen ihres Lebens durch das Diakonissenliederbuch begleitet. Dort finden sich Lieder f\u00fcr Aussendungen und Aussegnungen und auch f\u00fcr Nachtwachen. Als liturgischer Begleiter wurde das Diakonissenliederbuch erg\u00e4nzt durch die besonderen Ordnungen der Morgen- und Abendandachten und der Auferstehungsfeiern, die \u2013 je nach konfessioneller Pr\u00e4gung der Mutterh\u00e4user in Deutschland \u2013 ein unterschiedliches, aber dennoch typisches Profil haben. In Kaiserswerth wurde neben dem Diakonissenliederbuch im Jahr 1857 auch die Schwesternbetstunde verbindlich eingef\u00fchrt. Sie wird bis heute am ersten Sonntag des Monats gefeiert. In der Zeit \u201eder gro\u00dfen Zahlen\u201c und der Verstreuung der Schwestern-schaften \u00fcber viele Einrichtungen und Dienstgruppen symbolisierte das gemeinsame F\u00fcrbittengebet \u00fcberall in der Frauendiakonie die Verbundenheit mit dem Mutterhaus \u2013 ganz \u00e4hnlich wie das Lesen der Herrnhuter Losungen viele Christinnen und Christen in eine weltweite Gemeinschaft stellt. Theodor Fliedner hatte sich denn auch mit seiner Betstunde an die Kirchenlitaney der Herrnhuter Br\u00fcdergemeine angelehnt \u2013 die missionarisch-diakonische Arbeit Zinzendorf und seine Gemeinschaftsbildung waren in jeder Zeit vielen zum Vorbild geworden. Die Kaiserswerther Betstunde wurde im Jahr 2000 vorsichtig reformiert. Hier findet sich die mir liebste diakonische Liturgie:<\/p>\n<p>L<br \/>\nKommt und lasst uns aufsehen zu dem Herrn, der uns gemacht hat,<br \/>\nund anbeten seinen heiligen Namen.<br \/>\nHerr, Gott, himmlischer Vater,<br \/>\nHerr, Gott, Sohn, der Welt Heiland,<br \/>\nHerr, Gott, Heiliger Geist,<\/p>\n<p>G<br \/>\n<span style=\"text-decoration: underline;\">hilf uns um deiner Liebe willen,<\/span><\/p>\n<p>L<br \/>\ndenn wir wollen vor dir beten.<br \/>\nGib uns den Geist des Lobens und des Dankens, dass wir dich preisen.<br \/>\nGib uns den Geist der Gnaden und des Gebets, dass wir beten, wie es dir gef\u00e4llt.<\/p>\n<p>G<br \/>\n<span style=\"text-decoration: underline;\">Herr, erbarme dich unser.<\/span><\/p>\n<p>L<br \/>\nVor allem Unglauben und Aberglauben<br \/>\nvor Gleichg\u00fcltigkeit gegen dein Wort und dein Kreuz,<br \/>\nvor falscher Lehre und allem Irrtum,<br \/>\nvor unseligem Gro\u00dfwerden, vor aller Selbstgef\u00e4lligkeit,<br \/>\nvor unn\u00f6tiger Verlegenheit, vor Verwirrungen,<br \/>\nvor allem Trachten nach Ehre und Lob,<br \/>\nvor Unwahrheit und Unzufriedenheit,<br \/>\nvor allen unn\u00fctzen Worten, die den Frieden st\u00f6ren<br \/>\nund Argwohn und Misstrauen verbreiten,<br \/>\nvor Tr\u00e4gheit und unheiligem Eifer,<br \/>\nvor aller Schw\u00e4rmerei,<br \/>\nvor Anfechtung und Gebundenheit,<br \/>\nvor aller S\u00fcnde<\/p>\n<p>G<br \/>\n<span style=\"text-decoration: underline;\">beh\u00fct uns, lieber Herr und Gott.<\/p>\n<p><\/span>L<span style=\"text-decoration: underline;\"><br \/>\n<\/span>Deine menschliche Geburt,<br \/>\ndeine Armut,<br \/>\ndeine Knechtsgestalt,<br \/>\ndein Gehorsam,<br \/>\ndeine Sanftmut und Demut,<br \/>\ndeine dienende Liebe beim Fu\u00dfwaschen,<br \/>\ndeine Versuchungen,<br \/>\ndein Wachen und Beten,<br \/>\ndeine Tr\u00e4nen und Angstgeschrei,<br \/>\ndein qualvolles Sterben am Kreuz<\/p>\n<p>G<br \/>\n<span style=\"text-decoration: underline;\">tr\u00f6ste uns, lieber Herr und Gott.<\/p>\n<p><\/span>L<br \/>\nMit deiner Ruhe im Grabe,<br \/>\nmit deiner siegreichen Auferstehung und Himmelfahrt,<br \/>\nmit deinem Sitzen zur rechten Hand Gottes,<br \/>\nmit deiner kr\u00e4ftigen F\u00fcrbitte,<br \/>\nmit deinem heiligen Wort und Sakrament,<br \/>\nmit deiner Wiederkunft am Ende der Tage<\/p>\n<p>G<br \/>\n<span style=\"text-decoration: underline;\">hilf uns, lieber Herr und Gott.<\/p>\n<p><\/span>L<span style=\"text-decoration: underline;\"><br \/>\n<\/span>O Herr und Haupt deiner Gemeinde,<br \/>\nlass unser Mutterhaus eine H\u00fctte Gottes auf Erden sein<br \/>\nund entz\u00fcnde darin das Feuer deiner heiligen Liebe.<br \/>\nLass deinen Frieden unter uns regieren, du Gott des Friedens.<br \/>\nHilf allen Schwestern, dass sie dir dienen in Demut und Gottesfurcht.<br \/>\nLeite mit deinem Heiligen Geist<br \/>\ndie Mitglieder des Kuratoriums und des Vorstandes,<br \/>\ndie Mutterhausleitung und die Mitglieder der Schwesternr\u00e4te<br \/>\nund alle Mitarbeiterinnen und Mitarbeiter unseres Werkes.<\/p>\n<p>G<br \/>\n<span style=\"text-decoration: underline;\">Erh\u00f6r uns, lieber Herr und Gott.<\/p>\n<p><\/span>L<span style=\"text-decoration: underline;\"><br \/>\n<\/span>Gib allen, die in deinem Namen ihren Dienst tun, deine Barmherzigkeit ins Herz.<br \/>\nLass sie die Kranken und Alten pflegen mit deiner Liebe und Weisheit,<br \/>\ndass auch ihre Seelen genesen.<br \/>\nF\u00fcr Arme und Verlassene, f\u00fcr Witwen und Waisen,<br \/>\nlass sie V\u00e4ter und M\u00fctter sein.<br \/>\nDie Ge\u00e4ngstigten und Schwerm\u00fctigen lass sie tr\u00f6sten<br \/>\nund sich der Gefangenen und der Heimatlosen annehmen.<br \/>\nLass sie der Blinden Augen und der Lahmen F\u00fc\u00dfe sein.<br \/>\nGib, dass sie die Kinder aufnehmen in deinem Namen, dass du sie segnest.<br \/>\nLass sie nicht m\u00fcde werden, den Gef\u00e4hrdeten und Verirrten nachzugehen<br \/>\nin deiner Langmut und S\u00fcnderliebe.<\/p>\n<p>G<br \/>\n<span style=\"text-decoration: underline;\">Erh\u00f6r uns, lieber Herr und Gott.<\/p>\n<p><\/span>L<span style=\"text-decoration: underline;\"><br \/>\n<\/span>Sei du mit unseren kranken, m\u00fcden und alten Schwestern,<br \/>\ndie du ausgespannt hast aus der Arbeit,<br \/>\ndass sie auch Krankheit, M\u00fcdigkeit und Ruhe<br \/>\naus deiner Hand annehmen k\u00f6nnen.<br \/>\nWir danken dir \u00fcber den Gr\u00e4bern derer, die \u00fcberwunden haben.<br \/>\nWir bitten dich f\u00fcr alle, die dicht vor den Toren der Ewigkeit stehen,<br \/>\nf\u00fcr alle, die angefochten sind von des Todes Schrecken,<br \/>\nund f\u00fcr alle, die sich nach ihrem Ende sehnen.<\/p>\n<p>G<br \/>\n<span style=\"text-decoration: underline;\">Erh\u00f6r uns, lieber Herr und Gott.<\/p>\n<p><\/span>L<span style=\"text-decoration: underline;\"><br \/>\n<\/span>Sei du der Arzt unserer Kranken und Schwachen,<br \/>\nder H\u00fcter und Berater unserer Alternden und Einsamen.<br \/>\nErleuchte die Gem\u00fctskranken mit deinem Licht<br \/>\nund tr\u00f6ste sie, wie eine Mutter ihr Kind tr\u00f6stet.<br \/>\nLass die Kinder, die wir betreuen,<br \/>\nbesonders alle, denen die elterliche Liebe fehlt,<br \/>\nerfahren, dass du sie lieb hast.<br \/>\nLass alle jungen Menschen, die mit uns leben und bei uns lernen,<br \/>\nheranwachsen zu lebendigen Gliedern deiner Gemeinde.<br \/>\nErwecke uns alle durch deinen Heiligen Geist,<br \/>\ndass wir im H\u00f6ren deines Wortes best\u00e4ndig bleiben.<br \/>\nLass uns unter den Anforderungen des Tages die Stille vor dir nicht vers\u00e4umen.<\/p>\n<p>G<br \/>\n<span style=\"text-decoration: underline;\">Erh\u00f6r uns, lieber Herr und Gott.<\/p>\n<p><\/span>L<span style=\"text-decoration: underline;\"><br \/>\n<\/span>Segne alle, die unser Werk mit ihrer F\u00fcrbitte und ihrer t\u00e4tigen Liebe tragen.<br \/>\nLass dir befohlen sein alle, die auf unsere F\u00fcrbitte warten.<br \/>\nSegne unsere Arbeit und gib, dass wir die Zeit und Kraft, die du uns schenkst,<br \/>\nverantwortlich gebrauchen.<br \/>\nLass uns alle einander lieb haben, wie du uns lieb hast,<br \/>\ndass unser Leben gelinge zu deinem Lobe.<\/p>\n<p>G<br \/>\n<span style=\"text-decoration: underline;\">Erh\u00f6r uns, lieber Herr und Gott.<\/p>\n<p><\/span>L<span style=\"text-decoration: underline;\"><br \/>\n<\/span>Allm\u00e4chtiger und barmherziger Gott,<br \/>\ndu hast dir das Volk Israel zum Eigentum erw\u00e4hlt<br \/>\nund in ihm deinen Sohn Jesus Christus Mensch werden lassen.<br \/>\nWir bitten dich f\u00fcr die Begegnung zwischen Christen und Juden,<br \/>\ndamit neues Vertrauen wachsen kann.<br \/>\nWir bitten dich f\u00fcr alle, die in unserem Werk mitarbeiten<br \/>\nund verschiedenen V\u00f6lkern und Religionen angeh\u00f6ren,<br \/>\ndass sie einander achten und Verst\u00e4ndnis f\u00fcreinander aufbringen.<br \/>\nWir bitten dich um Frieden zwischen den Religionen:<br \/>\nf\u00fcr Juden, Christen und Muslime,<br \/>\ndass jeder f\u00fcr das Recht des anderen eintritt,<br \/>\ndass sie f\u00fcreinander nach Gerechtigkeit suchen<br \/>\nund miteinander in Frieden leben.<\/p>\n<p>G<br \/>\n<span style=\"text-decoration: underline;\">Erh\u00f6r uns, lieber Herr und Gott.<\/p>\n<p><\/span>L<span style=\"text-decoration: underline;\"><br \/>\n<\/span>Erf\u00fclle deine Kirche mit dem Heiligen Geist der Kraft und der Liebe und der Besonnenheit.<br \/>\nSegne sie mit lebendigem Glauben. Erhalte sie im Gehorsam gegen dein Wort.<br \/>\nSt\u00e4rke sie in Angst und Not. Bewahre sie vor Irrtum und Schaden.<br \/>\nMehre in ihr die Wahrheit und die Liebe und gib,<br \/>\ndass sie f\u00fcr alle Elenden und Bek\u00fcmmerten eine Zuflucht bleibe,<br \/>\nbis du dein ewiges Reich aufrichtest.<\/p>\n<p>G<br \/>\n<span style=\"text-decoration: underline;\">Erh\u00f6r uns, lieber Herr und Gott.<\/p>\n<p><\/span>L<span style=\"text-decoration: underline;\"><br \/>\n<\/span>Wir beten f\u00fcr unser Land und f\u00fcr die L\u00e4nder dieser Erde,<br \/>\ndass die V\u00f6lker im Frieden miteinander leben.<br \/>\nLass alle, die Macht aus\u00fcben und Verantwortung tragen,<br \/>\nauf das Wohl der Menschen bedacht sein und nach Gerechtigkeit streben.<br \/>\nWir bitten dich f\u00fcr alle, die um ihres Glaubens willen verfolgt werden,<br \/>\ndass sie in der Anfechtung beharren und nicht zuschanden werden.<br \/>\nWehre dem Hass und dem Misstrauen in der Welt<br \/>\nund beschenke alle V\u00f6lker mit deinem Frieden.<\/p>\n<p>G<br \/>\n<span style=\"text-decoration: underline;\">Erh\u00f6r uns, lieber Herr und Gott.<\/p>\n<p><\/span>L<span style=\"text-decoration: underline;\"><br \/>\n<\/span>Ja, du Gott \u00fcber alles, hochgelobt in Ewigkeit,<br \/>\nlass alle Krankheit, Not und Tr\u00e4nen die Menschen n\u00e4her zu dir bringen.<br \/>\nWerde aller Menschen Heiland.<br \/>\nDenn du hast alles durch dich vers\u00f6hnt zu dir selbst.<br \/>\nes sei auf Erden oder im Himmel.<\/p>\n<p>G<br \/>\n<span style=\"text-decoration: underline;\">Erh\u00f6r uns, lieber Herr und Gott.<\/span><\/p>\n","protected":false},"excerpt":{"rendered":"<p>Zu ganzheitlicher Spiritualit\u00e4t geh\u00f6rt es heute, auf den eigenen Atem zu achten, Schwellen wahrzunehmen und Rituale zu gestalten. Und auch&#8230; <a href=\"https:\/\/www.seele-und-sorge.de\/?page_id=741\">read more<\/a><\/p>\n","protected":false},"author":1,"featured_media":0,"parent":462,"menu_order":200,"comment_status":"closed","ping_status":"closed","template":"","meta":{"footnotes":""},"class_list":["post-741","page","type-page","status-publish","hentry"],"_links":{"self":[{"href":"https:\/\/www.seele-und-sorge.de\/index.php?rest_route=\/wp\/v2\/pages\/741"}],"collection":[{"href":"https:\/\/www.seele-und-sorge.de\/index.php?rest_route=\/wp\/v2\/pages"}],"about":[{"href":"https:\/\/www.seele-und-sorge.de\/index.php?rest_route=\/wp\/v2\/types\/page"}],"author":[{"embeddable":true,"href":"https:\/\/www.seele-und-sorge.de\/index.php?rest_route=\/wp\/v2\/users\/1"}],"replies":[{"embeddable":true,"href":"https:\/\/www.seele-und-sorge.de\/index.php?rest_route=%2Fwp%2Fv2%2Fcomments&post=741"}],"version-history":[{"count":1,"href":"https:\/\/www.seele-und-sorge.de\/index.php?rest_route=\/wp\/v2\/pages\/741\/revisions"}],"predecessor-version":[{"id":743,"href":"https:\/\/www.seele-und-sorge.de\/index.php?rest_route=\/wp\/v2\/pages\/741\/revisions\/743"}],"up":[{"embeddable":true,"href":"https:\/\/www.seele-und-sorge.de\/index.php?rest_route=\/wp\/v2\/pages\/462"}],"wp:attachment":[{"href":"https:\/\/www.seele-und-sorge.de\/index.php?rest_route=%2Fwp%2Fv2%2Fmedia&parent=741"}],"curies":[{"name":"wp","href":"https:\/\/api.w.org\/{rel}","templated":true}]}}