{"id":6319,"date":"2021-10-29T11:59:35","date_gmt":"2021-10-29T09:59:35","guid":{"rendered":"https:\/\/www.seele-und-sorge.de\/?page_id=6319"},"modified":"2026-03-20T15:16:42","modified_gmt":"2026-03-20T14:16:42","slug":"themenwoche-we-care","status":"publish","type":"page","link":"https:\/\/www.seele-und-sorge.de\/?page_id=6319","title":{"rendered":"Themenwoche We CARE!"},"content":{"rendered":"\n<p><strong>Liebe CARE-Interessierte, Netzwerker:innen und Engagierte,<\/strong><\/p>\n\n\n\n<p>nach der&nbsp;<strong>Themenwoche We CARE!<\/strong>&nbsp;ist vor dem n\u00e4chsten&nbsp;<strong>Equal Care Day<\/strong>&nbsp;und wir wollen uns weiter um das K\u00fcmmern k\u00fcmmern.<\/p>\n\n\n\n<p>Allen Beteiligten m\u00f6chten wir nochmals herzlich danken. Es war eine hochspannende und ergiebige Woche, deren \u201eNachwirkungen\u201c uns weiter vielversprechend mit R\u00fcck- und Anfragen besch\u00e4ftigen. Neben pers\u00f6nlichen Feedbacks, finden sich im R\u00fcckmelde-Padlet Meinungen zum Nachlesen\u00a0<a href=\"https:\/\/padlet.com\/christinefalk1\/r3gkoa2ra7vgdwtg\" target=\"_blank\" rel=\"noreferrer noopener\">>>> padlet<\/a>. Das zeigt uns: Care geht uns alle an.\u00a0<\/p>\n\n\n\n<p>&gt;&gt;&gt; Wie Gemeinschaft neu entdeckt werden kann, welche Ideen es zu Sozialraum gibt und was das f\u00fcr Kirche, Gemeinden, Diakonie bedeuten k\u00f6nnte, vor welche Aufgaben Ehrenamt mit Blick auf Care gestellt ist, welche Rolle Geschlechteraspekte bei Care-Arbeit spielen, was Verbesserungen mit \u00c4nderungen von strukturellen Rahmenbedingungen zu tun haben, dass Care-Arbeit auch mentale Arbeit ist und im st\u00e4ndigen standby-Modus besonders Energie fordert, warum der Faktor Zeit vielleicht mehr in den Fokus r\u00fccken sollte und wie eine junge Mutter Care-Arbeit in ihrem Alltag erlebt \u2013 all das wurde diskutiert und kann nun nachgeh\u00f6rt werden.<\/p>\n\n\n\n<p>Wir haben&nbsp;<strong>alle Beitr\u00e4ge der Themenwoche als Audioversionen<\/strong>&nbsp;aufbereitet und stellen diese&nbsp;<strong>zum Nachh\u00f6ren zur Verf\u00fcgung<\/strong>. Die Beitr\u00e4ge sind geschnitten, so dass die Audios ausschlie\u00dflich die Inhalte der Rednerinnen und nicht die Diskussionsbeitr\u00e4ge der Teilnehmenden umfassen. Die Beitr\u00e4ge stehen auf der Soundcloud forum frauen bereit, so dass auch kein Mediaplayer oder eine Software gebraucht wird. Sie k\u00f6nnen Sie direkt anh\u00f6ren \u2013 und gerne auch weiterteilen, empfehlen und\/oder \u00fcber Soziale Netzwerke teilen. Hier die Links:<\/p>\n\n\n\n<p><a href=\"https:\/\/soundcloud.com\/user-461281259\/we-care-es-geht-nur-gemeinsam-vortrag-prof-dr-jutta-allmendinger?si=cc96ca6864de419282b2af4e717bb414\">&gt;&gt;&gt; Audiobeitrag Prof. Dr. Jutta Allendinger &#8222;Es geht nur gemeinsam!&#8220;<\/a><\/p>\n\n\n\n<p>3 Teile Audiobeitrag Cornelia Coenen-Marx &#8222;Neu entdeckt! Gemeinschaft als Schl\u00fcssel f\u00fcr Care&#8230;:<\/p>\n\n\n\n<figure class=\"wp-block-image size-large\"><a href=\"https:\/\/soundcloud.com\/user-461281259\/we-care-neu-entdeckt-gemeinschaft-als-schlussel-vortrag-cornelia-coenen-marx-teil-1?si=5e1ae70b096642f998005268bb610bc1\" target=\"_blank\" rel=\"noopener\"><img loading=\"lazy\" decoding=\"async\" width=\"1024\" height=\"314\" src=\"https:\/\/www.seele-und-sorge.de\/wp-content\/uploads\/2021\/10\/Bildschirmfoto-2021-10-29-um-11.58.10-1024x314.png\" alt=\"\" class=\"wp-image-6321\" srcset=\"https:\/\/www.seele-und-sorge.de\/wp-content\/uploads\/2021\/10\/Bildschirmfoto-2021-10-29-um-11.58.10-1024x314.png 1024w, https:\/\/www.seele-und-sorge.de\/wp-content\/uploads\/2021\/10\/Bildschirmfoto-2021-10-29-um-11.58.10-300x92.png 300w, https:\/\/www.seele-und-sorge.de\/wp-content\/uploads\/2021\/10\/Bildschirmfoto-2021-10-29-um-11.58.10-768x236.png 768w, https:\/\/www.seele-und-sorge.de\/wp-content\/uploads\/2021\/10\/Bildschirmfoto-2021-10-29-um-11.58.10.png 1235w\" sizes=\"(max-width: 1024px) 100vw, 1024px\" \/><\/a><\/figure>\n\n\n\n<p>\u00a0<a href=\"https:\/\/soundcloud.com\/user-461281259\/we-care-neu-entdeckt-gemeinschaft-als-schlussel-vortrag-cornelia-coenen-marx-teil-1?si=5e1ae70b096642f998005268bb610bc1\" target=\"_blank\" rel=\"noreferrer noopener\">>>> Cornelia Coenen-Marx Teil 1<\/a>\u00a0\u00a0<a href=\"https:\/\/soundcloud.com\/user-461281259\/we-care-neu-entdeckt-gemeinschaft-als-schlussel-vortrag-cornelia-coenen-marx-teil-2?si=4093886dd07d48818606f1a677df213d\" target=\"_blank\" rel=\"noreferrer noopener\">\u00a0>>> Cornelia Coenen-Marx Teil 2\u00a0<\/a>\u00a0\u00a0<a href=\"https:\/\/soundcloud.com\/user-461281259\/we-care-gemeinschaft-als-schlussel-vortrag-cornelia-coenen-marx-teil-3?si=be0d0fafcef3433db4b4bbd23592fe34\" target=\"_blank\" rel=\"noreferrer noopener\">>>> Cornelia Coenen-Marx Teil 3<\/a><\/p>\n\n\n\n<p><a href=\"https:\/\/soundcloud.com\/user-461281259\/we-care-lesung-mit-mareice-kaiser-das-unwohlsein-der-modernen-mutter?si=b8817a0e2e8b402f8e8ceaf09c4c38e1\" target=\"_blank\" rel=\"noreferrer noopener\">>>> Audiobeitrag Mareice Kaiser &#8222;Das Unwohlsein der modernen Mutter&#8220;<\/a><\/p>\n\n\n\n<p><a href=\"https:\/\/soundcloud.com\/user-461281259\/we-care-nicht-umsonst-care-arbeit-dialog-sandra-schuhmann-dr-barbara-puhl?si=3d48946e1c0d4bab82b1e5ee3736f201\" target=\"_blank\" rel=\"noreferrer noopener\">>>> Audiobeitrag Sandra Schuhmann und Dr. Barbara P\u00fchl &#8222;Dialog: Nicht umsonst: Care-Arbeit&#8220;<\/a><\/p>\n\n\n\n<p>Alle Informationen und Links finden Sie auch auf der\u00a0<a href=\"https:\/\/afg-elkb.de\/themen\/forum-frauen\/frauenperspektiven-aktuelles\/\" target=\"_blank\" rel=\"noreferrer noopener\">Homepage forum frauen<\/a>\u00a0und der\u00a0<a href=\"https:\/\/afg-elkb.de\/themen\/forum-familie\/familien-im-blick\/\" target=\"_blank\" rel=\"noreferrer noopener\">Homepage forum familie<\/a>.\u00a0<\/p>\n\n\n\n<p>Damit es nicht nur beim Anh\u00f6ren bleibt, laden wir als forum frauen &amp; forum familie alle am Thema Care Interessierten zu einem adventlichen&nbsp;<strong>MentalLoadCare@Christmas Digital Meeting<\/strong>&nbsp;am&nbsp;<strong>Montag, den 29. November<\/strong>&nbsp;<strong>2021<\/strong>&nbsp;von&nbsp;<strong>12.00-13.00 Uhr<\/strong>&nbsp;ein mit einem kleinen Impuls und einer kleinen \u00dcberraschung. Die Einladung erfolgt demn\u00e4chst. Sollten Sie interessiert sein, bitte reservieren Sie sich schon mal den Termin.<\/p>\n\n\n\n<p>Nun w\u00fcnsche wir allen viel Freude beim Nachh\u00f6ren,&nbsp;<\/p>\n\n\n\n<p>mit besten Gr\u00fc\u00dfen aus dem forum frauen &amp; forum familie,&nbsp;<\/p>\n\n\n\n<p>Dr. Andrea K\u00f6nig &amp; Christine Falk&nbsp;<\/p>\n","protected":false},"excerpt":{"rendered":"<p>Liebe CARE-Interessierte, Netzwerker:innen und Engagierte, nach der&nbsp;Themenwoche We CARE!&nbsp;ist vor dem n\u00e4chsten&nbsp;Equal Care Day&nbsp;und wir wollen uns weiter um das&#8230; <a href=\"https:\/\/www.seele-und-sorge.de\/?page_id=6319\">read more<\/a><\/p>\n","protected":false},"author":1,"featured_media":0,"parent":542,"menu_order":0,"comment_status":"closed","ping_status":"closed","template":"","meta":{"footnotes":""},"class_list":["post-6319","page","type-page","status-publish","hentry"],"_links":{"self":[{"href":"https:\/\/www.seele-und-sorge.de\/index.php?rest_route=\/wp\/v2\/pages\/6319"}],"collection":[{"href":"https:\/\/www.seele-und-sorge.de\/index.php?rest_route=\/wp\/v2\/pages"}],"about":[{"href":"https:\/\/www.seele-und-sorge.de\/index.php?rest_route=\/wp\/v2\/types\/page"}],"author":[{"embeddable":true,"href":"https:\/\/www.seele-und-sorge.de\/index.php?rest_route=\/wp\/v2\/users\/1"}],"replies":[{"embeddable":true,"href":"https:\/\/www.seele-und-sorge.de\/index.php?rest_route=%2Fwp%2Fv2%2Fcomments&post=6319"}],"version-history":[{"count":2,"href":"https:\/\/www.seele-und-sorge.de\/index.php?rest_route=\/wp\/v2\/pages\/6319\/revisions"}],"predecessor-version":[{"id":6323,"href":"https:\/\/www.seele-und-sorge.de\/index.php?rest_route=\/wp\/v2\/pages\/6319\/revisions\/6323"}],"up":[{"embeddable":true,"href":"https:\/\/www.seele-und-sorge.de\/index.php?rest_route=\/wp\/v2\/pages\/542"}],"wp:attachment":[{"href":"https:\/\/www.seele-und-sorge.de\/index.php?rest_route=%2Fwp%2Fv2%2Fmedia&parent=6319"}],"curies":[{"name":"wp","href":"https:\/\/api.w.org\/{rel}","templated":true}]}}