{"id":5940,"date":"2021-03-30T12:01:39","date_gmt":"2021-03-30T10:01:39","guid":{"rendered":"https:\/\/www.seele-und-sorge.de\/?page_id=5940"},"modified":"2022-04-05T11:44:27","modified_gmt":"2022-04-05T09:44:27","slug":"nah-bei-den-menschen","status":"publish","type":"page","link":"https:\/\/www.seele-und-sorge.de\/?page_id=5940","title":{"rendered":"Nah bei den Menschen?"},"content":{"rendered":"\n<p><strong>Lehren aus der Corona-Pandemie f\u00fcr die Kirchen<\/strong><\/p>\n\n\n\n<p>Ein zentrales Versprechen der Pandemiepolitik war der Schutz der Alten, schrieb der Spiegel zum Jahresende.1 Aber \u201enun sterben sie trotzdem\u201c. Auch und gerade die Kirchen h\u00e4tten diejenigen alleingelassen, die sie am meisten gebraucht h\u00e4tten \u2013 die Pflegebedu\u0308rftigen, Kranken und Sterbenden \u2013, meinten auch kirchenverbundene Journalisten und Politikerinnen wie Christine Lieberknecht oder Heribert Prantl.2 Nach anf\u00e4nglichem Widerspruch \u2013 schlie\u00dflich hatten die Einrichtungen das Menschenm\u00f6gliche getan, ihre Bewohnerinnen und Bewohner trotz fehlender Schutzanzu\u0308ge und Tests zu schu\u0308tzen \u2013 schlossen sich Bisch\u00f6fe an: \u201eOrdnungspolitik, die totalit\u00e4r wird, darf keine Option sein fu\u0308r einen demokratischen Staat. Wir du\u0308rfen Sterbende nicht wieder allein lassen\u201c, so die nieders\u00e4chsischen Bisch\u00f6fe in einer \u00f6kumenischen Stellungnahme. Auch die Kirche habe sich in einer Schockstarre befunden.3 Ebenso wie sie spricht die Schriftstellerin Thea Dorn dem Staat das Recht ab, einer Tochter zu verbieten, bei ihrer sterbenden Mutter zu sein. Das sei zutiefst unmenschlich, meint die Protagonistin in ihrem Roman Trost.4 Man denkt an Kreon und Antigone.<\/p>\n\n\n\n<div class=\"wp-block-file\"><a id=\"wp-block-file--media-91aff215-4ed7-4ee8-9427-9cd5d0cf27e4\" href=\"https:\/\/www.seele-und-sorge.de\/wp-content\/uploads\/2021\/03\/DPM-567_Cornelia-Coenen-Marx_Nah-bei-den-Menschen.pdf\">Weiterlesen: DPM-567_Cornelia-Coenen-Marx_Nah-bei-den-Menschen<\/a><a href=\"https:\/\/www.seele-und-sorge.de\/wp-content\/uploads\/2021\/03\/DPM-567_Cornelia-Coenen-Marx_Nah-bei-den-Menschen.pdf\" class=\"wp-block-file__button\" download aria-describedby=\"wp-block-file--media-91aff215-4ed7-4ee8-9427-9cd5d0cf27e4\">Herunterladen<\/a><\/div>\n","protected":false},"excerpt":{"rendered":"<p>Lehren aus der Corona-Pandemie f\u00fcr die Kirchen Ein zentrales Versprechen der Pandemiepolitik war der Schutz der Alten, schrieb der Spiegel&#8230; <a href=\"https:\/\/www.seele-und-sorge.de\/?page_id=5940\">read more<\/a><\/p>\n","protected":false},"author":1,"featured_media":0,"parent":3518,"menu_order":77,"comment_status":"closed","ping_status":"closed","template":"","meta":{"footnotes":""},"class_list":["post-5940","page","type-page","status-publish","hentry"],"_links":{"self":[{"href":"https:\/\/www.seele-und-sorge.de\/index.php?rest_route=\/wp\/v2\/pages\/5940"}],"collection":[{"href":"https:\/\/www.seele-und-sorge.de\/index.php?rest_route=\/wp\/v2\/pages"}],"about":[{"href":"https:\/\/www.seele-und-sorge.de\/index.php?rest_route=\/wp\/v2\/types\/page"}],"author":[{"embeddable":true,"href":"https:\/\/www.seele-und-sorge.de\/index.php?rest_route=\/wp\/v2\/users\/1"}],"replies":[{"embeddable":true,"href":"https:\/\/www.seele-und-sorge.de\/index.php?rest_route=%2Fwp%2Fv2%2Fcomments&post=5940"}],"version-history":[{"count":2,"href":"https:\/\/www.seele-und-sorge.de\/index.php?rest_route=\/wp\/v2\/pages\/5940\/revisions"}],"predecessor-version":[{"id":6715,"href":"https:\/\/www.seele-und-sorge.de\/index.php?rest_route=\/wp\/v2\/pages\/5940\/revisions\/6715"}],"up":[{"embeddable":true,"href":"https:\/\/www.seele-und-sorge.de\/index.php?rest_route=\/wp\/v2\/pages\/3518"}],"wp:attachment":[{"href":"https:\/\/www.seele-und-sorge.de\/index.php?rest_route=%2Fwp%2Fv2%2Fmedia&parent=5940"}],"curies":[{"name":"wp","href":"https:\/\/api.w.org\/{rel}","templated":true}]}}