{"id":5885,"date":"2021-03-03T16:43:34","date_gmt":"2021-03-03T15:43:34","guid":{"rendered":"https:\/\/www.seele-und-sorge.de\/?page_id=5885"},"modified":"2021-03-04T10:16:30","modified_gmt":"2021-03-04T09:16:30","slug":"kraftorte-interview-mit-renate-abesser-studienleiterin-bei-bildungevangelisch-in-erlangen","status":"publish","type":"page","link":"https:\/\/www.seele-und-sorge.de\/?page_id=5885","title":{"rendered":"Kraftorte: Interview mit Renate Abe\u00dfer, Studienleiterin bei BildungEvangelisch in Erlangen"},"content":{"rendered":"<h3><a href=\"http:\/\/www.seele-und-sorge.de\/wp-content\/uploads\/2015\/01\/SuS_Logo_RGB_mit-Unterzeile-Kopie.png\"><img loading=\"lazy\" decoding=\"async\" class=\"aligncenter size-medium wp-image-857\" src=\"http:\/\/www.seele-und-sorge.de\/wp-content\/uploads\/2015\/01\/SuS_Logo_RGB_mit-Unterzeile-Kopie-300x107.png\" alt=\"SuS_Logo_RGB_mit Unterzeile Kopie\" width=\"300\" height=\"107\" srcset=\"https:\/\/www.seele-und-sorge.de\/wp-content\/uploads\/2015\/01\/SuS_Logo_RGB_mit-Unterzeile-Kopie-300x107.png 300w, https:\/\/www.seele-und-sorge.de\/wp-content\/uploads\/2015\/01\/SuS_Logo_RGB_mit-Unterzeile-Kopie.png 576w\" sizes=\"(max-width: 300px) 100vw, 300px\" \/><\/a><\/h3>\n<h3 style=\"text-align: center;\"><span style=\"color: #8ab310;\">DIAKONISCHE PILGERREISEN:&nbsp;<span style=\"color: #eb910c;\">DER BLOG<\/span><\/span><\/h3>\n<h3 style=\"text-align: center;\"><strong>Wir entdecken Diakonische Pilgerorte \u2013&nbsp;<\/strong><br><strong>diesmal auf der Spur von: Renate Abe\u00dfer<\/strong><\/h3>\n<table style=\"height: 436px;\" width=\"716\">\n<tbody>\n<tr>\n<td width=\"232\"><a href=\"https:\/\/www.seele-und-sorge.de\/wp-content\/uploads\/2021\/03\/Haus.jpg\"><img loading=\"lazy\" decoding=\"async\" class=\"wp-image-5888 size-full aligncenter\" src=\"https:\/\/www.seele-und-sorge.de\/wp-content\/uploads\/2021\/03\/Haus.jpg\" alt=\"\" width=\"300\" height=\"200\"><\/a><p><\/p>\n<p>Die Villa an der Schwabach. \u201eGott und die Welt und vieles mehr, das sind unsere Themen. Was interessant ist in Kirche und Gesellschaft, wo es schwierig wird in Familie und bei der Gesundheit, wo man Genaueres wissen will in Theologie und Philosophie, \u00fcber Religionen und den eigenen Glauben \u2013 all das nehmen wir in evangelischer Freiheit auf\u201c, hei\u00dft es auf der <a href=\"https:\/\/www.bildung-evangelisch.de\/\" target=\"_blank\" rel=\"noopener noreferrer\"><strong>Website von BildungEvangelisch<\/strong> <\/a><\/p>\n<\/td>\n<td width=\"232\"><a href=\"https:\/\/www.seele-und-sorge.de\/wp-content\/uploads\/2021\/03\/Foto.jpg\"><img loading=\"lazy\" decoding=\"async\" class=\"wp-image-5887 size-full aligncenter\" src=\"https:\/\/www.seele-und-sorge.de\/wp-content\/uploads\/2021\/03\/Foto.jpg\" alt=\"\" width=\"300\" height=\"200\"><\/a><p><\/p>\n<p>Renate Abe\u00dfer ist Studienleiterin bei BildungEvangelisch in Erlangen. Zu den Schwerpunkten ihrer Arbeit z\u00e4hlen \u00f6ffentliche und dekanatsbezogene Familienbildung und Fortbildungen f\u00fcr Kitas sowie die Vernetzung dieser Arbeitsgebiete.<\/p>\n<\/td>\n<\/tr>\n<\/tbody>\n<\/table>\n\n\n<p>F\u00fcr mein Buch \u201eDie Neuentdeckung der Gemeinschaft\u201c durfte ich Renate Abe\u00dfer \u2013 gemeinsam mit Christine Falk \u2013\u00a0dazu befragen, was nach ihrer Ansicht wichtig ist f\u00fcr Gemeinschaft. Wenn sie beschreibt, was Kraft gibt, dann scheint es nicht unbedingt an einen festen Ort gebunden. Als Vorschau auf das Buch hier ein paar Ausz\u00fcge aus Renate Abe\u00dfers Antworten,\u00a0zun\u00e4chst zur Situation von Singles:<\/p>\n\n\n\n<p><strong>Wo Gemeinschaft wohnen kann<br><\/strong>Ich erlebe viele M\u00f6glichkeiten zur Gemeinschaftserfahrung im Freizeitbereich: Sportvereine, Tennisclubs, Ch\u00f6re, Hundevereine etc. bieten interessensm\u00e4\u00dfige Andockm\u00f6glichkeiten an, aus denen sich oft Gemeinschaften entwickeln. Auch im ehrenamtlichen Bereich gibt es langj\u00e4hriges Eingebundensein: Von der Freiwilligen Feuerwehr, der Tafel, dem Roten Kreuz bis zum Hospizverein gibt es viele Institutionen, die Singles \u00fcber (lange) Jahre Gemeinschaft durch gemeinsame Ausbildungen und sinnstiftende T\u00e4tigkeiten erm\u00f6glichen. In unserem Trauercaf\u00e9 in Erlangen habe ich \u00fcber lange Zeit immer wieder erleben d\u00fcrfen, dass aus einer Notsituation heraus (v.&nbsp;a. Tod des Partners bzw. der Partnerin) tragende Gemeinschaften entstanden sind, die auch sp\u00e4ter noch privat fortgesetzt wurden.<br>Die aktuellen Einschr\u00e4nkungen aufgrund von Corona treffen Singles besonders hart: Durch die Kontaktbeschr\u00e4nkungen fallen die meisten der genannten Begegnungs- und Bet\u00e4tigungsm\u00f6glichkeiten weg. Vereinsamung und daraus entstehende Depressionen sind ein akutes Problem f\u00fcr Singles. Gleichzeitig beobachte ich im Alltag: Seit Corona begegnen mir Menschen auf der Stra\u00dfe\/in der Nachbarschaft\/beim Spazierengehen offener und freundlicher, es entstehen unter Fremden oft kleine Gespr\u00e4che, die Verbindung schaffen.<\/p>\n\n\n\n<p><strong>Die Verantwortung der Politik<br><\/strong>Um Einsamkeit und das Auseinanderbrechen des gesellschaftlichen Zusammenhalts zu verhindern, brauchen wir einige grundlegende Ver\u00e4nderungen. Neben neuen gesellschaftlichen Strukturen und Netzwerken vor Ort sind grunds\u00e4tzliche Ver\u00e4nderungen in der Arbeitswelt unabdingbar: Im gleichen Ma\u00dfe, in dem Care-Aufgaben wieder in den individuellen Verantwortungsbereich \u201ewandern\u201c, sind berufliche Entlastungen der Eltern bzw. der \u201eSandwichgeneration\u201c zwischen eigenen Kindern\/Enkeln und alten Eltern anzustreben. Um neben dem Beruf gemeinschaftsstiftend t\u00e4tig zu sein, braucht es freie Zeit. Beispiele: die generelle Einf\u00fchrung der 35-Stunden-Woche, ebenso die grunds\u00e4tzliche Ausrichtung von Arbeitsstellen (auch Projektstellen) auf einen Umfang, der es erm\u00f6glicht, von einer einzigen Arbeitsstelle leben zu k\u00f6nnen. Und die M\u00f6glichkeit, flexibel in Rente gehen zu k\u00f6nnen.<\/p>\n\n\n\n<p><strong>Kirche mit frischem Geist denken und gestalten<br><\/strong>F\u00fcr die Kirche sehe ich die Herausforderung besonders Menschen gegen\u00fcber, die sich nicht mehr einer Gemeinde verbunden f\u00fchlen. Ganz oft h\u00f6re ich den Satz: \u201eF\u00fcr meinen Glauben brauche ich keine Kirche\u201c, oft schwingt eine Entt\u00e4uschung \u00fcber exklusive kirchliche Strukturen mit. Dahinter liegt meist die Sehnsucht nach Gemeinschaft und Selbstwirksamkeit. Genau diese Menschen erreichen wir bei BildungEvangelisch mit \u00f6ffentlichen Angeboten zu dr\u00e4ngenden (Lebens-)Themen und in krisenhaften Lebenssituationen \u2013 im besten Fall so, dass sie sich eingeladen f\u00fchlen, sich selbst zu engagieren.<br>Ich w\u00fcnsche mir eine Kirche, die sich \u00f6ffnet und in die Gesellschaft hineinwirkt. Die ihre Ressourcen an R\u00e4umen, Kompetenz und Kreativit\u00e4t nutzt, um dr\u00e4ngende gesellschaftliche Themen aufzugreifen. Die keine Angst hat, bestehende Mechanismen fundamental zu hinterfragen, und gleichzeitig menschen- und umweltfreundliche Modelle des Zusammenlebens entwickelt. Getragen von einem Geist der Hoffnung, gegenseitiger Liebe und Zuversicht.<\/p>\n\n\n\n<div class=\"wp-block-image\"><figure class=\"alignleft\"><a href=\"https:\/\/www.facebook.com\/Seele-und-Sorge-278815565795410\/?fref=ts\" target=\"_blank\" rel=\"noreferrer noopener\"><img loading=\"lazy\" decoding=\"async\" width=\"37\" height=\"37\" src=\"http:\/\/www.seele-und-sorge.de\/wp-content\/uploads\/2016\/06\/facebook_s_kl.png\" alt=\"facebook_s_kl\" class=\"wp-image-2023\"\/><\/a><\/figure><\/div>\n\n\n\n<p><a href=\"https:\/\/www.facebook.com\/Seele-und-Sorge-278815565795410\/?fref=ts\" target=\"_blank\" rel=\"noreferrer noopener\">Besuchen Sie auch unsere facebookseite \u201eSeele &amp; Sorge\u201c<\/a><\/p>\n","protected":false},"excerpt":{"rendered":"<p>DIAKONISCHE PILGERREISEN:&nbsp;DER BLOG Wir entdecken Diakonische Pilgerorte \u2013&nbsp;diesmal auf der Spur von: Renate Abe\u00dfer Die Villa an der Schwabach. \u201eGott&#8230; <a href=\"https:\/\/www.seele-und-sorge.de\/?page_id=5885\">read more<\/a><\/p>\n","protected":false},"author":1,"featured_media":0,"parent":1911,"menu_order":29,"comment_status":"closed","ping_status":"closed","template":"","meta":{"footnotes":""},"class_list":["post-5885","page","type-page","status-publish","hentry"],"_links":{"self":[{"href":"https:\/\/www.seele-und-sorge.de\/index.php?rest_route=\/wp\/v2\/pages\/5885"}],"collection":[{"href":"https:\/\/www.seele-und-sorge.de\/index.php?rest_route=\/wp\/v2\/pages"}],"about":[{"href":"https:\/\/www.seele-und-sorge.de\/index.php?rest_route=\/wp\/v2\/types\/page"}],"author":[{"embeddable":true,"href":"https:\/\/www.seele-und-sorge.de\/index.php?rest_route=\/wp\/v2\/users\/1"}],"replies":[{"embeddable":true,"href":"https:\/\/www.seele-und-sorge.de\/index.php?rest_route=%2Fwp%2Fv2%2Fcomments&post=5885"}],"version-history":[{"count":9,"href":"https:\/\/www.seele-und-sorge.de\/index.php?rest_route=\/wp\/v2\/pages\/5885\/revisions"}],"predecessor-version":[{"id":5913,"href":"https:\/\/www.seele-und-sorge.de\/index.php?rest_route=\/wp\/v2\/pages\/5885\/revisions\/5913"}],"up":[{"embeddable":true,"href":"https:\/\/www.seele-und-sorge.de\/index.php?rest_route=\/wp\/v2\/pages\/1911"}],"wp:attachment":[{"href":"https:\/\/www.seele-und-sorge.de\/index.php?rest_route=%2Fwp%2Fv2%2Fmedia&parent=5885"}],"curies":[{"name":"wp","href":"https:\/\/api.w.org\/{rel}","templated":true}]}}