{"id":5583,"date":"2020-09-30T11:17:15","date_gmt":"2020-09-30T09:17:15","guid":{"rendered":"https:\/\/www.seele-und-sorge.de\/?page_id=5583"},"modified":"2022-04-05T11:58:37","modified_gmt":"2022-04-05T09:58:37","slug":"zur-naechstenliebe-geboren","status":"publish","type":"page","link":"https:\/\/www.seele-und-sorge.de\/?page_id=5583","title":{"rendered":"Zur N\u00e4chstenliebe geboren?"},"content":{"rendered":"\n<p><strong>Empathische Pflege hat kein Geschlecht<\/strong><\/p>\n\n\n\n<p>\u201eEiner der sch\u00f6nsten Frauenberufe (wenn man denn \u00fcberhaupt diese Arbeit als Beruf bezeichnet) ist der der Schwester. In ihm sind den T\u00e4tigkeiten der Frau, entsprechend der ihr von Natur gegebenen Veranlagung, weite Grenzen gesetzt. Er ist der fraulichste aller Berufe. Alles, was man von einer Frau erwartet: Hilfsbereitschaft, G\u00fcte, M\u00fctterlichkeit, wahres Frauentum sind die Wesensz\u00fcge einer echten Frau an sich. Und so gibt es f\u00fcr eine Frau keinen w\u00fcrdigeren Beruf neben dem der Mutter als den Schwesternberuf.\u201c<\/p>\n\n\n\n<p>Hier der gesamte Artikel zum nachlesen:<\/p>\n\n\n\n<div class=\"wp-block-file\"><a id=\"wp-block-file--media-02a18e57-c84f-44fd-8744-f3994c2e81bb\" href=\"https:\/\/www.seele-und-sorge.de\/wp-content\/uploads\/2020\/09\/LS-2-2020-Cornelia_Coenen-Marx_Zur_Naechstenliebe_geboren.pdf\">LS-2-2020-Cornelia_Coenen-Marx_Zur_Naechstenliebe_geboren<\/a><a href=\"https:\/\/www.seele-und-sorge.de\/wp-content\/uploads\/2020\/09\/LS-2-2020-Cornelia_Coenen-Marx_Zur_Naechstenliebe_geboren.pdf\" class=\"wp-block-file__button\" download aria-describedby=\"wp-block-file--media-02a18e57-c84f-44fd-8744-f3994c2e81bb\">Herunterladen<\/a><\/div>\n","protected":false},"excerpt":{"rendered":"<p>Empathische Pflege hat kein Geschlecht \u201eEiner der sch\u00f6nsten Frauenberufe (wenn man denn \u00fcberhaupt diese Arbeit als Beruf bezeichnet) ist der&#8230; <a href=\"https:\/\/www.seele-und-sorge.de\/?page_id=5583\">read more<\/a><\/p>\n","protected":false},"author":1,"featured_media":0,"parent":502,"menu_order":86,"comment_status":"closed","ping_status":"closed","template":"","meta":{"footnotes":""},"class_list":["post-5583","page","type-page","status-publish","hentry"],"_links":{"self":[{"href":"https:\/\/www.seele-und-sorge.de\/index.php?rest_route=\/wp\/v2\/pages\/5583"}],"collection":[{"href":"https:\/\/www.seele-und-sorge.de\/index.php?rest_route=\/wp\/v2\/pages"}],"about":[{"href":"https:\/\/www.seele-und-sorge.de\/index.php?rest_route=\/wp\/v2\/types\/page"}],"author":[{"embeddable":true,"href":"https:\/\/www.seele-und-sorge.de\/index.php?rest_route=\/wp\/v2\/users\/1"}],"replies":[{"embeddable":true,"href":"https:\/\/www.seele-und-sorge.de\/index.php?rest_route=%2Fwp%2Fv2%2Fcomments&post=5583"}],"version-history":[{"count":3,"href":"https:\/\/www.seele-und-sorge.de\/index.php?rest_route=\/wp\/v2\/pages\/5583\/revisions"}],"predecessor-version":[{"id":7342,"href":"https:\/\/www.seele-und-sorge.de\/index.php?rest_route=\/wp\/v2\/pages\/5583\/revisions\/7342"}],"up":[{"embeddable":true,"href":"https:\/\/www.seele-und-sorge.de\/index.php?rest_route=\/wp\/v2\/pages\/502"}],"wp:attachment":[{"href":"https:\/\/www.seele-und-sorge.de\/index.php?rest_route=%2Fwp%2Fv2%2Fmedia&parent=5583"}],"curies":[{"name":"wp","href":"https:\/\/api.w.org\/{rel}","templated":true}]}}