{"id":5147,"date":"2020-03-20T19:02:18","date_gmt":"2020-03-20T18:02:18","guid":{"rendered":"https:\/\/www.seele-und-sorge.de\/?page_id=5147"},"modified":"2026-04-10T15:40:49","modified_gmt":"2026-04-10T13:40:49","slug":"methodenkoffer","status":"publish","type":"page","link":"https:\/\/www.seele-und-sorge.de\/?page_id=5147","title":{"rendered":"Methodenkoffer"},"content":{"rendered":"<div class=\"wp-block-image\">\n<figure class=\"aligncenter is-resized\"><img loading=\"lazy\" decoding=\"async\" width=\"768\" height=\"1024\" src=\"https:\/\/www.seele-und-sorge.de\/wp-content\/uploads\/2020\/03\/IMG_20191028_151938-768x1024.jpg\" alt=\"\" class=\"wp-image-5149\" style=\"width:384px;height:512px\" srcset=\"https:\/\/www.seele-und-sorge.de\/wp-content\/uploads\/2020\/03\/IMG_20191028_151938-768x1024.jpg 768w, https:\/\/www.seele-und-sorge.de\/wp-content\/uploads\/2020\/03\/IMG_20191028_151938-225x300.jpg 225w\" sizes=\"(max-width: 768px) 100vw, 768px\" \/><\/figure><\/div>\n\n\n<p>Neue Ideen, neue Formen des Miteinanders, neue Denkweisen zu\nentwickeln, das gelingt umso besser, je mehr unterschiedliche Anteile des\nSelbst und der Gruppe angesprochen werden. Denn kreativ sind wir, wenn wir\nm\u00f6glichst mit allen Sinnen, mit Geist, K\u00f6rper und Seele beteiligt sind.\nVerborgene Ressourcen k\u00f6nnen wir erschlie\u00dfen, wenn wir mit anderen auch mal\nungew\u00f6hnliche Formen der Zusammenarbeit ausprobieren.<\/p>\n\n\n\n<p>Aus diesen Gr\u00fcnden arbeite ich bei meinen Veranstaltungen\nselbst mit unterschiedlichsten Methoden. Viele davon wie etwa gemeinsames\nBrainstorming oder das Worldcaf\u00e9 sind relativ bekannt. Hier m\u00f6chte ich gern auf\neinige ungew\u00f6hnlichere Methoden und Werkzeuge aufmerksam machen, die ich selbst\nals sehr produktiv erlebe und denen ich darum einen noch vielf\u00e4ltigeren Einsatz\nw\u00fcnsche.<\/p>\n\n\n\n<p>Im <strong>Graphic Recording<\/strong> h\u00e4lt eine Zeichnerin, ein Zeichner die Ergebnisse von Brainstormings oder der gemeinsamen Recherche, eventuell aber auch die Situation im Workshop selbst fest. Diese Bilder pr\u00e4gen sich oft st\u00e4rker ein als Worte und bleiben vielen als motivierender Ausdruck der Aufbruchsstimmung im Workshop im Sinn. Ich selbst arbeite sehr gern mit Katrina G\u00fcnther (<a rel=\"noreferrer noopener\" aria-label=\"thinking-visual.com (\u00f6ffnet in neuem Tab)\" href=\"http:\/\/thinking-visual.com\" target=\"_blank\"><strong>thinking-visual.com<\/strong><\/a>) zusammen.<\/p>\n\n\n\n<p>Die <strong><a href=\"https:\/\/www.afgshop.de\/fragetasche-kostenlose-mustertasche-1.html\" target=\"_blank\" rel=\"noreferrer noopener\">Fragetasche<\/a> <\/strong>des\nAmts f\u00fcr Gemeindedienst (afg) in der Evangelisch lutherischen Kirche in Bayern\nist ein hilfreiches Werkzeug f\u00fcr die Erkundung eines Quartiers. Arbeitsb\u00f6gen\nund andere Materialien helfen, immer wieder neue Blickrichtungen einzunehmen,\num das so scheinbar Bekannte neu wahrzunehmen. So kommen oft wie von selbst die\nIdeen, wie ein Stadtteil zu einer Caring Community werden kann.<\/p>\n\n\n\n<p>Das Kartenset <a href=\"https:\/\/abcwf.de\/\" target=\"_blank\" rel=\"noreferrer noopener\"><strong>Werteorientiert f\u00fchren<\/strong><\/a> von Gabriele Bartsch und Dorothee Moser enth\u00e4lt ungew\u00f6hnliche Fragen, die helfen, die eigenen Sicht- und Handlungsweisen zu reflektieren und auch einmal neue Blickwinkel einzunehmen. Das Instrument eignet sich f\u00fcr die individuelle Nutzung im Managementalltag, ich setze einige Karten aber auch gern in F\u00fchrungskr\u00e4fteworkshops ein.\u00a0 <\/p>\n\n\n\n<p><strong>Coaching-Cubes f\u00fcr Storytelling<\/strong><br>Wenn ich unterwegs bin, habe ich sie oft dabei. Und beim Coaching stecken sie immer in meinem kleinen Material-Koffer: die Coaching-Cubes, kaum gr\u00f6\u00dfer als meine Handinnenfl\u00e4che. 48 kleine W\u00fcrfel mit Symbolen und Fragew\u00f6rtern inspirieren zu Geschichten und neuen Gedanken. Die Symbole erz\u00e4hlen von Emotionen, Werten und Zielen, Menschen, zu denen ich Beziehungen habe, von M\u00f6glichkeiten\u2026 Es gibt 8 verschiedene Symboltypen, die sich immer neu zusammenstellen (lassen). Zum Beispiel: Wer ich bin, was ich will, was ich kann. Die W\u00fcrfelsymbole machen Vorschl\u00e4ge, f\u00fchren mich auf einen Weg, den ich selbst bedenke, von dem ich erz\u00e4hle.<\/p>\n\n\n\n<p>Ein gutes Tool, um sich selbst eine kleine Auszeit zu nehmen oder ein Coaching zu beginnen.<\/p>\n\n\n\n<p><strong>Frauke Niehues, Impacttechniken (Karten) bei Junfermann<\/strong><br>Nach unterschiedlichen Themen und Fragestellungen sortiert, geben mir die Karten Anregungen f\u00fcr eine Coaching-Einheit. Oder sie lassen sich unmittelbar in der Sitzung nutzen. Fotos, \u00dcbungsanregungen, Ideen f\u00fcr Geschichten.<br>Es geht um Selbstwertgef\u00fchl, Selbstf\u00fcrsorge, Kommunikation und Konflikte und weitere zentrale Themen. Der \u201eKasten\u201c enth\u00e4lt auch ein Booklet zum Gebrauch und online-Materialien\u00a0<\/p>\n\n\n\n<p><\/p>\n","protected":false},"excerpt":{"rendered":"<p>Neue Ideen, neue Formen des Miteinanders, neue Denkweisen zu entwickeln, das gelingt umso besser, je mehr unterschiedliche Anteile des Selbst&#8230; <a href=\"https:\/\/www.seele-und-sorge.de\/?page_id=5147\">read more<\/a><\/p>\n","protected":false},"author":1,"featured_media":0,"parent":7053,"menu_order":9,"comment_status":"closed","ping_status":"closed","template":"","meta":{"footnotes":""},"class_list":["post-5147","page","type-page","status-publish","hentry"],"_links":{"self":[{"href":"https:\/\/www.seele-und-sorge.de\/index.php?rest_route=\/wp\/v2\/pages\/5147"}],"collection":[{"href":"https:\/\/www.seele-und-sorge.de\/index.php?rest_route=\/wp\/v2\/pages"}],"about":[{"href":"https:\/\/www.seele-und-sorge.de\/index.php?rest_route=\/wp\/v2\/types\/page"}],"author":[{"embeddable":true,"href":"https:\/\/www.seele-und-sorge.de\/index.php?rest_route=\/wp\/v2\/users\/1"}],"replies":[{"embeddable":true,"href":"https:\/\/www.seele-und-sorge.de\/index.php?rest_route=%2Fwp%2Fv2%2Fcomments&post=5147"}],"version-history":[{"count":5,"href":"https:\/\/www.seele-und-sorge.de\/index.php?rest_route=\/wp\/v2\/pages\/5147\/revisions"}],"predecessor-version":[{"id":8360,"href":"https:\/\/www.seele-und-sorge.de\/index.php?rest_route=\/wp\/v2\/pages\/5147\/revisions\/8360"}],"up":[{"embeddable":true,"href":"https:\/\/www.seele-und-sorge.de\/index.php?rest_route=\/wp\/v2\/pages\/7053"}],"wp:attachment":[{"href":"https:\/\/www.seele-und-sorge.de\/index.php?rest_route=%2Fwp%2Fv2%2Fmedia&parent=5147"}],"curies":[{"name":"wp","href":"https:\/\/api.w.org\/{rel}","templated":true}]}}