{"id":4566,"date":"2019-08-29T12:01:56","date_gmt":"2019-08-29T10:01:56","guid":{"rendered":"https:\/\/www.seele-und-sorge.de\/?page_id=4566"},"modified":"2019-08-29T12:01:56","modified_gmt":"2019-08-29T10:01:56","slug":"kraftorte-interview-mit-sr-corinna-kloss-referentin-bei-den-diakonissen-speyer","status":"publish","type":"page","link":"https:\/\/www.seele-und-sorge.de\/?page_id=4566","title":{"rendered":"Kraftorte: Interview mit Sr. Corinna Kloss, Referentin bei den Diakonissen Speyer"},"content":{"rendered":"<h3><a href=\"http:\/\/www.seele-und-sorge.de\/wp-content\/uploads\/2015\/01\/SuS_Logo_RGB_mit-Unterzeile-Kopie.png\"><img loading=\"lazy\" decoding=\"async\" class=\"aligncenter size-medium wp-image-857\" src=\"http:\/\/www.seele-und-sorge.de\/wp-content\/uploads\/2015\/01\/SuS_Logo_RGB_mit-Unterzeile-Kopie-300x107.png\" alt=\"SuS_Logo_RGB_mit Unterzeile Kopie\" width=\"300\" height=\"107\" srcset=\"https:\/\/www.seele-und-sorge.de\/wp-content\/uploads\/2015\/01\/SuS_Logo_RGB_mit-Unterzeile-Kopie-300x107.png 300w, https:\/\/www.seele-und-sorge.de\/wp-content\/uploads\/2015\/01\/SuS_Logo_RGB_mit-Unterzeile-Kopie.png 576w\" sizes=\"(max-width: 300px) 100vw, 300px\" \/><\/a><\/h3>\n<h3 style=\"text-align: center;\"><span style=\"color: #8ab310;\">DIAKONISCHE PILGERREISEN:\u00a0<span style=\"color: #eb910c;\">DER BLOG<\/span><\/span><\/h3>\n<h3 style=\"text-align: center;\"><strong>Wir entdecken Diakonische Pilgerorte \u2013\u00a0<\/strong><br \/>\n<strong>diesmal auf der Spur von: Sr. Corinna Kloss <\/strong><\/h3>\n<table style=\"height: 436px;\" width=\"716\">\n<tbody>\n<tr>\n<td width=\"232\"><a href=\"https:\/\/www.seele-und-sorge.de\/wp-content\/uploads\/2019\/08\/01.jpg\"><img loading=\"lazy\" decoding=\"async\" class=\"wp-image-4568 size-full aligncenter\" src=\"https:\/\/www.seele-und-sorge.de\/wp-content\/uploads\/2019\/08\/01.jpg\" alt=\"\" width=\"300\" height=\"169\" \/><\/a>Das Mutterhaus in Speyer ist ein Raum f\u00fcr Menschen mit unterschiedlichen Bed\u00fcrfnissen. Insbesondere verbringen alt gewordene Diakonissen hier ihren Lebensabend. Zudem hat die Hauptverwaltung des Unternehmens (ca. 6.000 Mitarbeitende) hier ihre Zentrale. In den modernen Tagungsr\u00e4umen treffen sich Fortbildungsgruppen zu fachbezogenen oder spirituell-diakonischen Themen und erleben nebenbei etwas von der besonderen Atmosph\u00e4re des Hauses. Die Diakonische Gemeinschaft findet in der Kapelle und in Gruppenr\u00e4umen M\u00f6glichkeiten, ihr Leben zu gestalten.<\/td>\n<td width=\"232\"><a href=\"https:\/\/www.seele-und-sorge.de\/wp-content\/uploads\/2019\/08\/Sr.-Corinna-Kloss_web.jpg\"><img loading=\"lazy\" decoding=\"async\" class=\"aligncenter wp-image-4569\" src=\"https:\/\/www.seele-und-sorge.de\/wp-content\/uploads\/2019\/08\/Sr.-Corinna-Kloss_web.jpg\" alt=\"\" width=\"195\" height=\"300\" srcset=\"https:\/\/www.seele-und-sorge.de\/wp-content\/uploads\/2019\/08\/Sr.-Corinna-Kloss_web.jpg 300w, https:\/\/www.seele-und-sorge.de\/wp-content\/uploads\/2019\/08\/Sr.-Corinna-Kloss_web-195x300.jpg 195w\" sizes=\"(max-width: 195px) 100vw, 195px\" \/><\/a>Sr. Corinna Kloss arbeitet bei den Diakonissen Speyer als Referentin der Oberin Sr. Isabelle Wien und ist 2017 der dortigen Diakonischen Gemeinschaft als Diakonisse beigetreten. Die dreifache Mutter und Pfarrerin ist im Unternehmen mit zust\u00e4ndig f\u00fcr die Pflege der diakonischen Kultur, f\u00fcr die Ehrenamtsarbeit und f\u00fcr die Diakonische Gemeinschaft.<\/td>\n<\/tr>\n<\/tbody>\n<\/table>\n<p><strong><br \/>\nSie besch\u00e4ftigen sich beruflich und\/oder ehrenamtlich mit Diakonie. Was liegt Ihnen dabei besonders am Herzen?<br \/>\n<\/strong>\u201eChristus spricht: Alles, was ihr getan habt einem meiner geringsten Br\u00fcder, das habt ihr mir getan.\u201c (Matt 25,40) Dieser Satz, der Hausspruch unseres Speyerer Mutterhauses, ermutigt dazu, dass wir in <em>allen<\/em> Menschen Jesu Br\u00fcder und Schwestern, Gottes geliebte Kinder zu sehen versuchen, egal in welcher Lebenssituation sie stecken, aus welchem Kulturkreis sie kommen oder mit welchen Pers\u00f6nlichkeitsmerkmalen sie ausgestattet sind.<\/p>\n<p>Ein besonderes Anliegen ist es mir dabei, die haupt- und ehrenamtlich Mitarbeitenden in unserem Unternehmen zu unterst\u00fctzen, die diesen Vers des Evangeliums jeden Tag in ihrem Dienst zu leben versuchen. Das kann durch Fortbildungen geschehen, die das berufliche Handeln reflektieren oder das eigene Leben in guter Balance f\u00fchren helfen. Auch spirituelle Angebote, Auszeiten oder ein vertrauensvolles Gespr\u00e4ch k\u00f6nnen hierzu hilfreich sein.<\/p>\n<p><strong>Gibt es eine pers\u00f6nliche Erfahrung, die Ihnen den Kern diakonischer Arbeit existenziell vor Augen gef\u00fchrt hat?<br \/>\n<\/strong>In vielen unserer Einrichtungen \u2013 vom Hospiz \u00fcber die Jugendhilfe bis hin zur Krankenhausstation \u2013 erlebe ich Menschen, die sich Hilfesuchenden so liebevoll zuwenden, dass diese sich trotz ihrer zum Teil bedr\u00fcckenden Situation wieder frohgemut dem Leben zuwenden k\u00f6nnen.<\/p>\n<p>Und doch erlebe ich Diakonie immer wieder besonders eindr\u00fccklich im Zusammensein mit den Schwestern und Br\u00fcdern unserer Diakonischen Gemeinschaft: Da gibt die alt gewordene Schwester von ihrem langj\u00e4hrigen Erfahrungsschatz als Heimleiterin etwas weiter an die junge Diakonisse neuer Form in der Alltagsbegleitung, da feiert der Diakonische Bruder beim monatlichen Gemeinschaftstreffen das Tischabendmahl und erz\u00e4hlt in der Predigt von seiner Arbeit als Religionslehrer. Und nach dem Schlusssegen versorgen alle, die gut zu Fu\u00df sind, diejenigen, die daf\u00fcr schon einmal an ihrem Tisch die Spruchk\u00e4rtchen aufstellen.<\/p>\n<p><strong>An welchem Ort (in welcher Einrichtung, in welchem Haus oder Raum) ist Diakonie f\u00fcr Sie in besonderer Weise sichtbar und erfahrbar geworden und was hat Sie dort fasziniert?<br \/>\n<\/strong>Ein solcher Ort ist f\u00fcr mich der Fliedner-Saal in unserem Mutterhaus, ein Fest- und Feiersaal, der \u00fcber moderne Technik verf\u00fcgt und \u00fcber zweihundert Menschen Platz bieten kann. Faszinierend ist hier f\u00fcr mich, dass der Saal \u2013 nicht zuletzt dank engagierter Haushandwerker und Hauswirtschaft! \u2013 bei jedem Anlass ein herzliches \u201eWillkommen!\u201c ausstrahlt durch seine helle Raumwirkung, eine liebevolle Tischdekoration und eine einladende Gestaltung der dort stattfindenden Veranstaltungen.<\/p>\n<p><strong>Was macht Ihrer Meinung nach einen \u2013 oder diesen \u2013 \u201ediakonischen Ort\u201c zum spirituellen Kraftort (Geschichte, Gestaltung, Personen \u2026)?<br \/>\n<\/strong>Hier k\u00f6nnen Menschen aus unterschiedlichen Lebenssituationen und -hintergr\u00fcnden zusammenkommen, sich informieren, sich austauschen bei einer gemeinsamen Mahlzeit oder auch miteinander Gottesdienst feiern \u2013 je nach Art der Veranstaltung. Oft sind es Mitarbeitende aus unseren Einrichtungen, Bewohner der Einrichtungen oder Mitglieder der Diakonischen Gemeinschaft, die hier erleben: Ich bin angenommen und gehe durch Begegnung und Gebet gest\u00e4rkt wieder hinaus in meinen Dienst und meinen Alltag.<\/p>\n<p><strong>Was w\u00fcrden Sie in Ihrem Arbeitsumfeld r\u00e4umlich \u00e4ndern, wenn Sie die Freiheit und Mittel dazu h\u00e4tten, damit die Arbeit, die Ihnen am Herzen liegt, noch besser gelingt?<br \/>\n<\/strong>Um Menschen wertsch\u00e4tzend zu begegnen und ihnen miteinander und mit Gott ins Gespr\u00e4ch zu helfen, brauchen wir R\u00e4ume mit Atmosph\u00e4re und Flexibilit\u00e4t, die solche Begegnungen erleichtern. Hierzu stehen im Mutterhaus manche R\u00e4ume zur Verf\u00fcgung, die teilweise jedoch von der Einrichtung her nicht immer zu den heutigen Anforderungen passen. So erschweren beispielsweise die festen Kirchenb\u00e4nke in der Kapelle die Gestaltung von kreativeren Gottesdiensten wie etwa einem Familiengottesdienst. Hier gute Verbindungen zu schaffen zwischen Tradition und Moderne, ohne Verletzungen zuzuf\u00fcgen, sollte unser Ziel sein.<\/p>\n<p>Manchmal w\u00e4ren auch mehr \u00dcbernachtungsr\u00e4ume hilfreich sowie ein fester Raum, in dem unser Flohmarktteam seine vielen Sch\u00e4tze dauerhaft ausstellen kann.<\/p>\n<p class=\"p1\"><strong>Vielen Dank!<\/strong><\/p>\n<p><a href=\"https:\/\/www.facebook.com\/Seele-und-Sorge-278815565795410\/?fref=ts\" target=\"_blank\" rel=\"noopener noreferrer\"><img loading=\"lazy\" decoding=\"async\" class=\"alignleft size-full wp-image-2023\" src=\"http:\/\/www.seele-und-sorge.de\/wp-content\/uploads\/2016\/06\/facebook_s_kl.png\" alt=\"facebook_s_kl\" width=\"37\" height=\"37\" \/><\/a><\/p>\n<p><a href=\"https:\/\/www.facebook.com\/Seele-und-Sorge-278815565795410\/?fref=ts\" target=\"_blank\" rel=\"noopener noreferrer\">Besuchen Sie auch unsere facebookseite \u201eSeele &amp; Sorge\u201c<\/a><\/p>\n","protected":false},"excerpt":{"rendered":"<p>DIAKONISCHE PILGERREISEN:\u00a0DER BLOG Wir entdecken Diakonische Pilgerorte \u2013\u00a0 diesmal auf der Spur von: Sr. Corinna Kloss Das Mutterhaus in Speyer&#8230; <a href=\"https:\/\/www.seele-und-sorge.de\/?page_id=4566\">read more<\/a><\/p>\n","protected":false},"author":1,"featured_media":0,"parent":1911,"menu_order":33,"comment_status":"closed","ping_status":"closed","template":"","meta":{"footnotes":""},"class_list":["post-4566","page","type-page","status-publish","hentry"],"_links":{"self":[{"href":"https:\/\/www.seele-und-sorge.de\/index.php?rest_route=\/wp\/v2\/pages\/4566"}],"collection":[{"href":"https:\/\/www.seele-und-sorge.de\/index.php?rest_route=\/wp\/v2\/pages"}],"about":[{"href":"https:\/\/www.seele-und-sorge.de\/index.php?rest_route=\/wp\/v2\/types\/page"}],"author":[{"embeddable":true,"href":"https:\/\/www.seele-und-sorge.de\/index.php?rest_route=\/wp\/v2\/users\/1"}],"replies":[{"embeddable":true,"href":"https:\/\/www.seele-und-sorge.de\/index.php?rest_route=%2Fwp%2Fv2%2Fcomments&post=4566"}],"version-history":[{"count":4,"href":"https:\/\/www.seele-und-sorge.de\/index.php?rest_route=\/wp\/v2\/pages\/4566\/revisions"}],"predecessor-version":[{"id":4639,"href":"https:\/\/www.seele-und-sorge.de\/index.php?rest_route=\/wp\/v2\/pages\/4566\/revisions\/4639"}],"up":[{"embeddable":true,"href":"https:\/\/www.seele-und-sorge.de\/index.php?rest_route=\/wp\/v2\/pages\/1911"}],"wp:attachment":[{"href":"https:\/\/www.seele-und-sorge.de\/index.php?rest_route=%2Fwp%2Fv2%2Fmedia&parent=4566"}],"curies":[{"name":"wp","href":"https:\/\/api.w.org\/{rel}","templated":true}]}}