{"id":4458,"date":"2019-07-02T12:27:39","date_gmt":"2019-07-02T10:27:39","guid":{"rendered":"https:\/\/www.seele-und-sorge.de\/?page_id=4458"},"modified":"2019-07-02T14:33:20","modified_gmt":"2019-07-02T12:33:20","slug":"kraftorte-interview-mit-bruder-guenter-tischer-diakon-und-geistlicher-begleiter-in-der-rummelsberger-diakonie-2","status":"publish","type":"page","link":"https:\/\/www.seele-und-sorge.de\/?page_id=4458","title":{"rendered":"Kraftorte: Interview mit Dr. Thomas M\u00e4ule, Pfarrer bei der Evangelischen Heimstiftung, Baden-W\u00fcrttemberg"},"content":{"rendered":"<h3><a href=\"http:\/\/www.seele-und-sorge.de\/wp-content\/uploads\/2015\/01\/SuS_Logo_RGB_mit-Unterzeile-Kopie.png\"><img loading=\"lazy\" decoding=\"async\" class=\"aligncenter size-medium wp-image-857\" src=\"http:\/\/www.seele-und-sorge.de\/wp-content\/uploads\/2015\/01\/SuS_Logo_RGB_mit-Unterzeile-Kopie-300x107.png\" alt=\"SuS_Logo_RGB_mit Unterzeile Kopie\" width=\"300\" height=\"107\" srcset=\"https:\/\/www.seele-und-sorge.de\/wp-content\/uploads\/2015\/01\/SuS_Logo_RGB_mit-Unterzeile-Kopie-300x107.png 300w, https:\/\/www.seele-und-sorge.de\/wp-content\/uploads\/2015\/01\/SuS_Logo_RGB_mit-Unterzeile-Kopie.png 576w\" sizes=\"(max-width: 300px) 100vw, 300px\" \/><\/a><\/h3>\n<h3 style=\"text-align: center;\"><span style=\"color: #8ab310;\">DIAKONISCHE PILGERREISEN:&nbsp;<span style=\"color: #eb910c;\">DER BLOG<\/span><\/span><\/h3>\n<h3 style=\"text-align: center;\"><strong>Wir entdecken Diakonische Pilgerorte \u2013&nbsp;<\/strong><br><strong>diesmal auf der Spur von: Dr. Thomas M\u00e4ule<\/strong><\/h3>\n<table style=\"height: 436px;\" width=\"716\">\n<tbody>\n<tr>\n<td width=\"232\"><a href=\"https:\/\/www.seele-und-sorge.de\/wp-content\/uploads\/2019\/07\/II.jpg\"><img loading=\"lazy\" decoding=\"async\" class=\"aligncenter wp-image-4467 size-full\" src=\"https:\/\/www.seele-und-sorge.de\/wp-content\/uploads\/2019\/07\/II.jpg\" alt=\"\" width=\"200\" height=\"200\" srcset=\"https:\/\/www.seele-und-sorge.de\/wp-content\/uploads\/2019\/07\/II.jpg 200w, https:\/\/www.seele-und-sorge.de\/wp-content\/uploads\/2019\/07\/II-150x150.jpg 150w\" sizes=\"(max-width: 200px) 100vw, 200px\" \/><\/a><em><em>Wir brauchen Orte der Besinnung und Ermutigung: dem Gewissen zu folgen und nicht dem Mainstream. Und dann auch mal laut zu sagen: Nein!<p><\/p>\n<\/em><\/em><p><em><em><\/em><\/em><em style=\"font-family: inherit; font-weight: inherit;\">Gerne k\u00f6nnen Sie Gast der Heimstiftung sein. Kommen Sie werktags zwischen 9 und 16 Uhr in die Hackstra\u00dfe 12 nach Stuttgart und melden Sie sich im Foyer.<\/em><\/p><\/td>\n<td width=\"232\"><a href=\"https:\/\/www.seele-und-sorge.de\/wp-content\/uploads\/2019\/07\/Maeule_2_highres.jpg\"><img loading=\"lazy\" decoding=\"async\" class=\"aligncenter wp-image-4469 size-full\" src=\"https:\/\/www.seele-und-sorge.de\/wp-content\/uploads\/2019\/07\/Maeule_2_highres.jpg\" alt=\"\" width=\"300\" height=\"200\"><\/a><p><\/p>\n<p>Thomas M\u00e4ule ist seit f\u00fcnfzehn Jahren Pfarrer bei der &nbsp;<a href=\"http:\/\/www.ev-heimstiftung.de\">Evangelischen Heimstiftung<\/a>,&nbsp;einem gro\u00dfen Altenhilfetr\u00e4ger in Baden-W\u00fcrttemberg. Er leitet die Stabsstelle \u201eTheologie und Ethik\u201c. Seine Aufgabe besteht darin, diakonische Kultur im Unternehmen zu gestalten. Zuvor hat er das Theologische Grundsatzreferat im Diakonischen Werk geleitet, war Studienleiter in der Akademie Bad Boll und in der Pfarrersausbildung t\u00e4tig.<\/p>\n<\/td>\n<\/tr>\n<\/tbody>\n<\/table>\n<p><\/p>\n\n\n<p><strong>Sie besch\u00e4ftigen sich beruflich und\/oder ehrenamtlich mit Diakonie. Was liegt Ihnen dabei besonders am Herzen?<br><\/strong>Ich mache mir Sorgen um ein Gesundheitssystem, das zunehmend den Gesetzen des Marktes folgt. In dem Pflegende und \u00c4rzte das Gef\u00fchl haben, ihren Aufgaben nicht richtig gerecht werden zu k\u00f6nnen. Und in dem Patienten und Bewohner zu einem Mittel der Ertragssteigerung werden. F\u00fcr mich ist eine Sorgeethik mit und f\u00fcr \u00e4ltere Menschen die soziale Herausforderung des 21. Jahrhunderts. Wie kann eine Haltung des Sorgens t\u00e4glich gelebt und gen\u00e4hrt werden? Wie kann die Motivation von Helfern und Helferinnen erhalten, einer Frustration ihrer Ideale vorgebeugt werden? Welche Formen der Verst\u00e4ndigung, der Organisation, des Umgangs miteinander und der Selbstsorge n\u00e4hren Haltung und Praxis des Sorgens? Das sind Themen und Fragen, mit denen ich mich besch\u00e4ftige und die mir am Herzen liegen. <\/p>\n\n\n\n<p><strong>Gibt es eine pers\u00f6nliche Erfahrung, die Ihnen den Kern diakonischer Arbeit existenziell vor Augen gef\u00fchrt hat?<br><\/strong>Helfender Beistand und echte menschliche Anteilnahme geschehen t\u00e4glich in den Beziehungen zwischen helfenden und hilfsbed\u00fcrftigen Menschen. Wenn sie \u00fcber oberfl\u00e4chlichen Kontakt hinausgehen und wir gemeinsam bedeutsame Situationen erleben. In einem Filmprojekt mit dem Titel <a href=\"https:\/\/www.ev-heimstiftung.de\/leistungen\">\u201eIm Alter Mensch sein\u201c<\/a>  ist mir das eindr\u00fccklich vor Augen gef\u00fchrt worden. Ich habe mit Bewohnern \u00fcber das Alter nachgedacht, gefragt, wie es ihnen gelingt, die eigenen engen Grenzen zu akzeptieren. Und ich habe Vorbilder gefunden, die mich die Kunst des Alterns lehren und mir beibringen, gelassen dem \u00c4lterwerden entgegenzutreten. Geben und Nehmen auf Augenh\u00f6he, biografisches Erz\u00e4hlen als Quelle \u2013 das ist Kern diakonischer Arbeit. Aber auch: Haltung als R\u00fcckgrat. Alte Menschen haben feine Antennen und sp\u00fcren genau, in welcher Haltung wir ihnen begegnen. <\/p>\n\n\n\n<p><strong>An welchem Ort (in welcher Einrichtung, in welchem Haus oder Raum) ist Diakonie f\u00fcr Sie in besonderer Weise sichtbar und erfahrbar geworden und was hat Sie dort fasziniert?<\/strong><br>Im Verwaltungsgeb\u00e4ude der\nEvangelischen Heimstiftung im Stuttgarter Osten (Hackstra\u00dfe 12) finden sich\nzwei diakonische Orte, f\u00fcr die mein Herz schl\u00e4gt: der Eingangsbereich mit dem\nRelief der Unternehmensgr\u00fcnderin und der Raum der Stille. <\/p>\n\n\n\n<div class=\"wp-block-image\"><figure class=\"alignleft\"><a href=\"https:\/\/www.seele-und-sorge.de\/wp-content\/uploads\/2019\/07\/Maeule_2_highres.jpg\"><img loading=\"lazy\" decoding=\"async\" width=\"300\" height=\"202\" src=\"https:\/\/www.seele-und-sorge.de\/wp-content\/uploads\/2019\/07\/III.jpg\" alt=\"\" class=\"wp-image-4468\"\/><\/a><\/figure><\/div>\n\n\n\n<p>An der Eingangst\u00fcr begr\u00fc\u00dft ein starker Satz Mitarbeiter und G\u00e4ste. Er stammt von der Unternehmensgr\u00fcnderin Dr. Antonie Kraut. \u201eWo um der Liebe Gottes und des Erkennens Jesu willen der Elende ruft, da ist die Kirche zur Hilfe verpflichtet, unbeschadet ob der Staat diesen Dienst unterst\u00fctzt oder verbietet.\u201c Der Satz stammt aus dem Jahr 1949, die Erfahrung des Molochs Sozialstaat in der Nazizeit pr\u00e4gend. Der Satz ist nicht zeitlos g\u00fcltig und wiederholbar. Er hat aber eine bleibende Bedeutung \u2013 deshalb steht er da und erinnert an die Courage der Unternehmensgr\u00fcnderin: sich nicht anzupassen. Dem Gewissen zu folgen und nicht dem Mainstream. Und dann auch mal laut zu sagen: Nein! Der andere mir wichtige Ort ist der Andachtsraum als Ort der Besinnung und Ermutigung.  <\/p>\n\n\n\n<p><strong>Was macht Ihrer Meinung nach einen \u2013 oder diesen \u2013 \u201ediakonischen Ort\u201c zum spirituellen Kraftort (Geschichte, Gestaltung, Personen \u2026)?<br><\/strong>Auch ein Verwaltungsgeb\u00e4ude braucht einen Ort, wo die Seele ein Zuhause hat. Der Andachtsraum ist anders als Arbeitszimmer, Konferenzr\u00e4ume oder Cafeteria. Er spiegelt nicht den Alltag, sondern f\u00fchrt von ihm weg. Er unterbricht ihn und bietet eine Andersheit, die einen in eine neue Rolle bringt: als Beter und H\u00f6rerin, als Singende oder Nachdenklicher. Wir sprechen dort anders, verhalten uns anders, werden ruhiger oder unruhiger durch die Ruhe des Raumes. Er ist ein Raum der Stille. Ein schlichter Raum. Sitzhockern ist jede Gem\u00fctlichkeit fremd. Der Andachtsraum ist offen und zug\u00e4nglich. Wer ihn betritt, sp\u00fcrt: Der Raum redet zu mir. Er erkl\u00e4rt die Fundamente christlichen Glaubens. Ja, er ist ein St\u00fcck Mission. Wie auch Wurzeln der Heimstiftung in der Tradition der Inneren Mission liegen. Mission hei\u00dft: zeigen, was man liebt. Was man liebt, h\u00e4lt man nicht in einem geheimen Winkel.<\/p>\n\n\n\n<p><strong>Was w\u00fcrden Sie in Ihrem Arbeitsumfeld r\u00e4umlich \u00e4ndern, wenn Sie die Freiheit und Mittel dazu h\u00e4tten, damit die Arbeit, die Ihnen am Herzen liegt, noch besser gelingt?<br><\/strong>Hinter dem Verwaltungsgeb\u00e4ude der Heimstiftung gibt es einen gro\u00dfen Garten mit Aufenthaltsm\u00f6glichkeiten f\u00fcr Mitarbeitende und G\u00e4ste. Hier w\u00fcnschte ich mir einen Sinnespfad der besonderen Art: als eine Art Mischung aus Kunst- und Besinnungsweg. Offen f\u00fcr G\u00e4ste. Ein Ort der Begegnung und Zeichen der Gastfreundschaft. Der K\u00fcnstler Martin Burchard, der den Andachtsraum konzipiert hat, hat mitten im Schw\u00e4bischen Wald bei Gschwend den <a href=\"https:\/\/www.weiterweg.info\/basisinformationen.html\">\u201eweiterweg\u201c<\/a>, einen Walderlebnispfad gestaltet, den wir immer wieder zu \u201eOasentagen\u201c nutzen. An zehn Stationen werden dort \u201ePilger\u201c angeregt, \u00fcber zentrale Fragen des Lebens nachzudenken. An einem Standort ist das altbekannte Bild vom \u201ebreiten und schmalen Weg\u201c in einer geistreichen und zeitgem\u00e4\u00dfen Version gestaltet. An einer weiteren steht der \u201egro\u00dfe Tisch des Friedens\u201c, wo einst (1982 bis 1990) Pershing-II-Raketen stationiert waren. An der vorletzten Station ragen zehn Autobahnleitplanken \u2013 mit mancherlei Gebrauchsspuren \u2013 in den Himmel. Die zehn Gebote sind f\u00fcr Burchard wie Leitplanken, es sind Regeln, die Schutz bieten. Einen solchen Erlebnispfad w\u00fcnschte ich mir mitten in der Gro\u00dfstadt.<\/p>\n\n\n\n<p><strong>Und sonst? Haben Sie weitere Gedanken, Anmerkungen, Anregungen zur Bedeutung \u2013 und vielleicht auch zur Relativierung \u2013 diakonischer Orte?<br><\/strong>Mit dem Nachdenken \u00fcber \u201eCare\u201c als Sorge haben wir begonnen. Sorge muss weiter gedacht werden. Weit \u00fcber die verletzbaren und hilfebed\u00fcrftigen Phasen des Lebens hinaus. Sorge umfasst auch alle Bem\u00fchungen, die Lebensm\u00f6glichkeiten von Tieren und Pflanzen und die nat\u00fcrlichen Grundlagen wie Erde, Luft und Wasser zu pflegen und zu erhalten. Diakonische Orte finden sich in diesem weiten Kontext.<\/p>\n\n\n\n<p><strong>Vielen Dank!<\/strong><\/p>\n\n\n\n<div class=\"wp-block-image\"><figure class=\"alignleft\"><a href=\"https:\/\/www.facebook.com\/Seele-und-Sorge-278815565795410\/?fref=ts\" target=\"_blank\" rel=\"noreferrer noopener\"><img loading=\"lazy\" decoding=\"async\" width=\"37\" height=\"37\" src=\"http:\/\/www.seele-und-sorge.de\/wp-content\/uploads\/2016\/06\/facebook_s_kl.png\" alt=\"facebook_s_kl\" class=\"wp-image-2023\"\/><\/a><\/figure><\/div>\n\n\n\n<p><a href=\"https:\/\/www.facebook.com\/Seele-und-Sorge-278815565795410\/?fref=ts\" target=\"_blank\" rel=\"noreferrer noopener\">Besuchen Sie auch unsere facebookseite \u201eSeele &amp; Sorge\u201c<\/a><\/p>\n","protected":false},"excerpt":{"rendered":"<p>DIAKONISCHE PILGERREISEN:&nbsp;DER BLOG Wir entdecken Diakonische Pilgerorte \u2013&nbsp;diesmal auf der Spur von: Dr. Thomas M\u00e4ule Wir brauchen Orte der Besinnung&#8230; <a href=\"https:\/\/www.seele-und-sorge.de\/?page_id=4458\">read more<\/a><\/p>\n","protected":false},"author":1,"featured_media":0,"parent":1911,"menu_order":34,"comment_status":"closed","ping_status":"closed","template":"","meta":{"footnotes":""},"class_list":["post-4458","page","type-page","status-publish","hentry"],"_links":{"self":[{"href":"https:\/\/www.seele-und-sorge.de\/index.php?rest_route=\/wp\/v2\/pages\/4458"}],"collection":[{"href":"https:\/\/www.seele-und-sorge.de\/index.php?rest_route=\/wp\/v2\/pages"}],"about":[{"href":"https:\/\/www.seele-und-sorge.de\/index.php?rest_route=\/wp\/v2\/types\/page"}],"author":[{"embeddable":true,"href":"https:\/\/www.seele-und-sorge.de\/index.php?rest_route=\/wp\/v2\/users\/1"}],"replies":[{"embeddable":true,"href":"https:\/\/www.seele-und-sorge.de\/index.php?rest_route=%2Fwp%2Fv2%2Fcomments&post=4458"}],"version-history":[{"count":10,"href":"https:\/\/www.seele-und-sorge.de\/index.php?rest_route=\/wp\/v2\/pages\/4458\/revisions"}],"predecessor-version":[{"id":4486,"href":"https:\/\/www.seele-und-sorge.de\/index.php?rest_route=\/wp\/v2\/pages\/4458\/revisions\/4486"}],"up":[{"embeddable":true,"href":"https:\/\/www.seele-und-sorge.de\/index.php?rest_route=\/wp\/v2\/pages\/1911"}],"wp:attachment":[{"href":"https:\/\/www.seele-und-sorge.de\/index.php?rest_route=%2Fwp%2Fv2%2Fmedia&parent=4458"}],"curies":[{"name":"wp","href":"https:\/\/api.w.org\/{rel}","templated":true}]}}