{"id":4327,"date":"2019-04-25T19:08:00","date_gmt":"2019-04-25T17:08:00","guid":{"rendered":"http:\/\/www.seele-und-sorge.de\/?page_id=4327"},"modified":"2020-02-25T17:04:51","modified_gmt":"2020-02-25T16:04:51","slug":"megatrend-silver-society","status":"publish","type":"page","link":"https:\/\/www.seele-und-sorge.de\/?page_id=4327","title":{"rendered":"Megatrend Silver Society"},"content":{"rendered":"<blockquote class=\"wp-embedded-content\" data-secret=\"gGFVFUux9L\"><p><a href=\"https:\/\/www.beatrix-andree.de\/megatrend-silver-society\/\">Megatrend Silver Society<\/a><\/p><\/blockquote>\n<p><iframe loading=\"lazy\" class=\"wp-embedded-content\" sandbox=\"allow-scripts\" security=\"restricted\" style=\"position: absolute; clip: rect(1px, 1px, 1px, 1px);\" src=\"https:\/\/www.beatrix-andree.de\/megatrend-silver-society\/embed\/#?secret=gGFVFUux9L\" data-secret=\"gGFVFUux9L\" width=\"600\" height=\"338\" title=\"&#8222;Megatrend Silver Society&#8220; &#8212; Beatrix Andree\" frameborder=\"0\" marginwidth=\"0\" marginheight=\"0\" scrolling=\"no\"><\/iframe><\/p>\n<p>Quelle:&nbsp;https:\/\/www.beatrix-andree.de\/megatrend-silver-society\/<br \/>\nHier das Interview von Frau Cornelia Coenen-Marx:<\/p>\n<h2>Empfindest du dich als Blogger \u00fcber 50 als Trendsetter?<\/h2>\n<p>Tats\u00e4chlich kenne ich besonders viele Blogger \u00fcber 50- neben den Foodies, zu denen viele Familienfrauen geh\u00f6ren. Die Jungen sind doch eher audiovisuell auf YouTube unterwegs. Junge, Familienfrauen, Silver Agers:<span class=\"Apple-converted-space\">&nbsp; <\/span>Leute also, die Tr\u00e4ume und neue Ideen haben. Klar finde ich auch kluge und kritische Blogs von F\u00fchrungskr\u00e4ften oder Journalistinnen: Aber gerade bei den Selbstst\u00e4ndigen \u00fcber 50 sehe ich diese tolle Mischung: Tr\u00e4ume und Ideen, professionell umgesetzt. Neues, das souver\u00e4n mit Erfahrung umgeht. Das kann unser Bild von Professionalit\u00e4t ver\u00e4ndern und setzt Trends!<\/p>\n<h2>Was m\u00f6chtest du in der n\u00e4chsten Zeit gerne Neues lernen und\/oder in die Welt bringen?<\/h2>\n<p>Ich m\u00f6chte von den Jungen lernen und selbst mehr auf Youtube oder Skype unterwegs sein: mit kurzen Impulsen zu meinen Themen, Webinaren und einzelnen Coachingsitzungen. Meine laufende Coaching-Weiterbildung will ich im n\u00e4chsten Fr\u00fchjahr abschlie\u00dfen.Und ich arbeite an einem Roman \u2013 nach einigen Sachb\u00fcchern eine neue, spannende und befreiende Erfahrung. Denken im M\u00f6glichkeitsmodus;-)<\/p>\n<h2>Wie empfindest du unsere verl\u00e4ngerte Lebenserwartung und was machst du daraus?<\/h2>\n<p>Gro\u00dfartig! Wir haben im Laufe des Jahrhunderts statistisch zehn gesunde Jahre dazu gewonnen; die dritte Lebens\u201dh\u00e4lfte\u201d ist ein Geschenk! Ich habe mich mit Anfang 60 mit meiner Selbst\u00e4ndigkeit neu aufgestellt und kann jetzt ohne den Druck \u201cvon au\u00dfen\u201d Erfahrungen weitergeben, neue Modelle promoten und Menschen im \u00dcbergang begleiten. Tun, was mir wirklich am Herzen liegt : Das empfinde ich als gro\u00dfes Gl\u00fcck!<\/p>\n<h2>Hast du einen Tipp f\u00fcr Menschen \u00fcber 50, 60 \u2026.?<\/h2>\n<p>Wenn mit Mitte 50 die Routine \u00fcberhand nimmt, die eigenen Erfahrungen und Kompetenzen nicht mehr so gefragt sind, bitte nicht einfach \u201cdurchhalten\u201d und funktionieren, sondern \u00fcberlegen, worauf Du wirklich Lust hast, wovon Du tr\u00e4umst und was Du loslassen willst. Und dann vielleicht noch einmal wechseln, sich selbst\u00e4ndig machen oder die n\u00e4chsten Jahre auf ein freiwilliges Engagement hin planen. Vielleicht lohnt es sich, die Arbeitszeit zu reduzieren, einen Auslandseinsatz oder eine Fortbildung zu machen. Klar ist: eine erf\u00fcllte dritte Lebensh\u00e4lfte f\u00e4llt nicht vom Himmel \u2013 es ist gut, sie vorzubereiten. Die letzten Jahre der Erwerbsarbeit sind kein Leerlauf, sondern eine Chance, den neuen Aufbruch zu planen.<span class=\"Apple-converted-space\">&nbsp; &nbsp;<\/span><\/p>\n<p><strong>Cornelia Coenen-Marx, OKR a.D.<\/strong><\/p>\n","protected":false},"excerpt":{"rendered":"<p>Megatrend Silver Society Quelle:&nbsp;https:\/\/www.beatrix-andree.de\/megatrend-silver-society\/ Hier das Interview von Frau Cornelia Coenen-Marx: Empfindest du dich als Blogger \u00fcber 50 als Trendsetter?&#8230; <a href=\"https:\/\/www.seele-und-sorge.de\/?page_id=4327\">read more<\/a><\/p>\n","protected":false},"author":1,"featured_media":0,"parent":482,"menu_order":88,"comment_status":"closed","ping_status":"closed","template":"","meta":{"footnotes":""},"class_list":["post-4327","page","type-page","status-publish","hentry"],"_links":{"self":[{"href":"https:\/\/www.seele-und-sorge.de\/index.php?rest_route=\/wp\/v2\/pages\/4327"}],"collection":[{"href":"https:\/\/www.seele-und-sorge.de\/index.php?rest_route=\/wp\/v2\/pages"}],"about":[{"href":"https:\/\/www.seele-und-sorge.de\/index.php?rest_route=\/wp\/v2\/types\/page"}],"author":[{"embeddable":true,"href":"https:\/\/www.seele-und-sorge.de\/index.php?rest_route=\/wp\/v2\/users\/1"}],"replies":[{"embeddable":true,"href":"https:\/\/www.seele-und-sorge.de\/index.php?rest_route=%2Fwp%2Fv2%2Fcomments&post=4327"}],"version-history":[{"count":3,"href":"https:\/\/www.seele-und-sorge.de\/index.php?rest_route=\/wp\/v2\/pages\/4327\/revisions"}],"predecessor-version":[{"id":4931,"href":"https:\/\/www.seele-und-sorge.de\/index.php?rest_route=\/wp\/v2\/pages\/4327\/revisions\/4931"}],"up":[{"embeddable":true,"href":"https:\/\/www.seele-und-sorge.de\/index.php?rest_route=\/wp\/v2\/pages\/482"}],"wp:attachment":[{"href":"https:\/\/www.seele-und-sorge.de\/index.php?rest_route=%2Fwp%2Fv2%2Fmedia&parent=4327"}],"curies":[{"name":"wp","href":"https:\/\/api.w.org\/{rel}","templated":true}]}}