{"id":3540,"date":"2018-04-06T20:15:06","date_gmt":"2018-04-06T20:15:06","guid":{"rendered":"http:\/\/www.seele-und-sorge.de\/?page_id=3540"},"modified":"2018-04-23T09:49:39","modified_gmt":"2018-04-23T09:49:39","slug":"symphonie-drama-powerplay","status":"publish","type":"page","link":"https:\/\/www.seele-und-sorge.de\/?page_id=3540","title":{"rendered":"Symphonie \u2013 Drama \u2013 Powerplay"},"content":{"rendered":"<h2 style=\"text-align: center;\"><span style=\"color: #000000;\">Zum Zusammenspiel von Haupt- und Ehrenamt in der Kirche<\/span><\/h2>\n<p style=\"text-align: center;\">Beate Hofmann, Cornelia Coenen-Marx (Hrsg.)<\/p>\n<p class=\"p1\" style=\"text-align: center;\"><a href=\"http:\/\/www.seele-und-sorge.de\/?attachment_id=2739\" rel=\"attachment wp-att-2739\"><img loading=\"lazy\" decoding=\"async\" class=\"aligncenter wp-image-2739 size-medium\" src=\"http:\/\/www.seele-und-sorge.de\/wp-content\/uploads\/2015\/01\/Symphonie_Cover-200x300.jpg\" width=\"200\" height=\"300\" srcset=\"https:\/\/www.seele-und-sorge.de\/wp-content\/uploads\/2015\/01\/Symphonie_Cover-200x300.jpg 200w, https:\/\/www.seele-und-sorge.de\/wp-content\/uploads\/2015\/01\/Symphonie_Cover.jpg 333w\" sizes=\"(max-width: 200px) 100vw, 200px\" \/><\/a><\/p>\n<p class=\"p1\" style=\"text-align: center;\"><span class=\"s1\">Kohlhammer-Verlag, Stuttgart<br \/>\n<\/span><span class=\"s1\">Fr\u00fchjahr 2017, \u00a026,00 Euro<br \/>\n<\/span><strong><span class=\"s2\">ISBN:\u00a0<\/span><span class=\"s1\">978-3-17-032216-5<\/span><\/strong><\/p>\n<p class=\"p1\" style=\"text-align: center;\"><a href=\"http:\/\/www.seele-und-sorge.de\/?attachment_id=2769\" rel=\"attachment wp-att-2769\">Blick ins Buch<\/a><\/p>\n<p style=\"text-align: center;\">Bestellung unter:<\/p>\n<p style=\"text-align: center;\">\u00a0<a href=\"https:\/\/www.buecher.de\/shop\/allgemeines\/symphonie-drama-powerplay\/broschiertes-buch\/products_products\/detail\/prod_id\/46981031\/\" target=\"_blank\" rel=\"noopener noreferrer\">www.b\u00fccher.de<\/a>\u00a0|\u00a0<a href=\"https:\/\/www.amazon.de\/s\/ref=nb_sb_noss?__mk_de_DE=%C3%85M%C3%85%C5%BD%C3%95%C3%91&amp;url=search-alias%3Dstripbooks&amp;field-keywords=Symphonie+%E2%80%93+Drama+%E2%80%93+Powerplay\" target=\"_blank\" rel=\"noopener noreferrer\">www.amazon.de<\/a><\/p>\n<hr \/>\n<p class=\"p1\" style=\"text-align: center;\"><strong><a href=\"http:\/\/www.seele-und-sorge.de\/wp-content\/uploads\/2015\/07\/Perspektiven.jpg\"><img loading=\"lazy\" decoding=\"async\" class=\"aligncenter size-full wp-image-3078\" src=\"http:\/\/www.seele-und-sorge.de\/wp-content\/uploads\/2015\/07\/Perspektiven.jpg\" alt=\"\" width=\"596\" height=\"842\" srcset=\"https:\/\/www.seele-und-sorge.de\/wp-content\/uploads\/2015\/07\/Perspektiven.jpg 596w, https:\/\/www.seele-und-sorge.de\/wp-content\/uploads\/2015\/07\/Perspektiven-212x300.jpg 212w\" sizes=\"(max-width: 596px) 100vw, 596px\" \/><\/a><\/strong><\/p>\n<hr \/>\n<p class=\"p1\"><a href=\"http:\/\/www.b-b-e.de\/newsletter\/newsletter-nr-6-vom-2332017\/\" target=\"_blank\" rel=\"noopener noreferrer\"><strong><span class=\"s1\">BBE \u2013 Bundesnetzwerk B\u00fcrgerschaftliches Engagement: Rezension Dieter Rothardt:\u00a0<\/span><\/strong>Newsletter Nr. 6 vom 23.3.2017<\/a><\/p>\n<h2 class=\"news\">Rothardt: Haupt- und Ehrenamt in der Kirche \u2013Rezension<\/h2>\n<p class=\"bodytext\">Der von Beate Hofmann und Cornelia Coenen-Marx herausgegebene Sammelband \u00bbSymphonie &#8211; Drama &#8211; Powerplay. Haupt- und Ehrenamt in der Kirche\u00ab, Stuttgart 2017, ist das Thema der Rezension von Dieter Rothardt, bis 2015 Leiter des Fachbereichs M\u00e4nner, Familie, Ehrenamt im Institut f\u00fcr Kirche und Gesellschaft der Evangelischen Kirche von Westfalen und Mitglied der Steuerungsgruppe zum EKD-Ehrenamtsportal. Er sieht in der Publikation eine Reaktion auf die zunehmende Beachtung des Themas Ehrenamt in der Evangelischen Kirche und das Ph\u00e4nomen, dass sich analog zur Idee der \u00bbB\u00fcrgergesellschaft\u00ab im Raum der Kirche die Vorstellung einer \u00bbEhrenamtskirche\u00ab entwickelt. Gleichzeitig sehen die Autorinnen, dass in der evangelischen Theologie trotz ihrem Nachdenken \u00fcber Kirche das Thema Ehrenamt eine Randerscheinung bleibt. Der Sammelband stellt einen wichtigen Fortschritt f\u00fcr die Debatte dar. Aber: \u00bbVielleicht w\u00e4re es hilfreich, in der weiteren Besch\u00e4ftigung mit dem Thema wie Jan Hermelink neben Institution und Organisation auch Interaktion und Inszenierung als organisationsrelevante Dimensionen der sozialen Gestalt von Kirche in den Blick zu nehmen.\u00ab<\/p>\n<p><a href=\"http:\/\/www.seele-und-sorge.de\/wp-content\/uploads\/2015\/07\/newsletter-06-rothardt.pdf\">Gesamte Rezension zum download als PDF<\/a><\/p>\n<hr \/>\n<h2>Cornelia Coenen-Marx, Beate Hofmann (Hrsg.): Symphonie \u2013 Drama \u2013 Powerplay (Haupt-\/Nebenamt in der Kirche)<\/h2>\n<p>Cornelia Coenen-Marx, Beate Hofmann (Hrsg.): Symphonie \u2013 Drama \u2013 Powerplay. Zum Zusammenspiel von Haupt- und Ehrenamt in der Kirche.\u00a0<a href=\"http:\/\/www.kohlhammer.de\" target=\"_blank\" rel=\"noopener noreferrer\">Kohlhammer Verlag<\/a>\u00a0(Stuttgart) 2017. 248\u00a0Seiten. ISBN\u00a0978-3-17-032216-5. D: 26,00\u00a0EUR, A: 26,80\u00a0EUR.<br \/>\nRecherche bei\u00a0<a title=\"Deutsche Nationalbibliothek\" href=\"http:\/\/portal.d-nb.de\/opac.htm?query=978-3-17-032216-5&amp;method=simpleSearch\">DNB<\/a><a title=\"Karlsruher Virtueller Katalog - Suche Deutschland, \u00d6sterreich, Schweiz\" href=\"http:\/\/kvk.bibliothek.kit.edu\/hylib-bin\/kvk\/nph-kvk2.cgi?maske=kvk-redesign&amp;lang=de&amp;head=%2F%2Fkvk.bibliothek.kit.edu%2Fasset%2Fhtml%2Fhead.html&amp;header=%2F%2Fkvk.bibliothek.kit.edu%2Fasset%2Fhtml%2Fheader.html&amp;spacer=%2F%2Fkvk.bibliothek.kit.edu%2Fasset%2Fhtml%2Fspacer.html&amp;footer=%2F%2Fkvk.bibliothek.kit.edu%2Fasset%2Fhtml%2Ffooter.html&amp;css=none&amp;input-charset=utf-8&amp;SB=978-3-17-032216-5&amp;kataloge=SWB&amp;kataloge=BVB&amp;kataloge=NRW&amp;kataloge=HEBIS&amp;kataloge=HEBIS_RETRO&amp;kataloge=KOBV_SOLR&amp;kataloge=GBV&amp;kataloge=DDB&amp;kataloge=STABI_BERLIN&amp;OESTERREICH=&amp;kataloge=BIBOPAC&amp;kataloge=LBOE&amp;kataloge=OENB&amp;SCHWEIZ=&amp;kataloge=SWISSBIB&amp;kataloge=HELVETICAT&amp;kataloge=BASEL&amp;kataloge=ETH&amp;kataloge=VKCH_RERO\">KVK<\/a><a title=\"Gemeinsamer Verbundkatalog\" href=\"http:\/\/gso.gbv.de\/DB=2.1\/SET=3\/TTL=1\/CMD?MATCFILTER=N&amp;MATCSET=N&amp;IKT3=8183&amp;ACT=SRCHA&amp;IKT=7&amp;SRT=YOP&amp;TRM=978-3-17-032216-5\">GVK<\/a>.<\/p>\n<p>Besprochenes\u00a0Werk\u00a0kaufen\u00a0<a href=\"http:\/\/www.socialnet.de\/l.php?isbn=978-3-17-032216-5&amp;von=Rezensionen\"><br \/>\n\u00fcber socialnet Buchversand<\/a><a href=\"http:\/\/www.kohlhammer.de\/wms\/instances\/KOB\/appDE\/nav_product.php?product=978-3-17-032216-5\"><br \/>\n\u00fcber Shop des Verlags<\/a><\/p>\n<p class=\"p1\"><strong><span class=\"s1\">\u00a0<\/span><\/strong><\/p>\n<p><strong>Thema<\/strong><\/p>\n<p>Gegenw\u00e4rtig erleben wir eine neue Phase der theoretischen Auseinandersetzung mit dem Ehrenamt bzw. dem freiwilligen Engagement. Die globalen Erkenntnisse zum Strukturwandel des Ehrenamtes k\u00f6nnen als gesichert gelten und haben sowohl auf politischer wie auf verbandlicher Ebene nachhaltige Impulse gesetzt. In der aktuellen Phase des Diskurses werden nun einzelne Themenaspekte und spezifische Besonderheiten differenzierter analysiert. Differenzierung erfolgt in Einzelstudien zu spezifischen Handlungsfeldern des Ehrenamtes aber auch im theoretischen Zugang. So werden organisationssoziologische Studien zu den Rahmenbedingungen des Ehrenamtes, neue professionstheoretische Analysen zur Kooperation von Haupt- und Ehrenamtlichen aber auch sozialphilosophisch begr\u00fcndete Ans\u00e4tze zum Thema Anerkennungskultur vermehrt ver\u00f6ffentlicht.<\/p>\n<p>In diese Phase der Differenzierung kann auch das vorliegende Buch eingegliedert werden. Das spezifische Handlungsfeld ist hier die Kirche, die sowohl in Bezug auf ihre Tradition wie auch das zahlenm\u00e4\u00dfige Engagement von Ehrenamtlichen eine herausragende Rolle spielt. Das ehrenamtliche Engagement in der Kirche wird in erster Linie theologisch aber dar\u00fcber hinaus auch gesellschafts- und berufspolitisch begr\u00fcndet. Neben dieser Besonderheit der Debatte in dem Handlungsfeld der Kirche hat die Diskussion \u00fcber das Zusammenspiel von Haupt- und Ehrenamt aber auch eine handlungsfeld\u00fcberschreitende Bedeutung, die f\u00fcr andere soziale Felder richtungsweisend sein kann. Die Metaphern des Buchtitels weisen darauf hin: Das Zusammenspiel von Haupt- und Ehrenamt kann dramatische Z\u00fcge annehmen, wenn es zu wechselseitiger \u00dcberforderung und Entt\u00e4uschung kommt und es kann zu einem Spiel degenerieren, in dem Machtgeb\u00e4rden ein konstruktives Miteinander gef\u00e4hrden. Es kann aber auch \u2013 trotz nicht zu untersch\u00e4tzender Paradoxien \u2013 in der Harmonie einer Symphonie ihre Gestalt finden, woran Ehrenamtliche wie Hauptamtliche gleicherma\u00dfen interessiert sein sollten.<\/p>\n<p>Das Buch vermittelt ein Bild davon, wo das Ehrenamt in der Kirche aktuell steht und was die gegenw\u00e4rtigen und was die zukunftsgerichteten Bedingungen f\u00fcr ein gelingendes Zusammenspiel von Haupt- und Ehrenamt sind. Es will zum \u201eNachdenken\u201c zum \u201eQuerdenken\u201c und zum \u201eDiskutieren\u201c anregen und damit Impulse in den kirchlichen und den gesellschaftlichen Raum senden.<\/p>\n<p><strong>Herausgeberinnen und Autoren\/Autorinnen<\/strong><\/p>\n<p>Die Herausgeberinnen des Buches kommen beide aus dem kirchlichen Kontext und sind als Expertinnen ausgewiesen.<\/p>\n<p><em>Cornelia Coenen-Marx<\/em>\u00a0war bis 2015 als Oberkirchenr\u00e4tin in der EKD f\u00fcr das Ehrenamt zust\u00e4ndig und ist nun Inhaberin der Agentur \u201eSeele und Sorge\u201c mit einem Schwerpunkt in der Begleitung von Ehrenamtsprojekten.<\/p>\n<p><em>Beate Hofmann<\/em>\u00a0ist Praktische Theologin und Professorin f\u00fcr Diakoniewissenschaft und Diakoniemanagement an der Kirchlichen Hochschule Wuppertal\/Bethel. Sie hat an verschiedenen Studien zum Thema Ehrenamt in der Kirche mitgewirkt.<\/p>\n<p>Neben den Herausgeberinnen liefern 28 Autorinnen und Autoren 25 Eigenbeitr\u00e4ge. Die Biogramme dazu sind am Ende des Buches eingestellt.<\/p>\n<p><strong>Entstehungshintergrund<\/strong><\/p>\n<p>In der Evangelischen Kirche in Deutschland gibt es auf der Ebene der EKD, in den verschiedenen Landeskirchen und auf Gemeindeebene seit l\u00e4ngerer Zeit eine Diskussion \u00fcber den Wandel des Ehrenamtes und \u00fcber neue Formen der Zusammenarbeit von Haupt- und Ehrenamtlichen. So haben beispielsweise die Evangelischen Kirchen in Bayern sowie in Hessen und Nassau schon vor l\u00e4ngerer Zeit ein eigenes Ehrenamtsgesetz verabschiedet, das die Unterst\u00fctzung und Begleitung der Ehrenamtlichen verbessern soll. Die EKD-Synode hat 2009 in einer Erkl\u00e4rung die generelle Bedeutung des Ehrenamtes f\u00fcr die Kirche hervorgehoben.<\/p>\n<p>2012 f\u00fchrte das Sozialwissenschaftliche Institut der Kirche (SI) eine repr\u00e4sentative Erhebung zum ehrenamtlichen Engagement in Kirchengemeinden durch. Der vorliegende Band kn\u00fcpft an diesen Entwicklungen und Debatten an, sortiert sie, ordnet sie ein und gibt Anst\u00f6\u00dfe f\u00fcr strukturelle Ver\u00e4nderungen. Er geht damit weit \u00fcber einen individuellen Blick auf das Thema hinaus und spiegelt den institutionellen Diskurs der Kirche auf das Thema wider.<\/p>\n<p><strong>Aufbau<\/strong><\/p>\n<p>Das Buch vereint 25 Beitr\u00e4ge unterschiedlicher Autoren und Autorinnen zum Zusammenspiel von Haupt- und Ehrenamt in der Kirche aus unterschiedlichen Perspektiven. Dies mag auf den ersten Blick verwirrend erscheinen. Dank einer hervorragenden Dramaturgie der Herausgeberinnen verliert der Leser oder die Leserin aber zu keiner Zeit die Orientierung.<\/p>\n<p>Ein\u00a0<strong>Prolog<\/strong>\u00a0er\u00f6ffnet den Band. Darin wird das Thema in seinen Bez\u00fcgen vorgestellt, theoretisch verortet und die Intentionen des Buches dargelegt. Anschlie\u00dfend werden die einzelnen Beitr\u00e4ge in drei grundlegende Themenbereiche gegliedert.<\/p>\n<ol>\n<li>In einem ersten Themenbereich werden\u00a0<strong>Analysen zur Ver\u00e4nderung<\/strong>\u00a0im Zusammenspiel von Haupt- und Ehrenamt in der Kirche vorgestellt. Die binnenkirchliche Perspektive ist hier tragend.<\/li>\n<li>In dem zweiten Themenbereich erfolgen\u00a0<strong>Seitenblicke von au\u00dfen auf das kirchliche Ehrenamt<\/strong>. Die gesellschaftspolitische Perspektive steht hier im Vordergrund.<\/li>\n<li>Der dritte Themenbereich ist der\u00a0<strong>Suche nach L\u00f6sungen<\/strong>\u00a0f\u00fcr ein k\u00fcnftiges Zusammenspiel von Haupt- und Ehrenamt in der Kirche gewidmet.<\/li>\n<\/ol>\n<p>In einem\u00a0<strong>Epilog<\/strong>\u00a0werden n\u00e4chste Schritte und offene Fragen angesprochen.<\/p>\n<p><strong>Inhalte<\/strong><\/p>\n<p>In dem\u00a0<strong>ersten Themenbereich<\/strong>\u00a0werden zun\u00e4chst verschiedene Studien \u00fcber das Ehrenamt in der Kirche vorgestellt und diskutiert. Dabei wird deutlich, wo die St\u00e4rken des kirchlichen Ehrenamts liegen, wie vielf\u00e4ltig die T\u00e4tigkeitsfelder des Ehrenamtes sind aber auch, wo bisher ungenutzte Potentiale des ehrenamtlichen Engagements liegen. Die Beitr\u00e4ge zeigen, dass der Wandel des Ehrenamtes auch in der Kirche angekommen ist. Dies wird u.a. in einer Pluralisierung der Motive des ehrenamtlichen Engagements mit kirchlicher Auspr\u00e4gung sichtbar. Der Wandel tangiert aber auch das Rollenverst\u00e4ndnis von Haupt- und Ehrenamtlichen sowie die Formen der Unterst\u00fctzung, F\u00f6rderung und Weiterentwicklung des kirchlichen Ehrenamtes. Neue Formen der Unterst\u00fctzung und Begleitung werden in einem Modell der systematischen Ehrenamtsf\u00f6rderung in W\u00fcrttemberg deutlich, zeigen sich aber auch in Erfahrungen mit ausgebildeten Ehrenamtsmanagern und Ehrenamtsmanagerinnen. In einem weiteren Beitrag wird danach gefragt, welche Kompetenzen Hauptamtliche ben\u00f6tigen, um Ehrenamtliche als ehrenamtliche Seelsorger und Seelsorgerinnen zu qualifizieren. In einem grunds\u00e4tzliche Beitrag wird die Engagementpolitik der Kirche im Kontext gesellschaftlicher und politischer Entwicklungen untersucht und daraus ein Paradigmenwechsel im Umgang mit dem Ehrenamt in der Kirche begr\u00fcndet. Schlie\u00dflich runden drei kurze Beitr\u00e4ge zu den Themen Engagement \u00e4lterer Menschen, zur Inklusion im Ehrenamt und zur Fl\u00fcchtlingsarbeit den ersten Themenbereich ab.<\/p>\n<p>In dem\u00a0<strong>zweiten Themenbereich<\/strong>\u00a0wird der Blick \u00fcber den kirchlichen Tellerrand gewagt. Die Hintergrundfolie dazu bilden gesellschaftliche Strukturver\u00e4nderungen, die mit Begriffen wie Individualisierung, Pluralisierung, \u00d6konomisierung und demografischer Wandel beschrieben werden. Die aktuelle sozialpolitische Debatte hat als eine Antwort auf den Strukturwandel das Konzept der \u201eSorgenden Gemeinschaften\u201c (neu) entdeckt. Dieses Konzept r\u00fcckt den Begriff der \u201eMitverantwortung\u201c (<em>Hannah Arendt<\/em>) verbunden mit dem Gedanken der sozialr\u00e4umlichen N\u00e4he st\u00e4rker in den Mittelpunkt und ist in Teilen auch auf Kirchengemeinden \u00fcbertragbar. Allerdings ist dabei zu beachten, dass diese Art des zivilgesellschaftlichen Engagements nicht ohne eine hauptamtliche Struktur auskommt. Spannend ist auch der Blick auf die Schnittstelle zwischen b\u00fcrgerschaftlichem und kirchlichem Engagement, der die Verantwortung der Kirche als zivilgesellschaftlicher Akteur unterstreicht. Wie sieht es aber mit der \u00f6kumenischen Zusammenarbeit aus? Auch hier werden gemeinsame Interessen und strukturelle Unterschiede ausgelotet. Schlie\u00dflich erfolgt noch ein Blick auf das Milizsystem der Schweiz, das nicht nur bzgl. der allgemeinen Wehrpflicht dort eine Rolle spielt, sondern auch f\u00fcr die Schweizer B\u00fcrgergesellschaft insgesamt bedeutsam ist.<\/p>\n<p>Nach diesem umfassenden Blick auf die Innen- und Au\u00dfenperspektive wird in einem\u00a0<strong>dritten Themenbereich<\/strong>\u00a0danach gefragt, wie das Zusammenspiel von Haupt- und Ehrenamt in der Kirche \u201esymphonischer\u201c gestaltet werden kann. Im Mittelpunkt der Beitr\u00e4ge stehen zwei zentrale Themen: \u201eDie Frage nach dem Verst\u00e4ndnis von Rollen und Aufgaben im Miteinander von Haupt- und Ehrenamt und die Diskussion um angemessene Anerkennungsformen.\u201c (154) In einigen Beitr\u00e4gen werden grunds\u00e4tzliche ekklesiologische Fragestellungen \u00fcber das Grundverst\u00e4ndnis von Kirche diskutiert. So finden sich im dritten Themenbereich Beitr\u00e4ge zum Zusammenspiel von \u00c4mtern, Diensten und Engagierten, dar\u00fcber hinaus Reflexionen zur gemeinsamen Leitung der Kirche im Zusammenspiel von Haupt- und Ehrenamt und schlie\u00dflich organisations- bzw. institutionstheoretische Betrachtungen, die unterschiedliche Anspr\u00fcche und Erwartungen von Beteiligten deutlich machen. Auch das Thema Anerkennungskultur ist mit sozialphilosophischen \u00dcberlegungen vertreten. Dar\u00fcber hinaus findet man Beispiele f\u00fcr erfolgreiche Praxismodelle und die Reflexion von Erfahrungen mit neuen Formen des Zusammenspiels von Haupt- und Ehrenamt.<\/p>\n<p>Ein kurzer\u00a0<strong>Epilog<\/strong>\u00a0beschlie\u00dft die Betrachtungen und formuliert n\u00e4chste Schritte und offene Fragen.<\/p>\n<p><strong>Diskussion<\/strong><\/p>\n<p>Um meinen Gesamteindruck gleich vorweg zu nehmen: Den Herausgeberinnen geb\u00fchrt gro\u00dfe Anerkennung und Dank f\u00fcr dieses Buch. Dies bezieht sich zum einen auf den fundierten sozialwissenschaftlichen und theologischen Theoriehintergrund, der das ganze Buch durchzieht und als \u201eversteckter roter Faden\u201c die Dramaturgie und die Aussagekraft des Buches pr\u00e4gt. Man erkennt sehr deutlich, wie fest verankert und wie kompetent die Herausgeberinnen in den einschl\u00e4gigen Diskursen sind. Gleiches wird aber auch in den Beitr\u00e4gen der vielen Autoren und Autorinnen der Einzelkapitel deutlich. Diese Kompetenz wirkt positiv auf die fachliche Substanz des Buches.<\/p>\n<p>Die Anerkennung bezieht sich aber auch auf die didaktische Gestaltung des Buches. Mit profunder Sachkenntnis f\u00fchren die Herausgeberinnen in das Thema ein und strukturieren es. Jedem Themenbereich wird eine Einleitung vorangestellt, die bei der Einordnung des Themas hilft und einen \u00dcberblick zu den folgenden Beitr\u00e4gen gibt. Dieses Engagement ist nicht selbstverst\u00e4ndlich. Die Leser werden es aber danken.<\/p>\n<p>Die gro\u00dfe fachliche Bedeutung dieses Bandes sehe ich in seiner Wirkung auf einen offenen Diskurs in der Kirche \u00fcber das Ehrenamt. Sicher, es gibt schon viele verhei\u00dfungsvolle Ans\u00e4tze und neue Modelle, manche strukturelle \u00c4nderungen sind auch auf den Weg gebracht. Das Buch aber b\u00fcndelt diese Ans\u00e4tze und ordnet sie in zukunftsweisende Theoriedebatten ein. Der Leser und die Leserin erhalten so einen differenzierten Blick auf die aktuelle B\u00fchne des kirchlichen Ehrenamtes und bekommen Anst\u00f6\u00dfe f\u00fcr eigene Reflexionen und M\u00f6glichkeiten des Querdenkens. Zu diesen Anst\u00f6\u00dfen geh\u00f6ren innovative Entwicklungen im Ehrenamt gleicherma\u00dfen wie die Herausarbeitung von kirchlichen Eigenlogiken und Paradoxien des kirchlichen Handlungsfeldes. Mit ihrem Buch zeigen die Herausgeberinnen, wie weit der Wandel des Ehrenamtes in der Kirche schon vorangeschritten ist. M\u00f6gliche Konflikte und unterschiedliche Interessen werden damit aber nicht nivelliert.<\/p>\n<p>Die innerkirchliche Wirkung ist die eine Seite, der Diskurs in den Fachdisziplinen eine andere. Auch hier liefert das Buch wichtige theoretische Impulse. Es steht damit auch als Beispiel f\u00fcr eine neue Qualit\u00e4t in dem Diskurs zum Ehrenamt. In dem vorliegenden Buch wird deutlich, wie neben den allgemeinen sozialwissenschaftlichen Strukturanalysen zunehmend auch spezifische Erkenntnisse aus theologischen, philosophischen, soziologischen und psychologischen Blickwinkeln gewinnbringend genutzt werden k\u00f6nnen.<\/p>\n<p><strong>Fazit<\/strong><\/p>\n<p>Den Herausgeberinnen und den Autoren und Autorinnen ist ein enorm spannendes und anregendes Werk gelungen. Das Buch macht allen Mut, die im Ehrenamt oder an den Schnittstellen t\u00e4tig sind. Es zeigt aber auch realistisch, wie weit der gemeinsame Weg noch ist, um innerkirchliche Ver\u00e4nderungen nachhaltig zu verankern. Dem Buch w\u00fcnsche ich eine weite Verbreitung und eine offene und konstruktive Auseinandersetzung mit den vielen anregenden Impulsen.<br \/>\nRezensent<br \/>\n<strong>Prof. Dr. Hans-Joachim Puch<\/strong><br \/>\nPr\u00e4sident i.R. Evangelische Hochschule N\u00fcrnberg<\/p>\n","protected":false},"excerpt":{"rendered":"<p>Zum Zusammenspiel von Haupt- und Ehrenamt in der Kirche Beate Hofmann, Cornelia Coenen-Marx (Hrsg.) Kohlhammer-Verlag, Stuttgart Fr\u00fchjahr 2017, \u00a026,00 Euro&#8230; <a href=\"https:\/\/www.seele-und-sorge.de\/?page_id=3540\">read more<\/a><\/p>\n","protected":false},"author":1,"featured_media":0,"parent":394,"menu_order":14,"comment_status":"closed","ping_status":"closed","template":"","meta":{"footnotes":""},"class_list":["post-3540","page","type-page","status-publish","hentry"],"_links":{"self":[{"href":"https:\/\/www.seele-und-sorge.de\/index.php?rest_route=\/wp\/v2\/pages\/3540"}],"collection":[{"href":"https:\/\/www.seele-und-sorge.de\/index.php?rest_route=\/wp\/v2\/pages"}],"about":[{"href":"https:\/\/www.seele-und-sorge.de\/index.php?rest_route=\/wp\/v2\/types\/page"}],"author":[{"embeddable":true,"href":"https:\/\/www.seele-und-sorge.de\/index.php?rest_route=\/wp\/v2\/users\/1"}],"replies":[{"embeddable":true,"href":"https:\/\/www.seele-und-sorge.de\/index.php?rest_route=%2Fwp%2Fv2%2Fcomments&post=3540"}],"version-history":[{"count":8,"href":"https:\/\/www.seele-und-sorge.de\/index.php?rest_route=\/wp\/v2\/pages\/3540\/revisions"}],"predecessor-version":[{"id":3715,"href":"https:\/\/www.seele-und-sorge.de\/index.php?rest_route=\/wp\/v2\/pages\/3540\/revisions\/3715"}],"up":[{"embeddable":true,"href":"https:\/\/www.seele-und-sorge.de\/index.php?rest_route=\/wp\/v2\/pages\/394"}],"wp:attachment":[{"href":"https:\/\/www.seele-und-sorge.de\/index.php?rest_route=%2Fwp%2Fv2%2Fmedia&parent=3540"}],"curies":[{"name":"wp","href":"https:\/\/api.w.org\/{rel}","templated":true}]}}