{"id":3133,"date":"2017-10-06T08:41:48","date_gmt":"2017-10-06T08:41:48","guid":{"rendered":"http:\/\/www.seele-und-sorge.de\/?page_id=3133"},"modified":"2017-10-06T08:41:48","modified_gmt":"2017-10-06T08:41:48","slug":"kraftorte-interview-mit-wolfgang-hirsch-leiter-der-kontaktstelle-ehrenamt-im-kirchenkreis-essen","status":"publish","type":"page","link":"https:\/\/www.seele-und-sorge.de\/?page_id=3133","title":{"rendered":"Kraftorte: Interview mit Wolfgang Hirsch, Leiter der \u201eKontaktstelle Ehrenamt\u201c im Kirchenkreis Essen"},"content":{"rendered":"<h3><a href=\"http:\/\/www.seele-und-sorge.de\/wp-content\/uploads\/2015\/01\/SuS_Logo_RGB_mit-Unterzeile-Kopie.png\"><img loading=\"lazy\" decoding=\"async\" class=\"aligncenter size-medium wp-image-857\" src=\"http:\/\/www.seele-und-sorge.de\/wp-content\/uploads\/2015\/01\/SuS_Logo_RGB_mit-Unterzeile-Kopie-300x107.png\" alt=\"SuS_Logo_RGB_mit Unterzeile Kopie\" width=\"300\" height=\"107\" srcset=\"https:\/\/www.seele-und-sorge.de\/wp-content\/uploads\/2015\/01\/SuS_Logo_RGB_mit-Unterzeile-Kopie-300x107.png 300w, https:\/\/www.seele-und-sorge.de\/wp-content\/uploads\/2015\/01\/SuS_Logo_RGB_mit-Unterzeile-Kopie.png 576w\" sizes=\"(max-width: 300px) 100vw, 300px\" \/><\/a><\/h3>\n<h3 style=\"text-align: center;\"><span style=\"color: #8ab310;\">DIAKONISCHE PILGERREISEN:\u00a0<span style=\"color: #eb910c;\">DER BLOG<\/span><\/span><\/h3>\n<h3 style=\"text-align: center;\"><strong>Wir entdecken Diakonische Pilgerorte \u2013\u00a0<\/strong><br \/>\n<strong>diesmal auf der Spur von: Wolfgang Hirsch<\/strong><\/h3>\n<table style=\"height: 436px;\" width=\"716\">\n<tbody>\n<tr>\n<td width=\"232\"><a href=\"http:\/\/www.seele-und-sorge.de\/wp-content\/uploads\/2017\/10\/Marktkirche-Kirchenwaechter.jpg\"><img loading=\"lazy\" decoding=\"async\" class=\"wp-image-3135 size-medium aligncenter\" src=\"http:\/\/www.seele-und-sorge.de\/wp-content\/uploads\/2017\/10\/Marktkirche-Kirchenwaechter-300x200.jpg\" alt=\"\" width=\"300\" height=\"200\" srcset=\"https:\/\/www.seele-und-sorge.de\/wp-content\/uploads\/2017\/10\/Marktkirche-Kirchenwaechter-300x200.jpg 300w, https:\/\/www.seele-und-sorge.de\/wp-content\/uploads\/2017\/10\/Marktkirche-Kirchenwaechter.jpg 451w\" sizes=\"(max-width: 300px) 100vw, 300px\" \/><\/a>\u201eDiakonische Orte sind \u00fcberall da, wo Menschen sich in ihrer Unterschiedlichkeit begegnen und sich gegenseitig ernst nehmen\u201c, sagt Wolfgang Hirsch. Die Marktkirche in Essen wurde zu einem Ort der Begegnung unterschiedlichster Sichtweisen, als Menschen mit Behinderung im Rahmen von Ruhr.2010 dort als Kirchenw\u00e4chter arbeiteten. M\u00f6glich wurde dies durch starkes ehrenamtliches Engagement.<\/td>\n<td width=\"232\"><a href=\"http:\/\/www.seele-und-sorge.de\/wp-content\/uploads\/2017\/10\/Hirsch_Wolfgang.jpg\"><img loading=\"lazy\" decoding=\"async\" class=\"wp-image-3137 size-medium aligncenter\" src=\"http:\/\/www.seele-und-sorge.de\/wp-content\/uploads\/2017\/10\/Hirsch_Wolfgang-300x200.jpg\" alt=\"\" width=\"300\" height=\"200\" srcset=\"https:\/\/www.seele-und-sorge.de\/wp-content\/uploads\/2017\/10\/Hirsch_Wolfgang-300x200.jpg 300w, https:\/\/www.seele-und-sorge.de\/wp-content\/uploads\/2017\/10\/Hirsch_Wolfgang.jpg 451w\" sizes=\"(max-width: 300px) 100vw, 300px\" \/><\/a><\/p>\n<p>Wolfgang Hirsch war bis zum Eintritt in den Ruhestand leitender Angestellter in der Wirtschaft. Als im Jahr 2004 der Kirchenkreis Essen die \u201eKontaktstelle Ehrenamt\u201c einrichtete, um das Ehrenamt auf Kirchenkreisebene st\u00e4rker zu organisieren und zu strukturieren, wurde er mit der ehrenamtlichen Leitung dieser Einrichtung beauftragt, die er seither innehat. Im Jahr 2009 berief ihn der Kreissynodalvorstand als Mitglied der Synode f\u00fcr das Ehrenamt.<\/td>\n<\/tr>\n<\/tbody>\n<\/table>\n<p><strong><br \/>\nSie besch\u00e4ftigen sich beruflich und\/oder ehrenamtlich mit Diakonie. Was liegt Ihnen dabei besonders am Herzen?<br \/>\n<\/strong>Mir liegt besonders das Thema \u201eEhrenamt in Verbindung mit Inklusion\u201c am Herzen.<\/p>\n<p><strong>Gibt es eine pers\u00f6nliche Erfahrung, die Ihnen den Kern diakonischer Arbeit existenziell vor Augen gef\u00fchrt hat?<br \/>\n<\/strong>Im Kulturhauptstadtjahr 2010 im Ruhrgebiet fanden in der zentralen Marktkirche in Essen Ausstellungen zum Thema \u201eMenschenbilder\u201c statt. Dort organisierte ich zusammen mit einer Presbyterin den \u201eKirchenw\u00e4chterdienst\u201c. Unter den etwa neunzig Ehrenamtlichen befanden sich auch neunzehn Menschen mit einer geistigen Behinderung. Diese \u00fcbten ihren Dienst jeweils im Tandem mit einem Nichtbehinderten aus.<br \/>\nNach Ende des Kulturhauptstadtjahres wollten diese neunzehn Menschen weiter \u201eW\u00e4chter\u201c sein. Ich konnte die Kulturwerkstatt ARKA auf dem Weltkulturerbe Zollverein f\u00fcr eine weitere Zusammenarbeit gewinnen. Bis heute sind einige Menschen mit Behinderung an den Wochenenden bei den Ausstellungen der ARKA engagiert. Einer von ihnen ist inzwischen zum Mitorganisator der Gruppe geworden.<br \/>\nDas Besondere ist, dass die Menschen von den K\u00fcnstlerinnen und K\u00fcnstlern vor jeder Vernissage ausf\u00fchrlich in die Werke eingef\u00fchrt werden und dass abschlie\u00dfend auch ein R\u00fcckblick auf die beendete Ausstellung erfolgt. Hier werden die \u201eW\u00e4chter\u201c mit ihren zum Teil ganz anderen Sichtweisen ernst genommen. Durch die ehrenamtlichen Eins\u00e4tze ist auf beiden Seiten eine Vertrautheit gewachsen. Die Menschen mit Behinderung sind zu einem Teil der K\u00fcnstlergruppe geworden.<\/p>\n<p><strong>An welchem Ort (in welcher Einrichtung, in welchem Haus oder Raum) ist Diakonie f\u00fcr Sie in besonderer Weise sichtbar und erfahrbar geworden und was hat Sie dort fasziniert?<br \/>\n<\/strong>Das ist f\u00fcr mich die Marktkirche, weil ich hier das eigenverantwortliche und partnerschaftliche Miteinander erleben durfte. F\u00fcr die Kirchenw\u00e4chter war es ein besonderer Raum, weil sie hier als Gleichberechtigte wahrgenommen wurden und nicht ihre Behinderungen im Vordergrund standen. Sie kamen in Gespr\u00e4che mit den Ausstellungsbesucherinnen und -besuchern und konnten ihre Deutung der Bilder weitergeben, die vielleicht von gewohnten Betrachtungen abwichen. Dadurch wurden die Besucherinnen und Besucher zu einem neuen, anderen Blick auf die Kunstwerke angeregt.<\/p>\n<p><strong>Und sonst? Haben Sie weitere Gedanken, Anmerkungen, Anregungen zur Bedeutung \u2013 und vielleicht auch zur Relativierung \u2013 diakonischer Orte?<br \/>\n<\/strong>Aus der gewonnenen Erfahrung heraus hat sich inzwischen auch eine Zusammenarbeit mit der Bahnhofsmission Essen als Pilotprojekt entwickelt. Dort arbeiten vier Menschen mit einer Behinderung in Tandems mit.<br \/>\nDiakonische Orte sind \u00fcberall da, wo Menschen sich in ihrer Unterschiedlichkeit begegnen und sich gegenseitig ernst nehmen. Wo eine Behinderung nicht ausschlie\u00dft, sondern als Normalit\u00e4t erlebt wird.<br \/>\nMit einem der Menschen mit einer geistigen Behinderung und seinem Freund hat sich eine sch\u00f6ne Freundschaft entwickelt.<\/p>\n<p class=\"p1\"><strong>Vielen Dank!<\/strong><\/p>\n<p><a href=\"http:\/\/www.aktion-menschenstadt.de\/?c=gottesdienst&amp;s=ehrenamt&amp;ss=kirchenwaechter&amp;file=kirchenwaechter\" target=\"_blank\" rel=\"noopener noreferrer\">www.aktion-menschenstadt.de<\/a><\/p>\n<p><a href=\"http:\/\/www.seele-und-sorge.de\/wp-content\/uploads\/2017\/01\/pilgerreisen.jpg\"><img loading=\"lazy\" decoding=\"async\" class=\"wp-image-2640 size-full alignleft\" src=\"http:\/\/www.seele-und-sorge.de\/wp-content\/uploads\/2017\/01\/pilgerreisen.jpg\" alt=\"\" width=\"239\" height=\"96\" \/><\/a><a href=\"http:\/\/www.seele-und-sorge.de\/?page_id=1466\">Hier klicken um die Angebote: Pilgerreisen 2017 zu sehen. Viel Spa\u00df beim Lesen.<\/a><\/p>\n<p><a href=\"https:\/\/www.facebook.com\/Seele-und-Sorge-278815565795410\/?fref=ts\" target=\"_blank\" rel=\"noopener noreferrer\"><img loading=\"lazy\" decoding=\"async\" class=\"alignleft size-full wp-image-2023\" src=\"http:\/\/www.seele-und-sorge.de\/wp-content\/uploads\/2016\/06\/facebook_s_kl.png\" alt=\"facebook_s_kl\" width=\"37\" height=\"37\" \/><\/a><\/p>\n<p><a href=\"https:\/\/www.facebook.com\/Seele-und-Sorge-278815565795410\/?fref=ts\" target=\"_blank\" rel=\"noopener noreferrer\">Besuchen Sie auch unsere facebookseite \u201eSeele &amp; Sorge\u201c<\/a><\/p>\n","protected":false},"excerpt":{"rendered":"<p>DIAKONISCHE PILGERREISEN:\u00a0DER BLOG Wir entdecken Diakonische Pilgerorte \u2013\u00a0 diesmal auf der Spur von: Wolfgang Hirsch \u201eDiakonische Orte sind \u00fcberall da,&#8230; <a href=\"https:\/\/www.seele-und-sorge.de\/?page_id=3133\">read more<\/a><\/p>\n","protected":false},"author":1,"featured_media":0,"parent":1911,"menu_order":38,"comment_status":"closed","ping_status":"closed","template":"","meta":{"footnotes":""},"class_list":["post-3133","page","type-page","status-publish","hentry"],"_links":{"self":[{"href":"https:\/\/www.seele-und-sorge.de\/index.php?rest_route=\/wp\/v2\/pages\/3133"}],"collection":[{"href":"https:\/\/www.seele-und-sorge.de\/index.php?rest_route=\/wp\/v2\/pages"}],"about":[{"href":"https:\/\/www.seele-und-sorge.de\/index.php?rest_route=\/wp\/v2\/types\/page"}],"author":[{"embeddable":true,"href":"https:\/\/www.seele-und-sorge.de\/index.php?rest_route=\/wp\/v2\/users\/1"}],"replies":[{"embeddable":true,"href":"https:\/\/www.seele-und-sorge.de\/index.php?rest_route=%2Fwp%2Fv2%2Fcomments&post=3133"}],"version-history":[{"count":4,"href":"https:\/\/www.seele-und-sorge.de\/index.php?rest_route=\/wp\/v2\/pages\/3133\/revisions"}],"predecessor-version":[{"id":3147,"href":"https:\/\/www.seele-und-sorge.de\/index.php?rest_route=\/wp\/v2\/pages\/3133\/revisions\/3147"}],"up":[{"embeddable":true,"href":"https:\/\/www.seele-und-sorge.de\/index.php?rest_route=\/wp\/v2\/pages\/1911"}],"wp:attachment":[{"href":"https:\/\/www.seele-und-sorge.de\/index.php?rest_route=%2Fwp%2Fv2%2Fmedia&parent=3133"}],"curies":[{"name":"wp","href":"https:\/\/api.w.org\/{rel}","templated":true}]}}