{"id":2577,"date":"2016-12-13T11:42:16","date_gmt":"2016-12-13T11:42:16","guid":{"rendered":"http:\/\/www.seele-und-sorge.de\/?page_id=2577"},"modified":"2016-12-13T11:42:16","modified_gmt":"2016-12-13T11:42:16","slug":"kraftorte-interview-mit-schwester-astrid-horn","status":"publish","type":"page","link":"https:\/\/www.seele-und-sorge.de\/?page_id=2577","title":{"rendered":"Kraftorte: Interview mit Schwester Astrid Horn"},"content":{"rendered":"<h3><a href=\"http:\/\/www.seele-und-sorge.de\/wp-content\/uploads\/2015\/01\/SuS_Logo_RGB_mit-Unterzeile-Kopie.png\"><img loading=\"lazy\" decoding=\"async\" class=\"aligncenter size-medium wp-image-857\" src=\"http:\/\/www.seele-und-sorge.de\/wp-content\/uploads\/2015\/01\/SuS_Logo_RGB_mit-Unterzeile-Kopie-300x107.png\" alt=\"SuS_Logo_RGB_mit Unterzeile Kopie\" width=\"300\" height=\"107\" srcset=\"https:\/\/www.seele-und-sorge.de\/wp-content\/uploads\/2015\/01\/SuS_Logo_RGB_mit-Unterzeile-Kopie-300x107.png 300w, https:\/\/www.seele-und-sorge.de\/wp-content\/uploads\/2015\/01\/SuS_Logo_RGB_mit-Unterzeile-Kopie.png 576w\" sizes=\"(max-width: 300px) 100vw, 300px\" \/><\/a><\/h3>\n<h3 style=\"text-align: center;\"><span style=\"color: #8ab310;\">DIAKONISCHE PILGERREISEN: <span style=\"color: #eb910c;\">DER BLOG<\/span><\/span><\/h3>\n<h3 style=\"text-align: center;\"><strong>Wir entdecken Diakonische Pilgerorte \u2013<\/strong><br \/>\n<strong>diesmal auf der Spur von: <strong>Schwester Astrid Horn<\/strong><\/strong><\/h3>\n<table style=\"height: 436px;\" width=\"716\">\n<tbody>\n<tr>\n<td width=\"232\"><a href=\"http:\/\/www.seele-und-sorge.de\/wp-content\/uploads\/2016\/12\/DSC_0220.jpg\"><img loading=\"lazy\" decoding=\"async\" class=\"aligncenter wp-image-2578 size-medium\" src=\"http:\/\/www.seele-und-sorge.de\/wp-content\/uploads\/2016\/12\/DSC_0220-300x202.jpg\" alt=\"\" width=\"300\" height=\"202\" srcset=\"https:\/\/www.seele-und-sorge.de\/wp-content\/uploads\/2016\/12\/DSC_0220-300x202.jpg 300w, https:\/\/www.seele-und-sorge.de\/wp-content\/uploads\/2016\/12\/DSC_0220.jpg 652w\" sizes=\"(max-width: 300px) 100vw, 300px\" \/><\/a><\/p>\n<p>\u201eDiakonische Orte oder Einrichtungen sind Orte mitten in der Welt. Sie m\u00fcssen auch entsprechend wirtschaftlich und effektiv arbeiten. Doch wichtig erscheint mir, dass sie Orte des gelebten Glaubens bleiben, so wie sie vor \u00fcber hundert Jahren angetreten sind. Orte, die sich ihrer Tradition bewusst sind, die alte sch\u00f6ne Rituale weiter leben und in die moderne Welt tragen.\u201c<\/td>\n<td width=\"232\"><a href=\"http:\/\/www.seele-und-sorge.de\/wp-content\/uploads\/2016\/12\/sr_03.jpg\"><img loading=\"lazy\" decoding=\"async\" class=\"aligncenter wp-image-2583 size-full\" src=\"http:\/\/www.seele-und-sorge.de\/wp-content\/uploads\/2016\/12\/sr_03.jpg\" alt=\"\" width=\"160\" height=\"200\" \/><\/a><\/p>\n<p>Schwester Astrid Horn ist seit den siebziger Jahren im Bodelschwingh-Haus Wolmirstedt t\u00e4tig. Im Diakonischen Fachdienst der Einrichtung \u00fcbernimmt sie Verantwortung f\u00fcr das geistliche Leben im Haus. Zu ihren Aufgaben geh\u00f6ren u.\u00a0a. das t\u00e4gliche \u201eMorgenlob\u201c in der Kapelle, Andachten in der Kapelle und den Wohn- und Arbeitsbereichen sowie die Seelsorge f\u00fcr Bewohner und Mitarbeitende.<\/td>\n<\/tr>\n<\/tbody>\n<\/table>\n<p><strong>Sie besch\u00e4ftigen sich beruflich und\/oder ehrenamtlich mit Diakonie. Was liegt Ihnen dabei besonders am Herzen?<br \/>\n<\/strong>Seit \u00fcber vierzig Jahren bin ich beruflich in der Diakonie t\u00e4tig. Von Anfang an bis heute geht es mir dabei um den Menschen, um jeden Einzelnen, der trotz Handicap eine au\u00dferordentliche Pers\u00f6nlichkeit ist. Mit St\u00e4rken und Grenzen. Ein Mensch, von Gott gewollt und geliebt. Ich kann eine Br\u00fccke sein, dass dies f\u00fcr die Bewohnerinnen und Bewohner hier erfahrbar wird.<\/p>\n<p><strong>Gibt es eine pers\u00f6nliche Erfahrung, die Ihnen den Kern diakonischer Arbeit existenziell vor Augen gef\u00fchrt hat?<br \/>\n<\/strong>Eine tiefgreifende Erfahrung habe ich in meiner Konfirmandenzeit gemacht bei einem Besuch in einer Behinderteneinrichtung. Die Leiterin, eine \u00e4ltere Diakonisse, sagte: \u201eWir brauchen neue Arbeiter im Weinberg Gottes, die diesen sozialen Dienst an den Schwachen tun.\u201c Im Sinne von dem, was Jesus uns auf den Weg gibt: \u201eWas ihr getan habt unter den Geringsten, das habt ihr mir getan.\u201c<\/p>\n<p><strong>An welchem Ort (in welcher Einrichtung, in welchem Haus oder Raum) ist Diakonie f\u00fcr Sie in besonderer Weise sichtbar und erfahrbar geworden und was hat Sie dort fasziniert?<br \/>\n<\/strong>Mein gesamtes Berufsleben bin ich im Bodelschwingh-Haus Wolmirstedt. Hier gehalten hat mich die Kombination aus der benediktinischen Lehre: \u201eBete und arbeite\u201c. Bis heute ist geistliches Leben im Bodelschwingh-Haus pr\u00e4sent und wird gelebt. In Andachten, Gottesdiensten, Konzerten und dem t\u00e4glichen Morgenlob. Dazu haben wir f\u00fcr die Vorweihnachtszeit eine Tradition aus den Anf\u00e4ngen im 19.\u00a0Jahrhundert: das Adventslicht aus der Kapelle in alle R\u00e4ume der Einrichtung zu tragen. Mitarbeiter singen die frohe Botschaft der Adventslieder und z\u00fcnden in fast jedem Raum ein Licht an.<\/p>\n<p><strong>Was macht Ihrer Meinung nach einen \u2013 oder diesen \u2013 \u201ediakonischen Ort\u201c zum spirituellen Kraftort (Geschichte, Gestaltung, Personen \u2026)?<br \/>\n<\/strong>In der Diakonie zu arbeiten ist nicht nur Beruf, sondern auch Berufung. Zur Zeit der DDR war die Ausbildung zur Kinderdiakonin staatlich nicht anerkannt. Behindertenarbeit hatte damals keine Lobby. Doch die Menschen, die hier wohnen, brauchten und brauchen Begleitung. Die gelebte Gemeinschaft schwei\u00dfte zusammen \u2013 auch wegen der beengten r\u00e4umlichen Situation. Wir waren immer wie eine gro\u00dfe Familie oder eine Mannschaft auf einem Schiff. Ein Kirchenschlager dieser Zeit war \u201eEin Schiff, das sich Gemeinde nennt\u201c. Wir haben das Gl\u00fcck, eine Kapelle auf dem Gel\u00e4nde zu haben, einen direkten Ort, der Raum f\u00fcr Stille und Aktionen bietet.<\/p>\n<p><strong>Was w\u00fcrden Sie in Ihrem Arbeitsumfeld r\u00e4umlich \u00e4ndern, wenn Sie die Freiheit und Mittel dazu h\u00e4tten, damit die Arbeit, die Ihnen am Herzen liegt, noch besser gelingt?<\/strong><br \/>\nDas Bodelschwingh-Haus kommt aus der Tradition der Diakonie des 19.\u00a0Jahrhunderts. Das Hauptgeb\u00e4ude ist alt und ehrw\u00fcrdig, aber f\u00fcr die Wohn-, Arbeits- und Betreuungsanforderungen unserer Zeit nicht mehr geeignet. Behinderte Menschen w\u00fcnschen sich, wie alle anderen auch, mitten in der Stadt in eigenen Wohnungen zu leben, so normal wie m\u00f6glich, und m\u00f6glichst auch auf dem normalen Arbeitsmarkt t\u00e4tig zu sein. Dem kommen wir auch so gut wie es geht nach. Aber was passiert mit den alten traditionsreichen Geb\u00e4uden? Ein schwieriger Spagat, aber die diakonische Hilfe macht nur Sinn, wenn sie auch dem entspricht, was die Menschen wollen und brauchen.<\/p>\n<p><strong>Und sonst? Haben Sie weitere Gedanken, Anmerkungen, Anregungen zur Bedeutung \u2013 und vielleicht auch zur Relativierung \u2013 diakonischer Orte?<\/strong><br \/>\nDiakonische Orte oder Einrichtungen sind Orte mitten in der Welt. Sie m\u00fcssen auch entsprechend wirtschaftlich und effektiv arbeiten. Doch wichtig erscheint mir, dass sie Orte des gelebten Glaubens bleiben, so wie sie vor \u00fcber hundert Jahren angetreten sind. Orte, die sich ihrer Tradition bewusst sind, die alte sch\u00f6ne Rituale weiter leben und in die moderne Welt tragen. So werden sie vielleicht ein neues Erlebnis f\u00fcr Menschen, die bei uns arbeiten und \u201eKirche\u201c nicht kennen.<\/p>\n<p>Vielen Dank!<\/p>\n<p>Link zu den Webseiten:\u00a0<a href=\"http:\/\/www.bodelschwingh-haus.de\" target=\"_blank\">www.bodelschwingh-haus.de<\/a><\/p>\n<p><a href=\"http:\/\/www.seele-und-sorge.de\/?page_id=1466\"><img loading=\"lazy\" decoding=\"async\" class=\"alignleft size-full wp-image-1918\" src=\"http:\/\/www.seele-und-sorge.de\/wp-content\/uploads\/2016\/05\/pilgerreisen.jpg\" alt=\"pilgerreisen\" width=\"239\" height=\"96\" \/><\/a><a href=\"http:\/\/www.seele-und-sorge.de\/?page_id=1466\">Hier klicken um die Angebote: Pilgerreisen 2017 zu sehen. Viel Spa\u00df beim Lesen.<\/a><\/p>\n<p><a href=\"https:\/\/www.facebook.com\/Seele-und-Sorge-278815565795410\/?fref=ts\" target=\"_blank\"><img loading=\"lazy\" decoding=\"async\" class=\"alignleft size-full wp-image-2023\" src=\"http:\/\/www.seele-und-sorge.de\/wp-content\/uploads\/2016\/06\/facebook_s_kl.png\" alt=\"facebook_s_kl\" width=\"37\" height=\"37\" \/><\/a><\/p>\n<p><a href=\"https:\/\/www.facebook.com\/Seele-und-Sorge-278815565795410\/?fref=ts\" target=\"_blank\">Besuchen Sie auch unsere facebookseite \u201eSeele &amp; Sorge\u201c<\/a><\/p>\n","protected":false},"excerpt":{"rendered":"<p>DIAKONISCHE PILGERREISEN: DER BLOG Wir entdecken Diakonische Pilgerorte \u2013 diesmal auf der Spur von: Schwester Astrid Horn \u201eDiakonische Orte oder&#8230; <a href=\"https:\/\/www.seele-und-sorge.de\/?page_id=2577\">read more<\/a><\/p>\n","protected":false},"author":1,"featured_media":0,"parent":1911,"menu_order":43,"comment_status":"closed","ping_status":"closed","template":"","meta":{"footnotes":""},"class_list":["post-2577","page","type-page","status-publish","hentry"],"_links":{"self":[{"href":"https:\/\/www.seele-und-sorge.de\/index.php?rest_route=\/wp\/v2\/pages\/2577"}],"collection":[{"href":"https:\/\/www.seele-und-sorge.de\/index.php?rest_route=\/wp\/v2\/pages"}],"about":[{"href":"https:\/\/www.seele-und-sorge.de\/index.php?rest_route=\/wp\/v2\/types\/page"}],"author":[{"embeddable":true,"href":"https:\/\/www.seele-und-sorge.de\/index.php?rest_route=\/wp\/v2\/users\/1"}],"replies":[{"embeddable":true,"href":"https:\/\/www.seele-und-sorge.de\/index.php?rest_route=%2Fwp%2Fv2%2Fcomments&post=2577"}],"version-history":[{"count":5,"href":"https:\/\/www.seele-und-sorge.de\/index.php?rest_route=\/wp\/v2\/pages\/2577\/revisions"}],"predecessor-version":[{"id":2587,"href":"https:\/\/www.seele-und-sorge.de\/index.php?rest_route=\/wp\/v2\/pages\/2577\/revisions\/2587"}],"up":[{"embeddable":true,"href":"https:\/\/www.seele-und-sorge.de\/index.php?rest_route=\/wp\/v2\/pages\/1911"}],"wp:attachment":[{"href":"https:\/\/www.seele-und-sorge.de\/index.php?rest_route=%2Fwp%2Fv2%2Fmedia&parent=2577"}],"curies":[{"name":"wp","href":"https:\/\/api.w.org\/{rel}","templated":true}]}}