{"id":2519,"date":"2016-11-22T19:31:57","date_gmt":"2016-11-22T19:31:57","guid":{"rendered":"http:\/\/www.seele-und-sorge.de\/?page_id=2519"},"modified":"2016-12-13T12:57:09","modified_gmt":"2016-12-13T12:57:09","slug":"kraftorte-interview-mit-dr-beate-jakob-referentin-fuer-studien-und-gemeindearbeit-bei-difaem","status":"publish","type":"page","link":"https:\/\/www.seele-und-sorge.de\/?page_id=2519","title":{"rendered":"Kraftorte: Interview mit Dr. Beate Jakob, Referentin f\u00fcr Studien- und Gemeindearbeit bei Dif\u00e4m"},"content":{"rendered":"<h3><a href=\"http:\/\/www.seele-und-sorge.de\/wp-content\/uploads\/2015\/01\/SuS_Logo_RGB_mit-Unterzeile-Kopie.png\"><img loading=\"lazy\" decoding=\"async\" class=\"aligncenter size-medium wp-image-857\" src=\"http:\/\/www.seele-und-sorge.de\/wp-content\/uploads\/2015\/01\/SuS_Logo_RGB_mit-Unterzeile-Kopie-300x107.png\" alt=\"SuS_Logo_RGB_mit Unterzeile Kopie\" width=\"300\" height=\"107\" srcset=\"https:\/\/www.seele-und-sorge.de\/wp-content\/uploads\/2015\/01\/SuS_Logo_RGB_mit-Unterzeile-Kopie-300x107.png 300w, https:\/\/www.seele-und-sorge.de\/wp-content\/uploads\/2015\/01\/SuS_Logo_RGB_mit-Unterzeile-Kopie.png 576w\" sizes=\"(max-width: 300px) 100vw, 300px\" \/><\/a><\/h3>\n<h3 style=\"text-align: center;\"><span style=\"color: #8ab310;\">DIAKONISCHE PILGERREISEN: <span style=\"color: #eb910c;\">DER BLOG<\/span><\/span><\/h3>\n<h3 style=\"text-align: center;\"><strong>Wir entdecken Diakonische Pilgerorte \u2013<\/strong><br \/>\n<strong>diesmal auf der Spur von: Dr. Beate Jakob <\/strong><\/h3>\n<table style=\"height: 436px;\" width=\"716\">\n<tbody>\n<tr>\n<td width=\"232\"><a href=\"http:\/\/www.seele-und-sorge.de\/wp-content\/uploads\/2016\/11\/Beate_Jakob41.jpg\"><img loading=\"lazy\" decoding=\"async\" class=\"wp-image-2520 size-full aligncenter\" src=\"http:\/\/www.seele-und-sorge.de\/wp-content\/uploads\/2016\/11\/Beate_Jakob41.jpg\" alt=\"\" width=\"350\" height=\"307\" srcset=\"https:\/\/www.seele-und-sorge.de\/wp-content\/uploads\/2016\/11\/Beate_Jakob41.jpg 350w, https:\/\/www.seele-und-sorge.de\/wp-content\/uploads\/2016\/11\/Beate_Jakob41-300x263.jpg 300w\" sizes=\"(max-width: 350px) 100vw, 350px\" \/><\/a><\/p>\n<p>\u201e\u2026 Orte, wo Menschen sich nicht als stark und als Sieger pr\u00e4sentieren m\u00fcssen, sondern auch einmal ihre Schwachheit und Hilfsbed\u00fcrftigkeit benennen d\u00fcrfen. Dadurch w\u00e4chst das Bewusstsein, nicht eine Gemeinschaft von Starken zu sein, sondern von Un-Perfekten, die auf Gottes Gnade angewiesen sind.\u201c<\/td>\n<td width=\"232\"><a href=\"http:\/\/www.seele-und-sorge.de\/wp-content\/uploads\/2016\/11\/Beate_Jakob31.jpg\"><img loading=\"lazy\" decoding=\"async\" class=\"wp-image-2521 size-full aligncenter\" src=\"http:\/\/www.seele-und-sorge.de\/wp-content\/uploads\/2016\/11\/Beate_Jakob31.jpg\" alt=\"\" width=\"350\" height=\"307\" srcset=\"https:\/\/www.seele-und-sorge.de\/wp-content\/uploads\/2016\/11\/Beate_Jakob31.jpg 350w, https:\/\/www.seele-und-sorge.de\/wp-content\/uploads\/2016\/11\/Beate_Jakob31-300x263.jpg 300w\" sizes=\"(max-width: 350px) 100vw, 350px\" \/><\/a><\/p>\n<p>Dr. Beate Jakob ist Referentin f\u00fcr Studien- und Gemeindearbeit bei Dif\u00e4m \u2013 Gesundheit in der Einen Welt, dem Deutschen Institut f\u00fcr \u00c4rztliche Mission e. V. Ehrenamtlich engagiert sie sich bei den Orten des Zuh\u00f6rens der Katholischen Kirchengemeinde St. Michael in T\u00fcbingen.<\/td>\n<\/tr>\n<\/tbody>\n<\/table>\n<p><strong>Sie besch\u00e4ftigen sich beruflich und\/oder ehrenamtlich mit Diakonie. Was liegt Ihnen dabei besonders am Herzen?<br \/>\n<\/strong>Mir liegt besonders am Herzen, dass der diakonische Auftrag nicht nur von den professionellen Diensten wahrgenommen wird, sondern als Auftrag aller Getauften verstanden und ausge\u00fcbt wird. Deshalb ist es wichtig, die professionellen Dienste und die Kirchengemeinden miteinander zu verbinden, damit die diakonischen Dienste in der Gemeinde verortet sind und die Gemeinde als Kraftquelle erfahren.<\/p>\n<p><strong>Gibt es eine pers\u00f6nliche Erfahrung, die Ihnen den Kern diakonischer Arbeit existenziell vor Augen gef\u00fchrt hat?<br \/>\n<\/strong>Da denke ich spontan an ein Beispiel aus Indien, das uns k\u00fcrzlich eine Dif\u00e4m-Partnerin aus Indien vorgestellt hat. Die indische \u00c4rztin Dr. Vandana Kanth vom Duncan Hospital in Bihar, Indien, hat erkannt, dass es wichtig ist, die Gemeinden im Umkreis des Krankenhauses aktiv in die Gesundheitsversorgung einzubinden, anstatt einen ausschlie\u00dflich kurativen, krankenhausbasierten Ansatz zu praktizieren.<\/p>\n<p class=\"p1\"><span class=\"s1\">Mit einem Team von Mitarbeitenden des Krankenhauses geht sie regelm\u00e4\u00dfig in die umliegenden D\u00f6rfer und das Team leistet eine medizinische Versorgung vor Ort. Dar\u00fcber hinaus werden auch Dorfgesundheitshelferinnen ausgebildet. Ihnen wird ein Basiswissen zu Gesundheit und vor allem zur Vorbeugung von Krankheiten vermittelt und sie lernen, einige Krankheiten direkt zu behandeln. Mit den Gemeindemitgliedern wird zudem \u00fcberlegt, was sie selbst zur Gesundheit in ihren D\u00f6rfern beitragen k\u00f6nnen \u2013 zum Beispiel wie sie HIV-Infektionen vermeiden k\u00f6nnen, wie eine gesunde Ern\u00e4hrung zubereitet wird und welche Hygieneregeln eingehalten werden m\u00fcssen.<\/span><\/p>\n<p>Seit zwei Jahren arbeitet dieses Projekt mit den Gemeinden auch am Thema psychische Gesundheit, da Alkohol, h\u00e4usliche Gewalt und Suizide ein gro\u00dfes Problem sind.<\/p>\n<p>Beispielhaft das Zitat einer jungen Frau: \u201eEs tut mir nicht sehr weh, wenn mein Mann mich schl\u00e4gt, weil ich das nach einiger Zeit vergesse und der Schmerz nachl\u00e4sst. Aber die Worte, mit denen er mich erniedrigt und missachtet, t\u00f6ten meine Seele und meinen Geist und das halte ich nicht aus.\u201c<\/p>\n<p>Um Menschen wie dieser Frau ein Leben in W\u00fcrde zu erm\u00f6glichen, wurden soziale und spirituelle Komponenten mit in das Programm aufgenommen: Die Frauen bekommen zum Beispiel ein kleines Darlehen und psychologische Betreuung. Menschen in den D\u00f6rfern und Projektmitarbeitende beten mit ihnen. Ein solcher ganzheitlicher Ansatz beugt Suiziden vor.<\/p>\n<p><strong>Was macht Ihrer Meinung nach einen \u2013 oder diesen \u2013 \u201ediakonischen Ort\u201c zum spirituellen Kraftort (Geschichte, Gestaltung, Personen \u2026)?<br \/>\n<\/strong>In dem Projekt in Indien wie bei den Orten des Zuh\u00f6rens geht es um ein Miteinander, das mehr ist als praktische Hilfe oder das gemeinsame Finden von L\u00f6sungen. Zu sp\u00fcren, dass andere Menschen bei einem sind, gibt neuen Mut und Energie. Im gemeinsamen Gebet ist Gottes Geist sp\u00fcrbar und als Kraftquelle erfahrbar.<\/p>\n<p><strong>Was w\u00fcrden Sie in Ihrem Arbeitsumfeld r\u00e4umlich \u00e4ndern, wenn Sie die Freiheit und Mittel dazu h\u00e4tten, damit die Arbeit, die Ihnen am Herzen liegt, noch besser gelingt?<\/strong><br \/>\nHier denke ich pers\u00f6nlich weniger an die Gestaltung von konkreten R\u00e4umen. Das ist nat\u00fcrlich wichtig \u2013 aber mein Anliegen ist, dass in Gemeinden \u201egesch\u00fctzte R\u00e4ume\u201c entstehen. Im Englischen spricht man von \u201esafe\u201c oder \u201esacred spaces\u201c und meint damit Orte\/R\u00e4ume\/Begegnungsm\u00f6glichkeiten, an denen sich Menschen frei und offen begegnen und austauschen k\u00f6nnen, anstatt eine Rolle spielen zu m\u00fcssen. Das kann zum Beispiel ein Gespr\u00e4chsangebot sein, ein Hauskreis, eine Trauergruppe usw. \u2013 Orte, wo Menschen sich nicht als stark und als \u201eSieger\u201c pr\u00e4sentieren m\u00fcssen, sondern auch einmal ihre Masken ablegen und ihre Schwachheit und Hilfsbed\u00fcrftigkeit benennen d\u00fcrfen. Dadurch w\u00e4chst in Gemeinden auch das Bewusstsein, nicht eine Gemeinschaft von Starken zu sein, sondern von Un-Perfekten, die alle auf Gottes Gnade angewiesen sind.<\/p>\n<p>&nbsp;<\/p>\n<p>Vielen Dank!<\/p>\n<p>Link zu den Webseiten:\u00a0<a href=\"http:\/\/www.difaem.de\/\" target=\"_blank\">www.difaem.de<\/a><\/p>\n<p><a href=\"http:\/\/www.seele-und-sorge.de\/?page_id=1466\"><img loading=\"lazy\" decoding=\"async\" class=\"alignleft size-full wp-image-1918\" src=\"http:\/\/www.seele-und-sorge.de\/wp-content\/uploads\/2016\/05\/pilgerreisen.jpg\" alt=\"pilgerreisen\" width=\"239\" height=\"96\" \/><\/a><a href=\"http:\/\/www.seele-und-sorge.de\/?page_id=1466\">Hier klicken um die Angebote: Pilgerreisen 2017 zu sehen. Viel Spa\u00df beim Lesen.<\/a><\/p>\n<p><a href=\"https:\/\/www.facebook.com\/Seele-und-Sorge-278815565795410\/?fref=ts\" target=\"_blank\"><img loading=\"lazy\" decoding=\"async\" class=\"alignleft size-full wp-image-2023\" src=\"http:\/\/www.seele-und-sorge.de\/wp-content\/uploads\/2016\/06\/facebook_s_kl.png\" alt=\"facebook_s_kl\" width=\"37\" height=\"37\" \/><\/a><\/p>\n<p><a href=\"https:\/\/www.facebook.com\/Seele-und-Sorge-278815565795410\/?fref=ts\" target=\"_blank\">Besuchen Sie auch unsere facebookseite \u201eSeele &amp; Sorge\u201c<\/a><\/p>\n","protected":false},"excerpt":{"rendered":"<p>DIAKONISCHE PILGERREISEN: DER BLOG Wir entdecken Diakonische Pilgerorte \u2013 diesmal auf der Spur von: Dr. Beate Jakob \u201e\u2026 Orte, wo&#8230; <a href=\"https:\/\/www.seele-und-sorge.de\/?page_id=2519\">read more<\/a><\/p>\n","protected":false},"author":1,"featured_media":0,"parent":1911,"menu_order":45,"comment_status":"closed","ping_status":"closed","template":"","meta":{"footnotes":""},"class_list":["post-2519","page","type-page","status-publish","hentry"],"_links":{"self":[{"href":"https:\/\/www.seele-und-sorge.de\/index.php?rest_route=\/wp\/v2\/pages\/2519"}],"collection":[{"href":"https:\/\/www.seele-und-sorge.de\/index.php?rest_route=\/wp\/v2\/pages"}],"about":[{"href":"https:\/\/www.seele-und-sorge.de\/index.php?rest_route=\/wp\/v2\/types\/page"}],"author":[{"embeddable":true,"href":"https:\/\/www.seele-und-sorge.de\/index.php?rest_route=\/wp\/v2\/users\/1"}],"replies":[{"embeddable":true,"href":"https:\/\/www.seele-und-sorge.de\/index.php?rest_route=%2Fwp%2Fv2%2Fcomments&post=2519"}],"version-history":[{"count":9,"href":"https:\/\/www.seele-und-sorge.de\/index.php?rest_route=\/wp\/v2\/pages\/2519\/revisions"}],"predecessor-version":[{"id":2599,"href":"https:\/\/www.seele-und-sorge.de\/index.php?rest_route=\/wp\/v2\/pages\/2519\/revisions\/2599"}],"up":[{"embeddable":true,"href":"https:\/\/www.seele-und-sorge.de\/index.php?rest_route=\/wp\/v2\/pages\/1911"}],"wp:attachment":[{"href":"https:\/\/www.seele-und-sorge.de\/index.php?rest_route=%2Fwp%2Fv2%2Fmedia&parent=2519"}],"curies":[{"name":"wp","href":"https:\/\/api.w.org\/{rel}","templated":true}]}}