{"id":2368,"date":"2016-10-18T16:10:49","date_gmt":"2016-10-18T16:10:49","guid":{"rendered":"http:\/\/www.seele-und-sorge.de\/?page_id=2368"},"modified":"2016-12-13T12:56:14","modified_gmt":"2016-12-13T12:56:14","slug":"kraftorte-interview-mit-rainer-adomat-geschaeftsfuehrer-der-stiftung-hamburger-arbeiter-kolonie","status":"publish","type":"page","link":"https:\/\/www.seele-und-sorge.de\/?page_id=2368","title":{"rendered":"Kraftorte: Interview mit Rainer Adomat, Gesch\u00e4ftsf\u00fchrer der Stiftung Hamburger Arbeiter-Kolonie"},"content":{"rendered":"<h3><a href=\"http:\/\/www.seele-und-sorge.de\/wp-content\/uploads\/2015\/01\/SuS_Logo_RGB_mit-Unterzeile-Kopie.png\"><img loading=\"lazy\" decoding=\"async\" class=\"aligncenter size-medium wp-image-857\" src=\"http:\/\/www.seele-und-sorge.de\/wp-content\/uploads\/2015\/01\/SuS_Logo_RGB_mit-Unterzeile-Kopie-300x107.png\" alt=\"SuS_Logo_RGB_mit Unterzeile Kopie\" width=\"300\" height=\"107\" srcset=\"https:\/\/www.seele-und-sorge.de\/wp-content\/uploads\/2015\/01\/SuS_Logo_RGB_mit-Unterzeile-Kopie-300x107.png 300w, https:\/\/www.seele-und-sorge.de\/wp-content\/uploads\/2015\/01\/SuS_Logo_RGB_mit-Unterzeile-Kopie.png 576w\" sizes=\"(max-width: 300px) 100vw, 300px\" \/><\/a><\/h3>\n<h3 style=\"text-align: center;\"><span style=\"color: #8ab310;\">DIAKONISCHE PILGERREISEN: <span style=\"color: #eb910c;\">DER BLOG<\/span><\/span><\/h3>\n<h3 style=\"text-align: center;\"><strong>Wir entdecken Diakonische Pilgerorte \u2013<\/strong><br \/>\n<strong>diesmal auf der Spur von: Rainer Adomat<\/strong><\/h3>\n<table style=\"height: 436px;\" width=\"716\">\n<tbody>\n<tr>\n<td width=\"232\"><a href=\"http:\/\/www.seele-und-sorge.de\/wp-content\/uploads\/2016\/10\/350_02.jpg\"><img loading=\"lazy\" decoding=\"async\" class=\"alignleft wp-image-2369 size-full\" src=\"http:\/\/www.seele-und-sorge.de\/wp-content\/uploads\/2016\/10\/350_02.jpg\" alt=\"\" width=\"350\" height=\"442\" srcset=\"https:\/\/www.seele-und-sorge.de\/wp-content\/uploads\/2016\/10\/350_02.jpg 350w, https:\/\/www.seele-und-sorge.de\/wp-content\/uploads\/2016\/10\/350_02-238x300.jpg 238w\" sizes=\"(max-width: 350px) 100vw, 350px\" \/><\/a><\/p>\n<p class=\"p1\">\u201eIn der Aura dieses Ortes meint man die langen Zeitr\u00e4ume zu sp\u00fcren, in denen er wurde, was er ist. Durch kluge bauliche und konzeptionelle Entscheidungen haben viele Generationen mitgeholfen, die positive Ausstrahlung des Sch\u00e4ferhofs weiterzugeben und weiterzuentwickeln. [\u2026] Mich fasziniert der Gedanke, in einer schaffenden Generationenkette zu stehen, mich bem\u00fchend, sinnvoll mit meinem Tun an das Wirken der Vorg\u00e4nger anzukn\u00fcpfen.\u201c<\/p>\n<\/td>\n<td width=\"232\"><a href=\"http:\/\/www.seele-und-sorge.de\/wp-content\/uploads\/2016\/10\/350_03.jpg\"><img loading=\"lazy\" decoding=\"async\" class=\"alignleft wp-image-2384 size-full\" src=\"http:\/\/www.seele-und-sorge.de\/wp-content\/uploads\/2016\/10\/350_03.jpg\" alt=\"\" width=\"350\" height=\"442\" srcset=\"https:\/\/www.seele-und-sorge.de\/wp-content\/uploads\/2016\/10\/350_03.jpg 350w, https:\/\/www.seele-und-sorge.de\/wp-content\/uploads\/2016\/10\/350_03-238x300.jpg 238w\" sizes=\"(max-width: 350px) 100vw, 350px\" \/><\/a><\/p>\n<p>Rainer Adomat, von Beruf her Lehrer f\u00fcr Deutsch und Geschichte, ist seit \u00fcber drei\u00dfig Jahren in der Diakonie t\u00e4tig, zun\u00e4chst als Deutschlehrer f\u00fcr junge Migranten, dann als Leiter eines Migrationssozialdienstes, seit dem Jahr 2000 als Gesch\u00e4ftsf\u00fchrer der Stiftung Hamburger Arbeiter-Kolonie, die inzwischen nicht mehr in Hamburg, sondern in Schleswig-Holstein auf dem Sch\u00e4ferhof in Appen station\u00e4re Hilfen f\u00fcr wohnungslose Menschen anbietet.<\/td>\n<\/tr>\n<\/tbody>\n<\/table>\n<p><strong>Sie besch\u00e4ftigen sich beruflich und\/oder ehrenamtlich mit Diakonie. Was liegt Ihnen dabei besonders am Herzen?<br \/>\n<\/strong>Mir liegt besonders am Herzen, dass arme und ausgegrenzte Menschen Zugang zur F\u00fclle des Lebens finden. Dies meine ich in sozialer, \u00f6konomischer, bildungsm\u00e4\u00dfiger und religi\u00f6s-spiritueller Hinsicht. Immer wieder staune ich und bin traurig, wie wenig kreativ und engagiert wir sind, m\u00f6glichst alle Menschen an den in unserer Welt, unserer Gesellschaft so zahlreich vorhandenen M\u00f6glichkeiten teilhaben zu lassen.<\/p>\n<p><strong>Gibt es eine pers\u00f6nliche Erfahrung, die Ihnen den Kern diakonischer Arbeit existenziell vor Augen gef\u00fchrt hat?<br \/>\n<\/strong>Ich habe eine ganz pers\u00f6nliche Erfahrung: In Klinikaufenthalten (sie waren gl\u00fccklicherweise nicht sehr h\u00e4ufig) war ich f\u00fcr das Vorhandensein einer Kapelle oder eines Andachtsraums sehr dankbar, um Kraft und Besinnung zu finden. Allerdings muss solch ein Ort \u2013 hier sind wir schon beim Thema \u2013 eine besondere Gestaltung und Ausstattung besitzen. Ein sch\u00f6nes Beispiel ist f\u00fcr mich die Elisabeth-Kapelle im Klinikum in Elmshorn.<\/p>\n<p><strong>An welchem Ort (in welcher Einrichtung, in welchem Haus oder Raum) ist Diakonie f\u00fcr Sie in besonderer Weise sichtbar und erfahrbar geworden und was hat Sie dort fasziniert?<br \/>\n<\/strong>Ich habe in meinem mittlerweile schon recht langen diakonischen Berufsleben an verschiedenen Orten gearbeitet. An allen war Diakonie in besonderer, immer auch einmaliger Weise sichtbar und erfahrbar. Dies waren unter anderem ein modernes Verwaltungsgeb\u00e4ude des Kirchenkreises Pinneberg und eine ehemalige Stasikaserne bei Schwerin, jetzt ist es der Sch\u00e4ferhof in Appen im Kreis Pinneberg. In der Aura dieses Ortes meint man die langen Zeitr\u00e4ume zu sp\u00fcren, in denen er wurde, was er ist. Durch kluge bauliche und konzeptionelle Entscheidungen haben viele Generationen mitgeholfen, die positive Ausstrahlung des Sch\u00e4ferhofs weiterzugeben und weiterzuentwickeln.<\/p>\n<p><strong>Was macht Ihrer Meinung nach einen \u2013 oder diesen \u2013 \u201ediakonischen Ort\u201c zum spirituellen Kraftort (Geschichte, Gestaltung, Personen \u2026)?<br \/>\n<\/strong>Mein Vorg\u00e4nger im Amte sagte gelegentlich, der Sch\u00e4ferhof sei ein Ort, den der Herrgott bei der Sch\u00f6pfung besonders liebgehabt hat. Die \u00fcber Jahrhunderte gewachsene und behutsam weiterentwickelte Anlage mit Parkcharakter und einem beindruckenden Baumbestand vermittelt mir und hoffentlich anderen Geborgenheit und einen Eindruck von der Sch\u00f6nheit der Sch\u00f6pfung. Auch ist faszinierend zu wissen, wie viel M\u00fche und in unserem Fall auch b\u00fcrgerschaftliches Engagement und Spendenbereitschaft in all dem steckt. Ebenso fasziniert mich der Gedanke, in einer schaffenden Generationenkette zu stehen, und ich bem\u00fche mich, sinnvoll mit meinem Tun an das Wirken der Vorg\u00e4nger anzukn\u00fcpfen.<\/p>\n<p><strong>Was w\u00fcrden Sie in Ihrem Arbeitsumfeld r\u00e4umlich \u00e4ndern, wenn Sie die Freiheit und Mittel dazu h\u00e4tten, damit die Arbeit, die Ihnen am Herzen liegt, noch besser gelingt?<br \/>\n<\/strong>Ich bin zun\u00e4chst sehr dankbar, dass wir auf dem Sch\u00e4ferhof in den letzten Jahren sehr viel investieren konnten. An etlichen Stellen k\u00f6nnten Dinge noch verbessert werden, um den Sch\u00e4ferhof als \u2013 m\u00f6glicherweise auch nur vor\u00fcbergehende \u2013 Heimat f\u00fcr Wohnungslose und als Ort der Begegnung in der Region zu halten. Als konkrete Ma\u00dfnahme f\u00e4llt mir das Schaffen besserer Freizeitm\u00f6glichkeiten (Billardraum o.\u00a0\u00e4.) f\u00fcr die Bewohner ein.<\/p>\n<p><strong>Und sonst? Haben Sie weitere Gedanken, Anmerkungen, Anregungen zur Bedeutung \u2013 und vielleicht auch zur Relativierung \u2013 diakonischer Orte?<br \/>\n<\/strong>Diakonische Orte erfahren ihre Besonderheit nicht in erster Linie durch ihre Bauk\u00f6rper. Diese unterstreichen in ihrer Beschaffenheit und Gestaltung nur den sozialen Zweck. Ein diakonischer Ort lebt insbesondere durch das Wirken der dort t\u00e4tigen Menschen und durch ihren guten Geist, der stets mit Professionalit\u00e4t gepaart sein muss. Dies Wirken muss verl\u00e4sslich und dauerhaft sein. Hilfebed\u00fcrftige Menschen sollen sich von solchen Orten wieder entfernen (d\u00fcrfen, k\u00f6nnen), wenn sich ihre Lage stabilisiert hat. Doch diese Menschen sollen wissen, dass in einer eventuellen neuerlichen Notsituation wieder jemand f\u00fcr sie da ist. In so einer Situation kann ein diakonischer Ort eine feste Orientierung bieten. Es ist wie mit einer Kirche: Wichtig ist nicht, dass ich regelm\u00e4\u00dfig hingehe, sondern wichtig ist, dass eine offene Kirche erreichbar ist, wenn ich sie brauche. Es ist eine besondere Funktion station\u00e4rer Wohnungslosenhilfe, solche Verl\u00e4sslichkeit dauerhaft bieten zu k\u00f6nnen.<\/p>\n<p>Vielen Dank!<\/p>\n<p>Link zu den Webseiten:\u00a0<span class=\"s1\"><a href=\"http:\/\/www.schaeferhof-sh.de\/\" target=\"_blank\">www.schaeferhof-sh.de<\/a>,\u00a0<\/span><span class=\"s1\"><a href=\"http:\/\/www.stiftung-hamburg.de\/\" target=\"_blank\">www.stiftung-hamburg.de<\/a><\/span><\/p>\n<p><a href=\"http:\/\/www.seele-und-sorge.de\/?page_id=1466\"><img loading=\"lazy\" decoding=\"async\" class=\"alignleft size-full wp-image-1918\" src=\"http:\/\/www.seele-und-sorge.de\/wp-content\/uploads\/2016\/05\/pilgerreisen.jpg\" alt=\"pilgerreisen\" width=\"239\" height=\"96\" \/><\/a><a href=\"http:\/\/www.seele-und-sorge.de\/?page_id=1466\">Hier klicken um die Angebote: Pilgerreisen 2016\/ 2017 zu sehen. Viel Spa\u00df beim Lesen.<\/a><\/p>\n<p><a href=\"https:\/\/www.facebook.com\/Seele-und-Sorge-278815565795410\/?fref=ts\" target=\"_blank\"><img loading=\"lazy\" decoding=\"async\" class=\"alignleft size-full wp-image-2023\" src=\"http:\/\/www.seele-und-sorge.de\/wp-content\/uploads\/2016\/06\/facebook_s_kl.png\" alt=\"facebook_s_kl\" width=\"37\" height=\"37\" \/><\/a><\/p>\n<p><a href=\"https:\/\/www.facebook.com\/Seele-und-Sorge-278815565795410\/?fref=ts\" target=\"_blank\">Besuchen Sie auch unsere facebookseite \u201eSeele &amp; Sorge\u201c<\/a><\/p>\n","protected":false},"excerpt":{"rendered":"<p>DIAKONISCHE PILGERREISEN: DER BLOG Wir entdecken Diakonische Pilgerorte \u2013 diesmal auf der Spur von: Rainer Adomat \u201eIn der Aura dieses&#8230; <a href=\"https:\/\/www.seele-und-sorge.de\/?page_id=2368\">read more<\/a><\/p>\n","protected":false},"author":1,"featured_media":0,"parent":1911,"menu_order":46,"comment_status":"closed","ping_status":"closed","template":"","meta":{"footnotes":""},"class_list":["post-2368","page","type-page","status-publish","hentry"],"_links":{"self":[{"href":"https:\/\/www.seele-und-sorge.de\/index.php?rest_route=\/wp\/v2\/pages\/2368"}],"collection":[{"href":"https:\/\/www.seele-und-sorge.de\/index.php?rest_route=\/wp\/v2\/pages"}],"about":[{"href":"https:\/\/www.seele-und-sorge.de\/index.php?rest_route=\/wp\/v2\/types\/page"}],"author":[{"embeddable":true,"href":"https:\/\/www.seele-und-sorge.de\/index.php?rest_route=\/wp\/v2\/users\/1"}],"replies":[{"embeddable":true,"href":"https:\/\/www.seele-und-sorge.de\/index.php?rest_route=%2Fwp%2Fv2%2Fcomments&post=2368"}],"version-history":[{"count":6,"href":"https:\/\/www.seele-und-sorge.de\/index.php?rest_route=\/wp\/v2\/pages\/2368\/revisions"}],"predecessor-version":[{"id":2598,"href":"https:\/\/www.seele-und-sorge.de\/index.php?rest_route=\/wp\/v2\/pages\/2368\/revisions\/2598"}],"up":[{"embeddable":true,"href":"https:\/\/www.seele-und-sorge.de\/index.php?rest_route=\/wp\/v2\/pages\/1911"}],"wp:attachment":[{"href":"https:\/\/www.seele-und-sorge.de\/index.php?rest_route=%2Fwp%2Fv2%2Fmedia&parent=2368"}],"curies":[{"name":"wp","href":"https:\/\/api.w.org\/{rel}","templated":true}]}}