{"id":2124,"date":"2016-07-20T14:27:54","date_gmt":"2016-07-20T14:27:54","guid":{"rendered":"http:\/\/www.seele-und-sorge.de\/?page_id=2124"},"modified":"2016-12-13T11:52:05","modified_gmt":"2016-12-13T11:52:05","slug":"kraftorte-interview-mit-christoph-radbruch-vorsteher-und-vorstandsvorsitzender-der-pfeifferschen-stiftungen-magdeburg","status":"publish","type":"page","link":"https:\/\/www.seele-und-sorge.de\/?page_id=2124","title":{"rendered":"Kraftorte: Interview mit Christoph Radbruch, Vorsteher und Vorstandsvorsitzender der Pfeifferschen Stiftungen, Magdeburg"},"content":{"rendered":"<h3><a href=\"http:\/\/www.seele-und-sorge.de\/wp-content\/uploads\/2015\/01\/SuS_Logo_RGB_mit-Unterzeile-Kopie.png\"><img loading=\"lazy\" decoding=\"async\" class=\"aligncenter size-medium wp-image-857\" src=\"http:\/\/www.seele-und-sorge.de\/wp-content\/uploads\/2015\/01\/SuS_Logo_RGB_mit-Unterzeile-Kopie-300x107.png\" alt=\"SuS_Logo_RGB_mit Unterzeile Kopie\" width=\"300\" height=\"107\" srcset=\"https:\/\/www.seele-und-sorge.de\/wp-content\/uploads\/2015\/01\/SuS_Logo_RGB_mit-Unterzeile-Kopie-300x107.png 300w, https:\/\/www.seele-und-sorge.de\/wp-content\/uploads\/2015\/01\/SuS_Logo_RGB_mit-Unterzeile-Kopie.png 576w\" sizes=\"(max-width: 300px) 100vw, 300px\" \/><\/a><\/h3>\n<h3 style=\"text-align: center;\"><span style=\"color: #8ab310;\">DIAKONISCHE PILGERREISEN: <span style=\"color: #eb910c;\">DER BLOG<\/span><\/span><\/h3>\n<h3 style=\"text-align: center;\"><strong>Wir entdecken Diakonische Pilgerorte \u2013<\/strong><br \/>\n<strong>diesmal auf der Spur von: Christoph Radbruch <\/strong><\/h3>\n<table style=\"height: 436px;\" width=\"716\">\n<tbody>\n<tr>\n<td width=\"232\"><a href=\"http:\/\/www.seele-und-sorge.de\/wp-content\/uploads\/2016\/07\/Pfeiffersche.jpg\"><img loading=\"lazy\" decoding=\"async\" class=\"aligncenter wp-image-2126 size-full\" src=\"http:\/\/www.seele-und-sorge.de\/wp-content\/uploads\/2016\/07\/Pfeiffersche.jpg\" alt=\"\" width=\"343\" height=\"219\" srcset=\"https:\/\/www.seele-und-sorge.de\/wp-content\/uploads\/2016\/07\/Pfeiffersche.jpg 343w, https:\/\/www.seele-und-sorge.de\/wp-content\/uploads\/2016\/07\/Pfeiffersche-300x192.jpg 300w\" sizes=\"(max-width: 343px) 100vw, 343px\" \/><\/a><\/p>\n<p class=\"p1\"><span class=\"s1\">\u201eDie Pfeifferschen Stiftungen sind immer noch ein eigener kleiner, durch eine Mauer abgetrennter, Stadtteil im Stadtteil. Ich w\u00fcrde gerne das Gel\u00e4nde so \u00f6ffnen, dass der besondere Geist, den das Ensemble von traditionellen Backsteinbauten ausstrahlt, erhalten bleibt und doch die \u00d6ffnung in den Stadtteil hinein gelingt.<\/span>\u201c<\/p>\n<\/td>\n<td width=\"232\"><a href=\"http:\/\/www.seele-und-sorge.de\/wp-content\/uploads\/2016\/07\/Radbruch_2017.gif\"><img loading=\"lazy\" decoding=\"async\" class=\"aligncenter wp-image-2129 size-full\" src=\"http:\/\/www.seele-und-sorge.de\/wp-content\/uploads\/2016\/07\/Radbruch_2017.gif\" alt=\"\" width=\"344\" height=\"219\" \/><\/a><\/p>\n<p>Christoph Radbruch ist Vorsteher und Vorstandsvorsitzender der Pfeifferschen Stiftungen in Magdeburg. Davor war er Gemeindepfarrer und Superintendent in Duisburg. Ehrenamtlich vertritt er als Vorsitzender des Deutschen Evangelischen Krankenhausverbandes die Interessen der diakonischen Krankenh\u00e4user in der Politik und Gesellschaft sowie in den Gremien der Diakonie und der Deutschen Krankenhausgesellschaft.<\/td>\n<\/tr>\n<\/tbody>\n<\/table>\n<p><strong>Sie besch\u00e4ftigen sich beruflich und\/oder ehrenamtlich mit Diakonie. Was liegt Ihnen dabei besonders am Herzen?<br \/>\n<\/strong>Diakonie ist der Praxistest der Kirche, ist gelebter Glaube. Damit ist diakonisches Handeln auch verwechselbar. Dies entspricht der Wirklichkeit Gottes. Gott betritt in der Person Jesu von Nazareth Raum und Zeit des Menschen, er bedient sich menschlicher Sprache, kommt in den Alltag der Menschen und macht sich dadurch selber verletzlich und verwechselbar. So wie nur durch die Deutung des Glauben in Jesus Gott zu erkennen ist , muss auch das Diakonische im fachlichen Handeln der Mitarbeitenden durch Deutung als diakonisch identifiziert werden. Deswegen ist es so wichtig, dass es Menschen gibt, die in der Lage sind die lange Geschichte der Diakonie und der sie tragenden christlichen Tradition in die heutige Zeit zu \u00fcbersetzen und so die christliche Deutung unserer Arbeit zur Sprache zu bringen.<\/p>\n<p><strong>Gibt es eine pers\u00f6nliche Erfahrung, die Ihnen den Kern diakonischer Arbeit existenziell vor Augen gef\u00fchrt hat?<br \/>\n<\/strong>W\u00e4hrend der \u00fcber zwanzig Jahre, die ich in einem Pfarrhaus gelebt habe, kamen regelm\u00e4\u00dfig Menschen in Not an meine Haust\u00fcr. Die Hoffnung war, beim Pfarrer wird mir erst einmal weitergeholfen ohne lange Antr\u00e4ge oder viele Fragen. Alle Fragen, die mit dem Thema Helfen zusammenh\u00e4ngen, habe ich an der Haust\u00fcr erlebt. Werde ich belogen und ausgen\u00fctzt? Ist meine Hilfe sinnvoll? Wie kann ich die Ursache \u00e4ndern ohne nur ein Notpflaster zu verteilen? Wo kann ich eine Grenze ziehen, weil ich keine Kraft mehr habe? Und viele mehr.<\/p>\n<p><strong>An welchem Ort (in welcher Einrichtung, in welchem Haus oder Raum) ist Diakonie f\u00fcr Sie in besonderer Weise sichtbar und erfahrbar geworden und was hat Sie dort fasziniert?<br \/>\n<\/strong>Vor drei Jahren haben wir einen Teil der ehemaligen Geburtsklinik der Stiftungen zu einem Kinderhospiz umgebaut und es ist gelungen dort sehr freundliche R\u00e4ume zu gestalten. Ich bin immer wieder beeindruckt, wie lebendig es dort zugeht, und die Umwandlung von der Geburtsklinik zum Kinderhospiz macht deutlich, dass Diakonie vor allem auch an den R\u00e4ndern des Lebens gefragt ist.<\/p>\n<p><strong>Was macht Ihrer Meinung nach einen \u2013 oder diesen \u2013 \u201ediakonischen Ort\u201c zum spirituellen Kraftort (Geschichte, Gestaltung, Personen \u2026)?<br \/>\n<\/strong>Bei aller Trauer, Melancholie, Verzweiflung auf der einen Seite erlebe ich immer wieder eine Fr\u00f6hlichkeit und Zuversicht im Angesicht des Todes, die mir Mut macht.<\/p>\n<p><strong>Was w\u00fcrden Sie in Ihrem Arbeitsumfeld r\u00e4umlich \u00e4ndern, wenn Sie die Freiheit und Mittel dazu h\u00e4tten, damit die Arbeit, die Ihnen am Herzen liegt, noch besser gelingt?<br \/>\n<\/strong>Die Pfeifferschen Stiftungen sind immer noch ein eigener kleiner, durch eine Mauer abgetrennter, Stadtteil im Stadtteil. Ich w\u00fcrde gerne das Gel\u00e4nde so \u00f6ffnen, dass der besondere Geist, den das Ensemble von traditionellen Backsteinbauten ausstrahlt, erhalten bleibt und doch die \u00d6ffnung in den Stadtteil hinein gelingt.<\/p>\n<p><strong>Und sonst? Haben Sie weitere Gedanken, Anmerkungen, Anregungen zur Bedeutung \u2013 und vielleicht auch zur Relativierung \u2013 diakonischer Orte?<br \/>\n<\/strong>Auf der einen Seite ist es ja so, dass die R\u00e4ume \u201emitpredigen\u201c und die Gestaltung von Geb\u00e4uden auch etwas \u00fcber den Geist aussagt, der in den R\u00e4umen herrscht. Auf der anderen Seite ist das Bild f\u00fcr das wandernde Gottesvolk auch das Zelt in der W\u00fcste. Deswegen sollten wir uns immer wieder daran erinnern lassen, dass Geb\u00e4ude keine \u201eImmobilien\u201c werden, die uns unbeweglich machen.<\/p>\n<p>Vielen Dank!<\/p>\n<p>Link zur Webseite:\u00a0<a href=\"http:\/\/www.pfeiffersche-stiftungen.de\" target=\"_blank\">www.pfeiffersche-stiftungen.de<\/a><\/p>\n<p><a href=\"http:\/\/www.seele-und-sorge.de\/?page_id=1466\"><img loading=\"lazy\" decoding=\"async\" class=\"alignleft size-full wp-image-1918\" src=\"http:\/\/www.seele-und-sorge.de\/wp-content\/uploads\/2016\/05\/pilgerreisen.jpg\" alt=\"pilgerreisen\" width=\"239\" height=\"96\" \/><\/a><a href=\"http:\/\/www.seele-und-sorge.de\/?page_id=1466\">Hier klicken um die Angebote: Pilgerreisen 2016\/ 2017 zu sehen. Viel Spa\u00df beim Lesen.<\/a><\/p>\n<p><a href=\"https:\/\/www.facebook.com\/Seele-und-Sorge-278815565795410\/?fref=ts\" target=\"_blank\"><img loading=\"lazy\" decoding=\"async\" class=\"alignleft size-full wp-image-2023\" src=\"http:\/\/www.seele-und-sorge.de\/wp-content\/uploads\/2016\/06\/facebook_s_kl.png\" alt=\"facebook_s_kl\" width=\"37\" height=\"37\" \/><\/a><\/p>\n<p><a href=\"https:\/\/www.facebook.com\/Seele-und-Sorge-278815565795410\/?fref=ts\" target=\"_blank\">Besuchen Sie auch unsere facebookseite \u201eSeele &amp; Sorge\u201c<\/a><\/p>\n","protected":false},"excerpt":{"rendered":"<p>DIAKONISCHE PILGERREISEN: DER BLOG Wir entdecken Diakonische Pilgerorte \u2013 diesmal auf der Spur von: Christoph Radbruch \u201eDie Pfeifferschen Stiftungen sind&#8230; <a href=\"https:\/\/www.seele-und-sorge.de\/?page_id=2124\">read more<\/a><\/p>\n","protected":false},"author":1,"featured_media":0,"parent":1911,"menu_order":47,"comment_status":"closed","ping_status":"closed","template":"","meta":{"footnotes":""},"class_list":["post-2124","page","type-page","status-publish","hentry"],"_links":{"self":[{"href":"https:\/\/www.seele-und-sorge.de\/index.php?rest_route=\/wp\/v2\/pages\/2124"}],"collection":[{"href":"https:\/\/www.seele-und-sorge.de\/index.php?rest_route=\/wp\/v2\/pages"}],"about":[{"href":"https:\/\/www.seele-und-sorge.de\/index.php?rest_route=\/wp\/v2\/types\/page"}],"author":[{"embeddable":true,"href":"https:\/\/www.seele-und-sorge.de\/index.php?rest_route=\/wp\/v2\/users\/1"}],"replies":[{"embeddable":true,"href":"https:\/\/www.seele-und-sorge.de\/index.php?rest_route=%2Fwp%2Fv2%2Fcomments&post=2124"}],"version-history":[{"count":6,"href":"https:\/\/www.seele-und-sorge.de\/index.php?rest_route=\/wp\/v2\/pages\/2124\/revisions"}],"predecessor-version":[{"id":2595,"href":"https:\/\/www.seele-und-sorge.de\/index.php?rest_route=\/wp\/v2\/pages\/2124\/revisions\/2595"}],"up":[{"embeddable":true,"href":"https:\/\/www.seele-und-sorge.de\/index.php?rest_route=\/wp\/v2\/pages\/1911"}],"wp:attachment":[{"href":"https:\/\/www.seele-und-sorge.de\/index.php?rest_route=%2Fwp%2Fv2%2Fmedia&parent=2124"}],"curies":[{"name":"wp","href":"https:\/\/api.w.org\/{rel}","templated":true}]}}