{"id":156,"date":"2015-02-08T20:47:49","date_gmt":"2015-02-08T20:47:49","guid":{"rendered":"http:\/\/www.seele-und-sorge.de\/?page_id=156"},"modified":"2018-04-17T19:10:47","modified_gmt":"2018-04-17T19:10:47","slug":"workshops-und-seminare","status":"publish","type":"page","link":"https:\/\/www.seele-und-sorge.de\/?page_id=156","title":{"rendered":"Workshops und Seminare (Auswahl)"},"content":{"rendered":"<h3 style=\"text-align: left;\"><span style=\"color: #db882e;\"><strong>Spiritualit\u00e4t, Engagement und Teamgeist als \u201eMehrwert\u201c sozialer Unternehmen. <\/strong><\/span><\/h3>\n<p style=\"text-align: left;\">Unter Finanzdruck und in den aktuellen Ver\u00e4nderungsprozessen mit Fusionen, Ausgr\u00fcndungen, Neustrukturierungen ist es eine besondere Herausforderung, das diakonische Profil zu erhalten und zu entwickeln. Kunden erwarten eine besondere Zuwendung, Mitarbeitende klagen \u00fcber Zeitmangel und B\u00fcrokratie. Wie kann es gelingen, in einer solchen Situation die Motivation der Mitarbeiterinnen und Mitarbeiter zu erhalten, den Teamgeist zu f\u00f6rdern und zugleich wirtschaftliche Fragen im Auge zu behalten? Angebote f\u00fcr spirituelles Auftanken spielen hier eine wichtige Rolle. In meinen Workshops wechseln sich kurze Impulse mit einer gemeinsamen Situationsanalyse und der Erarbeitung konkreter Projekte ab. Zielgruppen sind die erste und zweite F\u00fchrungsebene. M\u00f6glich sind ein halber oder ganzer Tag als Auftakt- und Schlusspunkt in einem Inhouseprozess, aber auch ein zweit\u00e4giges Seminar als Teamworkshop zum Beispiel in einer Akademie oder einem Hotel.<\/p>\n<h3 style=\"text-align: left;\"><\/h3>\n","protected":false},"excerpt":{"rendered":"<p>Spiritualit\u00e4t, Engagement und Teamgeist als \u201eMehrwert\u201c sozialer Unternehmen. Unter Finanzdruck und in den aktuellen Ver\u00e4nderungsprozessen mit Fusionen, Ausgr\u00fcndungen, Neustrukturierungen ist&#8230; <a href=\"https:\/\/www.seele-und-sorge.de\/?page_id=156\">read more<\/a><\/p>\n","protected":false},"author":1,"featured_media":0,"parent":138,"menu_order":8,"comment_status":"closed","ping_status":"closed","template":"","meta":{"footnotes":""},"class_list":["post-156","page","type-page","status-publish","hentry"],"_links":{"self":[{"href":"https:\/\/www.seele-und-sorge.de\/index.php?rest_route=\/wp\/v2\/pages\/156"}],"collection":[{"href":"https:\/\/www.seele-und-sorge.de\/index.php?rest_route=\/wp\/v2\/pages"}],"about":[{"href":"https:\/\/www.seele-und-sorge.de\/index.php?rest_route=\/wp\/v2\/types\/page"}],"author":[{"embeddable":true,"href":"https:\/\/www.seele-und-sorge.de\/index.php?rest_route=\/wp\/v2\/users\/1"}],"replies":[{"embeddable":true,"href":"https:\/\/www.seele-und-sorge.de\/index.php?rest_route=%2Fwp%2Fv2%2Fcomments&post=156"}],"version-history":[{"count":10,"href":"https:\/\/www.seele-und-sorge.de\/index.php?rest_route=\/wp\/v2\/pages\/156\/revisions"}],"predecessor-version":[{"id":3640,"href":"https:\/\/www.seele-und-sorge.de\/index.php?rest_route=\/wp\/v2\/pages\/156\/revisions\/3640"}],"up":[{"embeddable":true,"href":"https:\/\/www.seele-und-sorge.de\/index.php?rest_route=\/wp\/v2\/pages\/138"}],"wp:attachment":[{"href":"https:\/\/www.seele-und-sorge.de\/index.php?rest_route=%2Fwp%2Fv2%2Fmedia&parent=156"}],"curies":[{"name":"wp","href":"https:\/\/api.w.org\/{rel}","templated":true}]}}