{"id":154,"date":"2015-02-08T20:43:20","date_gmt":"2015-02-08T20:43:20","guid":{"rendered":"http:\/\/www.seele-und-sorge.de\/?page_id=154"},"modified":"2018-04-23T09:53:41","modified_gmt":"2018-04-23T09:53:41","slug":"vortragsthemen","status":"publish","type":"page","link":"https:\/\/www.seele-und-sorge.de\/?page_id=154","title":{"rendered":"Vortragsthemen (Auswahl)"},"content":{"rendered":"<p><a href=\"http:\/\/www.seele-und-sorge.de\/wp-content\/uploads\/2015\/03\/Vortraege_Oekumenische-Tagung-zum-ehrenamtlichen-Engagement-in-Koeln.jpg\"><img loading=\"lazy\" decoding=\"async\" class=\"alignnone wp-image-701 size-medium\" src=\"http:\/\/www.seele-und-sorge.de\/wp-content\/uploads\/2015\/03\/Vortraege_Oekumenische-Tagung-zum-ehrenamtlichen-Engagement-in-Koeln-300x225.jpg\" alt=\"Vortraege_Oekumenische Tagung zum ehrenamtlichen Engagement in Koeln\" width=\"300\" height=\"225\" srcset=\"https:\/\/www.seele-und-sorge.de\/wp-content\/uploads\/2015\/03\/Vortraege_Oekumenische-Tagung-zum-ehrenamtlichen-Engagement-in-Koeln-300x225.jpg 300w, https:\/\/www.seele-und-sorge.de\/wp-content\/uploads\/2015\/03\/Vortraege_Oekumenische-Tagung-zum-ehrenamtlichen-Engagement-in-Koeln-1024x768.jpg 1024w, https:\/\/www.seele-und-sorge.de\/wp-content\/uploads\/2015\/03\/Vortraege_Oekumenische-Tagung-zum-ehrenamtlichen-Engagement-in-Koeln.jpg 2048w\" sizes=\"(max-width: 300px) 100vw, 300px\" \/><\/a><\/p>\n<p>&nbsp;<\/p>\n<p>Als <strong>Gro\u00dfe Transformation<\/strong> bezeichnete der ungarisch-\u00f6sterreichische Wirtschaftssoziologe Karl Polanyi 1944 den Wandel der westlichen Gesellschaftsordnung im 19. und 20. Jahrhundert vorwiegend am Beispiel Englands in der Zeit der Industrialisierung. Damals kam es zu tiefgreifenden sozialen und wirtschaftlichen Ver\u00e4nderungen- zur Herausbildung von Marktwirtschaften und von Nationalstaaten. Auch in Deutschland brachen f\u00fcr viele Menschen die sozialen Zusammenh\u00e4nge, die sie getragen hatten, zusammen. <strong>Die Schattenseite der neuen Produktivit\u00e4t, des Anwachsens der St\u00e4dte und des steigenden Wohlstandes waren Arbeitslosigkeit und Armut, Wohnungsnot und in der Folge oft Kriminalit\u00e4t, allein gelassene und verwahrloste Kinder und Kranke. Damals suchten die Gr\u00fcnderinnen und Gr\u00fcnder der neuzeitlichen Diakonie wie Theodor und Friederike Fliedner in Kaiserswerth oder Johann Hinrich Wichern in Hamburg kirchliche und soziale Antworten auf diese neuen Herausforderungen<\/strong>.<\/p>\n<p>Vom Vorm\u00e4rz bis zu Bismarck gab es heftige gesellschaftliche und politische Auseinandersetzungen. Aber Gott sei Dank gab es auch <strong>christliche B\u00fcrgerinnen und B\u00fcrger, die aus ihrem Glauben heraus neue Initiativen entwickelten- wie Raiffeisen, Amalie Sieveking oder die Fliedners<\/strong>. Sie gr\u00fcndeten Vereine, sie schufen Genossenschaften, Gemeinschaften und Wahlfamilie, Kinderg\u00e4rten und Pflegeeinrichtungen, dazu neue Berufe und Ausbildungsg\u00e4nge und Quartierskonzepte f\u00fcr die St\u00e4dte. <strong>Diese Offenheit f\u00fcr neue Ideen, das b\u00fcrgerschaftliche Engagement von Stadtr\u00e4ten, Unternehmern, adeligen und b\u00fcrgerlichen Frauen und die \u00dcberzeugung, von Gott gebraucht zu werden, haben mich immer begeistert. Und sie macht mir Mut, wenn ich auf die Ver\u00e4nderungsprozesse schaue, die wir gerade erleben.<\/strong><\/p>\n<p>Zu reden ist von unsicheren Arbeitssituationen, von steigenden Mieten in den Innenst\u00e4dten, von Migration und Mobilit\u00e4t und \u2013 wie damals \u2013 von \u00fcberforderten Familien. Von Menschen, die nicht mithalten konnten in der immer schneller sich drehenden Arbeitswelt nicht mithalten k\u00f6nnen, deren traditionelle Bezugssysteme ins Wanken geraten sind. Von der Angst vieler \u00e4lterer Menschen, keine gute Pflege zu bekommen \u2013 und der Sorge der Jungen, dass die Rente nicht mehr ausreichen wird, wenn sie darauf angewiesen sind<strong>. Der klar und verl\u00e4sslich gezeichnete Rahmen, in dem viele von uns noch aufgewachsen sind, hat sich aufgel\u00f6st \u2013 das gilt f\u00fcr Geschlechterrollen wie f\u00fcr Familienbilder, f\u00fcr Biographien wie f\u00fcr Berufswege<\/strong>. Heute wohnen die allermeisten Menschen nicht mehr an dem Platz, an dem sie arbeiten, ja- sie wechseln Wohnort und Arbeitsplatz und auch Familienkonstellation und Lebensform oft mehrfach im Leben. Wir erleben, wie Ehen und Partnerschaften zerbrechen, und <strong>wie auch der Glaube sich verfl\u00fcchtigt in unserer s\u00e4kularen, vielf\u00e4ltigen Welt. Was kann die Kirche, k\u00f6nnen Christinnen und Christen heute zum Wandel beitragen? <\/strong><\/p>\n<p><strong>Diese Frage steht im Hintergrund, wenn ich auf aktuelle Themen schaue: auf die alternde Gesellschaft, die Fragen der Inklusion, auf Quartiersarbeit und Ehrenamt, auf Familienpolitik und die Zukunft diakonischer Unternehmen und Gemeinschaften. Hier finden Sie meine aktuellen Vortragsthemen<\/strong>: Worum es mir geht, welche Erfahrungen ich dazu mitbringe, welche Ver\u00f6ffentlichungen ich beigetragen habe<strong>. Gern lasse ich mich zu einem Vortrag oder auch zu einer Tagung oder eigenen Veranstaltung einladen und bringe mich, wenn gew\u00fcnscht, auch in die Vorbereitung ein.<\/strong><\/p>\n","protected":false},"excerpt":{"rendered":"<p>&nbsp; Als Gro\u00dfe Transformation bezeichnete der ungarisch-\u00f6sterreichische Wirtschaftssoziologe Karl Polanyi 1944 den Wandel der westlichen Gesellschaftsordnung im 19. und 20&#8230;. <a href=\"https:\/\/www.seele-und-sorge.de\/?page_id=154\">read more<\/a><\/p>\n","protected":false},"author":1,"featured_media":0,"parent":138,"menu_order":7,"comment_status":"closed","ping_status":"closed","template":"","meta":{"footnotes":""},"class_list":["post-154","page","type-page","status-publish","hentry"],"_links":{"self":[{"href":"https:\/\/www.seele-und-sorge.de\/index.php?rest_route=\/wp\/v2\/pages\/154"}],"collection":[{"href":"https:\/\/www.seele-und-sorge.de\/index.php?rest_route=\/wp\/v2\/pages"}],"about":[{"href":"https:\/\/www.seele-und-sorge.de\/index.php?rest_route=\/wp\/v2\/types\/page"}],"author":[{"embeddable":true,"href":"https:\/\/www.seele-und-sorge.de\/index.php?rest_route=\/wp\/v2\/users\/1"}],"replies":[{"embeddable":true,"href":"https:\/\/www.seele-und-sorge.de\/index.php?rest_route=%2Fwp%2Fv2%2Fcomments&post=154"}],"version-history":[{"count":5,"href":"https:\/\/www.seele-und-sorge.de\/index.php?rest_route=\/wp\/v2\/pages\/154\/revisions"}],"predecessor-version":[{"id":3718,"href":"https:\/\/www.seele-und-sorge.de\/index.php?rest_route=\/wp\/v2\/pages\/154\/revisions\/3718"}],"up":[{"embeddable":true,"href":"https:\/\/www.seele-und-sorge.de\/index.php?rest_route=\/wp\/v2\/pages\/138"}],"wp:attachment":[{"href":"https:\/\/www.seele-und-sorge.de\/index.php?rest_route=%2Fwp%2Fv2%2Fmedia&parent=154"}],"curies":[{"name":"wp","href":"https:\/\/api.w.org\/{rel}","templated":true}]}}